{"id":4422,"date":"2015-08-12T12:27:19","date_gmt":"2015-08-12T10:27:19","guid":{"rendered":"https:\/\/vilniauspaminklai.lt\/o-nas\/"},"modified":"2026-01-16T17:35:52","modified_gmt":"2026-01-16T15:35:52","slug":"o-nas","status":"publish","type":"page","link":"https:\/\/vilniauspaminklai.lt\/pl\/o-nas\/","title":{"rendered":"O nas"},"content":{"rendered":"<div class=\"wpb-content-wrapper\"><p>[vc_row][vc_column][vc_column_text css=&#8221;.vc_custom_1766226518247{margin-top: 32px !important;margin-bottom: 32px !important;}&#8221;]<\/p>\n<h1 style=\"text-align: left;\"><small>\u201eVILNIAUS PAMINKLAI\u201d \u2013 PRODUKCJA POMNIK\u00d3W NAJWY\u017bSZEJ JAKO\u015aCI I PROJEKTOWANIE GROB\u00d3W<\/small><\/h1>\n<p style=\"text-align: left;\">(znak towarowy \u201eVilniaus paminklai\u201d nale\u017cy do UAB OVISTA)<\/p>\n<p>[\/vc_column_text][\/vc_column][\/vc_row][vc_row css=&#8221;.vc_custom_1748435765423{margin-bottom: 48px !important;}&#8221;][vc_column][vc_column_text css=&#8221;&#8221;]<\/p>\n<p style=\"text-align: left;\">\u201eVilniaus paminklai\u201d \u2013 produkcja pomnik\u00f3w najwy\u017cszej jako\u015bci i projektowanie grob\u00f3w. Znak towarowy \u201eVilniaus paminklai\u201d nale\u017cy do UAB \u201eOvista\u201d, s\u0142yn\u0105cej z profesjonalizmu i odpowiedzialnego podej\u015bcia, prac najwy\u017cszego kunsztu. Oferowane s\u0105 tu profesjonalne us\u0142ugi, kt\u00f3rych podstaw\u0105 jest produkcja pomnik\u00f3w i projektowanie grob\u00f3w, spe\u0142niaj\u0105ce najwy\u017csze standardy jako\u015bci i estetyki. Tworzone przez nas pomniki to eleganckie i trwa\u0142e dzie\u0142a, uciele\u015bniaj\u0105ce szacunek dla zmar\u0142ych bliskich. Subtelny design, wysokiej jako\u015bci materia\u0142y i staranna praca \u0142\u0105cz\u0105 si\u0119 w sp\u00f3jn\u0105 ca\u0142o\u015b\u0107, pomagaj\u0105c stworzy\u0107 spokojne, pe\u0142ne szacunku i godne otoczenie grobu, w kt\u00f3rym \u017cywa pami\u0119\u0107 staje si\u0119 wieczn\u0105 wi\u0119zi\u0105.    <\/p>\n<p style=\"text-align: left;\">UAB \u201eOvista\u201d gwarantuje, \u017ce ka\u017cdy stworzony pomnik stanie si\u0119 cennym obiektem wiecznej pami\u0119ci, kt\u00f3ry pozostanie w nienagannym stanie przez dziesi\u0119ciolecia.<\/p>\n<p>[\/vc_column_text][\/vc_column][\/vc_row][vc_row][vc_column][vc_column_text css=&#8221;.vc_custom_1748434446713{margin-top: 32px !important;margin-bottom: 32px !important;}&#8221;]<\/p>\n<h2 style=\"text-align: left;\">Co zyskujesz, wsp\u00f3\u0142pracuj\u0105c z nami?<\/h2>\n<p>[\/vc_column_text][\/vc_column][\/vc_row][vc_row css=&#8221;.vc_custom_1748434328436{margin-bottom: 32px !important;}&#8221;][vc_column width=&#8221;1\/2&#8243;][vc_custom_heading text=&#8221;PRODUKCJA POMNIK\u00d3W NAJWY\u017bSZEJ JAKO\u015aCI PREMIUM&#8221; font_container=&#8221;tag:h3|font_size:18px|text_align:left&#8221; use_theme_fonts=&#8221;yes&#8221;][vc_empty_space height=&#8221;24px&#8221;][vc_column_text css=&#8221;&#8221;]<\/p>\n<ul>\n<li>Wysokiej jako\u015bci gatunki granitu ze Szwecji, Norwegii, Ukrainy, Indii.<\/li>\n<li>Technologia CNC zapewniaj\u0105ca precyzyjn\u0105 obr\u00f3bk\u0119 granitu<\/li>\n<li>Udzielana jest 5-letnia gwarancja na wszystkie produkty<\/li>\n<\/ul>\n<p>[\/vc_column_text][\/vc_column][vc_column width=&#8221;1\/2&#8243;][vc_custom_heading text=&#8221;PROFESJONALNE PROJEKTOWANIE GROB\u00d3W&#8221; font_container=&#8221;tag:h3|font_size:18px|text_align:left&#8221; use_theme_fonts=&#8221;yes&#8221;][vc_empty_space height=&#8221;24px&#8221;][vc_column_text css=&#8221;&#8221;]<\/p>\n<ul>\n<li>Kompleksowy plan zagospodarowania grobu<\/li>\n<li>Dob\u00f3r harmonijnych rozwi\u0105za\u0144 projektowych<\/li>\n<li>Rekomendacje dotycz\u0105ce uporz\u0105dkowania terenu<\/li>\n<\/ul>\n<p>[\/vc_column_text][\/vc_column][\/vc_row][vc_row css=&#8221;.vc_custom_1748434790229{margin-bottom: 32px !important;}&#8221;][vc_column width=&#8221;1\/2&#8243;][vc_custom_heading text=&#8221;DARMOWE KONSULTACJE&#8221; font_container=&#8221;tag:h3|font_size:18px|text_align:left&#8221; use_theme_fonts=&#8221;yes&#8221;][vc_empty_space height=&#8221;24px&#8221;][vc_column_text css=&#8221;&#8221;]<\/p>\n<ul>\n<li>Wizyta eksperta na grobie<\/li>\n<li>Dob\u00f3r materia\u0142\u00f3w i wzornictwa<\/li>\n<li>Szczeg\u00f3\u0142owy plan przebiegu prac<\/li>\n<\/ul>\n<p>[\/vc_column_text][\/vc_column][vc_column width=&#8221;1\/2&#8243;][vc_custom_heading text=&#8221;KOMPLEKSOWY PAKIET US\u0141UG&#8221; font_container=&#8221;tag:h3|font_size:18px|text_align:left&#8221; use_theme_fonts=&#8221;yes&#8221;][vc_empty_space height=&#8221;24px&#8221;][vc_column_text css=&#8221;&#8221;]<\/p>\n<ul>\n<li>Indywidualne projektowanie<\/li>\n<li>Artystyczne grawerowanie<\/li>\n<li>Monta\u017c i uporz\u0105dkowanie<\/li>\n<li>Us\u0142ugi piel\u0119gnacyjne<\/li>\n<\/ul>\n<p>[\/vc_column_text][\/vc_column][\/vc_row][vc_row css=&#8221;.vc_custom_1748435783524{margin-bottom: 64px !important;}&#8221;][vc_column width=&#8221;1\/2&#8243;][vc_custom_heading text=&#8221;DLACZEGO WARTO NAS WYBRA\u0106?&#8221; font_container=&#8221;tag:h3|font_size:18px|text_align:left&#8221; use_theme_fonts=&#8221;yes&#8221;][vc_empty_space height=&#8221;24px&#8221;][vc_column_text css=&#8221;&#8221;]<\/p>\n<ul>\n<li>26 lat do\u015bwiadczenia na rynku nagrobk\u00f3w i pomnik\u00f3w<\/li>\n<li>Ponad 5000 pomy\u015blnie zrealizowanych projekt\u00f3w<\/li>\n<li>98% zadowolonych klient\u00f3w<\/li>\n<li>Wszystkie materia\u0142y s\u0105 certyfikowane<\/li>\n<\/ul>\n<p>[\/vc_column_text][\/vc_column][vc_column width=&#8221;1\/2&#8243;][vc_custom_heading text=&#8221;JAK ZAM\u00d3WI\u0106?&#8221; font_container=&#8221;tag:h3|font_size:18px|text_align:left&#8221; use_theme_fonts=&#8221;yes&#8221;][vc_empty_space height=&#8221;24px&#8221;][vc_column_text css=&#8221;&#8221;]Odwied\u017a: Girait\u0117s g. 4, Wilno (godziny pracy: pon.-pt. 9:00-18:00)<br \/>\nZadzwo\u0144:<a href=\"tel:+37060174931\"> +370 601 74931<\/a><br \/>\nE-mail: <a href=\"mailto:info@vilniauspaminklai.lt\">info@vilniauspaminklai.lt<\/a><br \/>\nInternet: <a href=\"https:\/\/vilniauspaminklai.lt\/pl\/\">www.vilniauspaminklai.lt<\/a>[\/vc_column_text][\/vc_column][\/vc_row][vc_row type=&#8221;boxed&#8221; max_width=&#8221;1280&#8243; css=&#8221;.vc_custom_1746516591955{margin-bottom: 64px !important;}&#8221;][vc_column][vc_column_text css=&#8221;.vc_custom_1766226486746{margin-bottom: 12px !important;}&#8221;]<\/p>\n<h2 style=\"text-align: left;\"><small>Lot dronem nad placem pomnik\u00f3w \u2013 spojrzenie z g\u00f3ry<\/small><\/h2>\n<p>[\/vc_column_text][vc_column_text css=&#8221;.vc_custom_1766226499993{margin-bottom: 0px !important;}&#8221;]Sp\u00f3jrz z lotu ptaka \u2013 na tym nagraniu dron wznosi si\u0119 nad naszym placem pomnik\u00f3w, ukazuj\u0105c szeroki wyb\u00f3r i uporz\u0105dkowan\u0105 ekspozycj\u0119. Doskona\u0142a okazja, aby zapozna\u0107 si\u0119 z oferowanymi produktami bez wychodzenia z domu.[\/vc_column_text][\/vc_column][\/vc_row][vc_row type=&#8221;boxed&#8221; max_width=&#8221;1280&#8243; css=&#8221;.vc_custom_1746516599755{margin-bottom: 64px !important;background-position: center !important;background-repeat: no-repeat !important;background-size: cover !important;}&#8221;][vc_column][vc_raw_html css=&#8221;&#8221;]PGRpdiBzdHlsZT0icG9zaXRpb246IHJlbGF0aXZlOyBwYWRkaW5nLWJvdHRvbTogNTYuMjUlOyBoZWlnaHQ6IDA7IG92ZXJmbG93OiBoaWRkZW47Ij4KICAgIDxpZnJhbWUgc3JjPSJodHRwczovL3d3dy55b3V0dWJlLmNvbS9lbWJlZC9GUklLRDc0b0pZbz9hdXRvcGxheT0xJmFtcDtjb250cm9scz0wJmFtcDtsb29wPTEmYW1wO3BsYXlsaXN0PUZSSUtENzRvSllvJmFtcDttdXRlPTEmYW1wO3JlbD0wIiBzdHlsZT0icG9zaXRpb246IGFic29sdXRlOyB0b3A6MDsgbGVmdDowOyB3aWR0aDoxMDAlOyBoZWlnaHQ6MTAwJTsgcG9pbnRlci1ldmVudHM6IG5vbmU7IiBmcmFtZWJvcmRlcj0iMCIgYWxsb3c9ImF1dG9wbGF5OyBlbmNyeXB0ZWQtbWVkaWEiIGFsbG93ZnVsbHNjcmVlbj0iIj4KICAgIDwvaWZyYW1lPgo8L2Rpdj4=[\/vc_raw_html][\/vc_column][\/vc_row][vc_row type=&#8221;boxed&#8221; max_width=&#8221;1280&#8243; css=&#8221;.vc_custom_1746516583407{margin-bottom: 64px !important;}&#8221;][vc_column]    <!-- CTA baneris -->\n    <section class=\"join-installers-banner \">\n      <div class=\"banner-content\">\n        <h2>Otrzymaj ofert\u0119 lub porad\u0119<\/h2>\n        <p>Skontaktuj si\u0119 i otrzymaj osobist\u0105 ofert\u0119 oraz profesjonaln\u0105 konsultacj\u0119 dotycz\u0105c\u0105 produkcji lub renowacji pomnika.<\/p>\n        <p class=\"contact-line\">\n          <strong>Telefon:<\/strong>\n                      <a href=\"tel:+37060966044\">+370 609 66044<\/a>\n                    &nbsp;&nbsp;|&nbsp;&nbsp;\n          <strong>E-mail:<\/strong>\n                      <a href=\"mailto:preky&#098;a&#064;vi&#108;n&#105;ausp&#097;&#109;&#105;nklai&#046;&#108;&#116;\">preky&#098;a&#064;vi&#108;n&#105;ausp&#097;&#109;&#105;nklai&#046;&#108;&#116;<\/a>\n                  <\/p>\n\n        <button id=\"openInstallerPopup\" class=\"cta-btn\" type=\"button\">\n          Gauti konsultacij\u0105        <\/button>\n      <\/div>\n    <\/section>\n\n    <!-- Pop-up -->\n    <div id=\"installerPopup\" class=\"popup-overlay\" aria-hidden=\"true\" role=\"dialog\">\n      <div class=\"popup-content\" role=\"document\">\n        <button id=\"closeInstallerPopup\" class=\"close-popup\" type=\"button\" aria-label=\"U\u017edaryti\">&times;<\/button>\n\n        <h2>Konsultacijos u\u017eklausa<\/h2>\n        <p>Palikite savo kontaktus \u2014 susisieksime.<\/p>\n        <div class=\"contact-line\">\n                      <span class=\"citem\"><strong>Telefon:<\/strong> <a href=\"tel:+37060966044\">+370 609 66044<\/a><\/span>\n          \n                      <span class=\"divider\" aria-hidden=\"true\">|<\/span>\n          \n                      <span class=\"citem\"><strong>E-mail:<\/strong> <a href=\"mailto:preky&#098;a&#064;vi&#108;n&#105;ausp&#097;&#109;&#105;nklai&#046;&#108;&#116;\">preky&#098;a&#064;vi&#108;n&#105;ausp&#097;&#109;&#105;nklai&#046;&#108;&#116;<\/a><\/span>\n                  <\/div>\n\n        <div class=\"popup-form\">\n          \n<div class=\"wpcf7 no-js\" id=\"wpcf7-f5779-o1\" lang=\"pl-PL\" dir=\"ltr\" data-wpcf7-id=\"5779\">\n<div class=\"screen-reader-response\"><p role=\"status\" aria-live=\"polite\" aria-atomic=\"true\"><\/p> <ul><\/ul><\/div>\n<form action=\"\/pl\/wp-json\/wp\/v2\/pages\/4422#wpcf7-f5779-o1\" method=\"post\" class=\"wpcf7-form init\" aria-label=\"Formularz kontaktowy\" novalidate=\"novalidate\" data-status=\"init\">\n<fieldset class=\"hidden-fields-container\"><input type=\"hidden\" name=\"_wpcf7\" value=\"5779\" \/><input type=\"hidden\" name=\"_wpcf7_version\" value=\"6.1.5\" \/><input type=\"hidden\" name=\"_wpcf7_locale\" value=\"pl_PL\" \/><input type=\"hidden\" name=\"_wpcf7_unit_tag\" value=\"wpcf7-f5779-o1\" \/><input type=\"hidden\" name=\"_wpcf7_container_post\" value=\"0\" \/><input type=\"hidden\" name=\"_wpcf7_posted_data_hash\" value=\"\" \/>\n<\/fieldset>\n<div class=\"wpcf7-turnstile cf-turnstile\" data-sitekey=\"0x4AAAAAAChEb2UTPansgMBv\" data-response-field-name=\"_wpcf7_turnstile_response\"><\/div>\n\n<p class=\"half\"><span class=\"wpcf7-form-control-wrap\" data-name=\"your-name\"><input size=\"40\" maxlength=\"400\" class=\"wpcf7-form-control wpcf7-text wpcf7-validates-as-required\" aria-required=\"true\" aria-invalid=\"false\" placeholder=\"Nazwa *\" value=\"\" type=\"text\" name=\"your-name\" \/><\/span>\n<\/p>\n<p class=\"half\"><span class=\"wpcf7-form-control-wrap\" data-name=\"your-phone\"><input size=\"40\" maxlength=\"400\" class=\"wpcf7-form-control wpcf7-text wpcf7-validates-as-required\" autocomplete=\"tel\" aria-required=\"true\" aria-invalid=\"false\" placeholder=\"Telefon *.\" value=\"\" type=\"text\" name=\"your-phone\" \/><\/span>\n<\/p>\n<p><span class=\"wpcf7-form-control-wrap\" data-name=\"your-email\"><input size=\"40\" maxlength=\"400\" class=\"wpcf7-form-control wpcf7-email wpcf7-validates-as-required wpcf7-text wpcf7-validates-as-email\" autocomplete=\"email\" aria-required=\"true\" aria-invalid=\"false\" placeholder=\"Email *\" value=\"\" type=\"email\" name=\"your-email\" \/><\/span>\n<\/p>\n<p><span class=\"wpcf7-form-control-wrap\" data-name=\"your-message\"><textarea cols=\"10\" rows=\"3\" maxlength=\"2000\" class=\"wpcf7-form-control wpcf7-textarea\" aria-invalid=\"false\" placeholder=\"Raport\" name=\"your-message\"><\/textarea><\/span>\n<\/p>\n<p><input class=\"wpcf7-form-control wpcf7-submit has-spinner\" type=\"submit\" value=\"Wy\u015blij do\" \/>\n<\/p><p style=\"display: none !important;\" class=\"akismet-fields-container\" data-prefix=\"_wpcf7_ak_\"><label>&#916;<textarea name=\"_wpcf7_ak_hp_textarea\" cols=\"45\" rows=\"8\" maxlength=\"100\"><\/textarea><\/label><input type=\"hidden\" id=\"ak_js_1\" name=\"_wpcf7_ak_js\" value=\"165\"\/><script>document.getElementById( \"ak_js_1\" ).setAttribute( \"value\", ( new Date() ).getTime() );<\/script><\/p><div class=\"wpcf7-response-output\" aria-hidden=\"true\"><\/div>\n<\/form>\n<\/div>\n        <\/div>\n      <\/div>\n    <\/div>\n[\/vc_column][\/vc_row]<\/p>\n<\/div>","protected":false},"excerpt":{"rendered":"<p>[vc_row][vc_column][vc_column_text css=&#8221;.vc_custom_1766226518247{margin-top: 32px !important;margin-bottom: 32px !important;}&#8221;] \u201eVILNIAUS PAMINKLAI\u201d \u2013 PRODUKCJA POMNIK\u00d3W NAJWY\u017bSZEJ JAKO\u015aCI I PROJEKTOWANIE GROB\u00d3W (znak towarowy \u201eVilniaus paminklai\u201d nale\u017cy do UAB OVISTA) [\/vc_column_text][\/vc_column][\/vc_row][vc_row css=&#8221;.vc_custom_1748435765423{margin-bottom: 48px !important;}&#8221;][vc_column][vc_column_text css=&#8221;&#8221;] \u201eVilniaus paminklai\u201d \u2013 produkcja pomnik\u00f3w najwy\u017cszej jako\u015bci i projektowanie grob\u00f3w. Znak towarowy \u201eVilniaus paminklai\u201d nale\u017cy do UAB \u201eOvista\u201d, s\u0142yn\u0105cej z profesjonalizmu i odpowiedzialnego podej\u015bcia, prac najwy\u017cszego &hellip;<\/p>\n","protected":false},"author":1,"featured_media":4423,"parent":0,"menu_order":0,"comment_status":"closed","ping_status":"closed","template":"","meta":{"_acf_changed":false,"inline_featured_image":false,"footnotes":""},"class_list":["post-4422","page","type-page","status-publish","has-post-thumbnail","hentry"],"acf":[],"yoast_head":"<!-- This site is optimized with the Yoast SEO plugin v27.3 - https:\/\/yoast.com\/product\/yoast-seo-wordpress\/ -->\n<title>Produkcja pomnik\u00f3w | Projektowanie grob\u00f3w | Vilniauspaminklai.lt<\/title>\n<meta name=\"description\" content=\"Profesjonalna produkcja pomnik\u00f3w w Wilnie i na ca\u0142ej Litwie. Projektowanie grob\u00f3w, produkcja i monta\u017c nagrobk\u00f3w, p\u0142yt. Ponad 20 lat do\u015bwiadczenia.\" \/>\n<meta name=\"robots\" content=\"index, follow, max-snippet:-1, max-image-preview:large, max-video-preview:-1\" \/>\n<link rel=\"canonical\" href=\"https:\/\/vilniauspaminklai.lt\/pl\/o-nas\/\" \/>\n<meta property=\"og:locale\" content=\"pl_PL\" \/>\n<meta property=\"og:type\" content=\"article\" \/>\n<meta property=\"og:title\" content=\"Produkcja pomnik\u00f3w | Projektowanie grob\u00f3w | Vilniauspaminklai.lt\" \/>\n<meta property=\"og:description\" content=\"Profesjonalna produkcja pomnik\u00f3w w Wilnie i na ca\u0142ej Litwie. Projektowanie grob\u00f3w, produkcja i monta\u017c nagrobk\u00f3w, p\u0142yt. Ponad 20 lat do\u015bwiadczenia.\" \/>\n<meta property=\"og:url\" content=\"https:\/\/vilniauspaminklai.lt\/pl\/o-nas\/\" \/>\n<meta property=\"og:site_name\" content=\"Vilniauspaminklai.lt\" \/>\n<meta property=\"article:modified_time\" content=\"2026-01-16T15:35:52+00:00\" \/>\n<meta property=\"og:image\" content=\"https:\/\/vilniauspaminklai.lt\/wp-content\/uploads\/2025\/12\/gold-logo-01.webp\" \/>\n\t<meta property=\"og:image:width\" content=\"600\" \/>\n\t<meta property=\"og:image:height\" content=\"600\" \/>\n\t<meta property=\"og:image:type\" content=\"image\/webp\" \/>\n<meta name=\"twitter:card\" content=\"summary_large_image\" \/>\n<meta name=\"twitter:label1\" content=\"Szacowany czas czytania\" \/>\n\t<meta name=\"twitter:data1\" content=\"4 minuty\" \/>\n<script type=\"application\/ld+json\" class=\"yoast-schema-graph\">{\"@context\":\"https:\\\/\\\/schema.org\",\"@graph\":[{\"@type\":\"WebPage\",\"@id\":\"https:\\\/\\\/vilniauspaminklai.lt\\\/pl\\\/o-nas\\\/\",\"url\":\"https:\\\/\\\/vilniauspaminklai.lt\\\/pl\\\/o-nas\\\/\",\"name\":\"Produkcja pomnik\u00f3w | Projektowanie grob\u00f3w | Vilniauspaminklai.lt\",\"isPartOf\":{\"@id\":\"https:\\\/\\\/vilniauspaminklai.lt\\\/pl\\\/#website\"},\"primaryImageOfPage\":{\"@id\":\"https:\\\/\\\/vilniauspaminklai.lt\\\/pl\\\/o-nas\\\/#primaryimage\"},\"image\":{\"@id\":\"https:\\\/\\\/vilniauspaminklai.lt\\\/pl\\\/o-nas\\\/#primaryimage\"},\"thumbnailUrl\":\"https:\\\/\\\/vilniauspaminklai.lt\\\/wp-content\\\/uploads\\\/2025\\\/12\\\/gold-logo-01.webp\",\"datePublished\":\"2015-08-12T10:27:19+00:00\",\"dateModified\":\"2026-01-16T15:35:52+00:00\",\"description\":\"Profesjonalna produkcja pomnik\u00f3w w Wilnie i na ca\u0142ej Litwie. Projektowanie grob\u00f3w, produkcja i monta\u017c nagrobk\u00f3w, p\u0142yt. Ponad 20 lat do\u015bwiadczenia.\",\"breadcrumb\":{\"@id\":\"https:\\\/\\\/vilniauspaminklai.lt\\\/pl\\\/o-nas\\\/#breadcrumb\"},\"inLanguage\":\"pl-PL\",\"potentialAction\":[{\"@type\":\"ReadAction\",\"target\":[\"https:\\\/\\\/vilniauspaminklai.lt\\\/pl\\\/o-nas\\\/\"]}]},{\"@type\":\"ImageObject\",\"inLanguage\":\"pl-PL\",\"@id\":\"https:\\\/\\\/vilniauspaminklai.lt\\\/pl\\\/o-nas\\\/#primaryimage\",\"url\":\"https:\\\/\\\/vilniauspaminklai.lt\\\/wp-content\\\/uploads\\\/2025\\\/12\\\/gold-logo-01.webp\",\"contentUrl\":\"https:\\\/\\\/vilniauspaminklai.lt\\\/wp-content\\\/uploads\\\/2025\\\/12\\\/gold-logo-01.webp\",\"width\":600,\"height\":600,\"caption\":\"Vilniaus paminklai\"},{\"@type\":\"BreadcrumbList\",\"@id\":\"https:\\\/\\\/vilniauspaminklai.lt\\\/pl\\\/o-nas\\\/#breadcrumb\",\"itemListElement\":[{\"@type\":\"ListItem\",\"position\":1,\"name\":\"Home\",\"item\":\"https:\\\/\\\/vilniauspaminklai.lt\\\/pl\\\/\"},{\"@type\":\"ListItem\",\"position\":2,\"name\":\"O nas\"}]},{\"@type\":\"WebSite\",\"@id\":\"https:\\\/\\\/vilniauspaminklai.lt\\\/pl\\\/#website\",\"url\":\"https:\\\/\\\/vilniauspaminklai.lt\\\/pl\\\/\",\"name\":\"Vilniauspaminklai.lt\",\"description\":\"Vilniauspaminklai.lt\",\"publisher\":{\"@id\":\"https:\\\/\\\/vilniauspaminklai.lt\\\/pl\\\/#organization\"},\"potentialAction\":[{\"@type\":\"SearchAction\",\"target\":{\"@type\":\"EntryPoint\",\"urlTemplate\":\"https:\\\/\\\/vilniauspaminklai.lt\\\/pl\\\/?s={search_term_string}\"},\"query-input\":{\"@type\":\"PropertyValueSpecification\",\"valueRequired\":true,\"valueName\":\"search_term_string\"}}],\"inLanguage\":\"pl-PL\"},{\"@type\":\"Organization\",\"@id\":\"https:\\\/\\\/vilniauspaminklai.lt\\\/pl\\\/#organization\",\"name\":\"Vilniaus Paminklai\",\"url\":\"https:\\\/\\\/vilniauspaminklai.lt\\\/pl\\\/\",\"logo\":{\"@type\":\"ImageObject\",\"inLanguage\":\"pl-PL\",\"@id\":\"https:\\\/\\\/vilniauspaminklai.lt\\\/pl\\\/#\\\/schema\\\/logo\\\/image\\\/\",\"url\":\"https:\\\/\\\/vilniauspaminklai.lt\\\/wp-content\\\/uploads\\\/2025\\\/02\\\/cropped-favicon.png\",\"contentUrl\":\"https:\\\/\\\/vilniauspaminklai.lt\\\/wp-content\\\/uploads\\\/2025\\\/02\\\/cropped-favicon.png\",\"width\":512,\"height\":512,\"caption\":\"Vilniaus Paminklai\"},\"image\":{\"@id\":\"https:\\\/\\\/vilniauspaminklai.lt\\\/pl\\\/#\\\/schema\\\/logo\\\/image\\\/\"}}]}<\/script>\n<!-- \/ Yoast SEO plugin. -->","yoast_head_json":{"title":"Produkcja pomnik\u00f3w | Projektowanie grob\u00f3w | Vilniauspaminklai.lt","description":"Profesjonalna produkcja pomnik\u00f3w w Wilnie i na ca\u0142ej Litwie. Projektowanie grob\u00f3w, produkcja i monta\u017c nagrobk\u00f3w, p\u0142yt. Ponad 20 lat do\u015bwiadczenia.","robots":{"index":"index","follow":"follow","max-snippet":"max-snippet:-1","max-image-preview":"max-image-preview:large","max-video-preview":"max-video-preview:-1"},"canonical":"https:\/\/vilniauspaminklai.lt\/pl\/o-nas\/","og_locale":"pl_PL","og_type":"article","og_title":"Produkcja pomnik\u00f3w | Projektowanie grob\u00f3w | Vilniauspaminklai.lt","og_description":"Profesjonalna produkcja pomnik\u00f3w w Wilnie i na ca\u0142ej Litwie. Projektowanie grob\u00f3w, produkcja i monta\u017c nagrobk\u00f3w, p\u0142yt. Ponad 20 lat do\u015bwiadczenia.","og_url":"https:\/\/vilniauspaminklai.lt\/pl\/o-nas\/","og_site_name":"Vilniauspaminklai.lt","article_modified_time":"2026-01-16T15:35:52+00:00","og_image":[{"width":600,"height":600,"url":"https:\/\/vilniauspaminklai.lt\/wp-content\/uploads\/2025\/12\/gold-logo-01.webp","type":"image\/webp"}],"twitter_card":"summary_large_image","twitter_misc":{"Szacowany czas czytania":"4 minuty"},"schema":{"@context":"https:\/\/schema.org","@graph":[{"@type":"WebPage","@id":"https:\/\/vilniauspaminklai.lt\/pl\/o-nas\/","url":"https:\/\/vilniauspaminklai.lt\/pl\/o-nas\/","name":"Produkcja pomnik\u00f3w | Projektowanie grob\u00f3w | Vilniauspaminklai.lt","isPartOf":{"@id":"https:\/\/vilniauspaminklai.lt\/pl\/#website"},"primaryImageOfPage":{"@id":"https:\/\/vilniauspaminklai.lt\/pl\/o-nas\/#primaryimage"},"image":{"@id":"https:\/\/vilniauspaminklai.lt\/pl\/o-nas\/#primaryimage"},"thumbnailUrl":"https:\/\/vilniauspaminklai.lt\/wp-content\/uploads\/2025\/12\/gold-logo-01.webp","datePublished":"2015-08-12T10:27:19+00:00","dateModified":"2026-01-16T15:35:52+00:00","description":"Profesjonalna produkcja pomnik\u00f3w w Wilnie i na ca\u0142ej Litwie. Projektowanie grob\u00f3w, produkcja i monta\u017c nagrobk\u00f3w, p\u0142yt. Ponad 20 lat do\u015bwiadczenia.","breadcrumb":{"@id":"https:\/\/vilniauspaminklai.lt\/pl\/o-nas\/#breadcrumb"},"inLanguage":"pl-PL","potentialAction":[{"@type":"ReadAction","target":["https:\/\/vilniauspaminklai.lt\/pl\/o-nas\/"]}]},{"@type":"ImageObject","inLanguage":"pl-PL","@id":"https:\/\/vilniauspaminklai.lt\/pl\/o-nas\/#primaryimage","url":"https:\/\/vilniauspaminklai.lt\/wp-content\/uploads\/2025\/12\/gold-logo-01.webp","contentUrl":"https:\/\/vilniauspaminklai.lt\/wp-content\/uploads\/2025\/12\/gold-logo-01.webp","width":600,"height":600,"caption":"Vilniaus paminklai"},{"@type":"BreadcrumbList","@id":"https:\/\/vilniauspaminklai.lt\/pl\/o-nas\/#breadcrumb","itemListElement":[{"@type":"ListItem","position":1,"name":"Home","item":"https:\/\/vilniauspaminklai.lt\/pl\/"},{"@type":"ListItem","position":2,"name":"O nas"}]},{"@type":"WebSite","@id":"https:\/\/vilniauspaminklai.lt\/pl\/#website","url":"https:\/\/vilniauspaminklai.lt\/pl\/","name":"Vilniauspaminklai.lt","description":"Vilniauspaminklai.lt","publisher":{"@id":"https:\/\/vilniauspaminklai.lt\/pl\/#organization"},"potentialAction":[{"@type":"SearchAction","target":{"@type":"EntryPoint","urlTemplate":"https:\/\/vilniauspaminklai.lt\/pl\/?s={search_term_string}"},"query-input":{"@type":"PropertyValueSpecification","valueRequired":true,"valueName":"search_term_string"}}],"inLanguage":"pl-PL"},{"@type":"Organization","@id":"https:\/\/vilniauspaminklai.lt\/pl\/#organization","name":"Vilniaus Paminklai","url":"https:\/\/vilniauspaminklai.lt\/pl\/","logo":{"@type":"ImageObject","inLanguage":"pl-PL","@id":"https:\/\/vilniauspaminklai.lt\/pl\/#\/schema\/logo\/image\/","url":"https:\/\/vilniauspaminklai.lt\/wp-content\/uploads\/2025\/02\/cropped-favicon.png","contentUrl":"https:\/\/vilniauspaminklai.lt\/wp-content\/uploads\/2025\/02\/cropped-favicon.png","width":512,"height":512,"caption":"Vilniaus Paminklai"},"image":{"@id":"https:\/\/vilniauspaminklai.lt\/pl\/#\/schema\/logo\/image\/"}}]}},"_links":{"self":[{"href":"https:\/\/vilniauspaminklai.lt\/pl\/wp-json\/wp\/v2\/pages\/4422","targetHints":{"allow":["GET"]}}],"collection":[{"href":"https:\/\/vilniauspaminklai.lt\/pl\/wp-json\/wp\/v2\/pages"}],"about":[{"href":"https:\/\/vilniauspaminklai.lt\/pl\/wp-json\/wp\/v2\/types\/page"}],"author":[{"embeddable":true,"href":"https:\/\/vilniauspaminklai.lt\/pl\/wp-json\/wp\/v2\/users\/1"}],"replies":[{"embeddable":true,"href":"https:\/\/vilniauspaminklai.lt\/pl\/wp-json\/wp\/v2\/comments?post=4422"}],"version-history":[{"count":4,"href":"https:\/\/vilniauspaminklai.lt\/pl\/wp-json\/wp\/v2\/pages\/4422\/revisions"}],"predecessor-version":[{"id":6707,"href":"https:\/\/vilniauspaminklai.lt\/pl\/wp-json\/wp\/v2\/pages\/4422\/revisions\/6707"}],"wp:featuredmedia":[{"embeddable":true,"href":"https:\/\/vilniauspaminklai.lt\/pl\/wp-json\/wp\/v2\/media\/4423"}],"wp:attachment":[{"href":"https:\/\/vilniauspaminklai.lt\/pl\/wp-json\/wp\/v2\/media?parent=4422"}],"curies":[{"name":"wp","href":"https:\/\/api.w.org\/{rel}","templated":true}]}}