{"id":4431,"date":"2025-12-11T11:01:39","date_gmt":"2025-12-11T09:01:39","guid":{"rendered":"https:\/\/vilniauspaminklai.lt\/opinie\/"},"modified":"2026-01-15T20:07:20","modified_gmt":"2026-01-15T18:07:20","slug":"opinie","status":"publish","type":"page","link":"https:\/\/vilniauspaminklai.lt\/pl\/opinie\/","title":{"rendered":"Opinie"},"content":{"rendered":"<div class=\"wpb-content-wrapper\"><p>[vc_row type=&#8221;boxed&#8221; max_width=&#8221;1280&#8243; css=&#8221;.vc_custom_1768321350647{margin-top: 32px !important;margin-bottom: 64px !important;}&#8221;][vc_column][vc_column_text css=&#8221;.vc_custom_1768330404970{margin-bottom: 12px !important;}&#8221;]<\/p>\n<h1 style=\"text-align: center;\">Opinie naszych klient\u00f3w<\/h1>\n<p>[\/vc_column_text][vc_column_text css=&#8221;&#8221;]<\/p>\n<p style=\"text-align: center;\" data-start=\"143\" data-end=\"367\">Ka\u017cda opinia to prawdziwe do\u015bwiadczenie i szczera ocena naszej pracy. Tutaj znajd\u0105 Pa\u0144stwo wra\u017cenia klient\u00f3w, kt\u00f3rzy skorzystali ju\u017c z naszych us\u0142ug, dotycz\u0105ce jako\u015bci wykonania, komunikacji, dotrzymywania termin\u00f3w i og\u00f3lnego rezultatu.<\/p>\n<p style=\"text-align: center;\" data-start=\"369\" data-end=\"566\">Jeste\u015bmy dumni z mo\u017cliwo\u015bci tworzenia niezawodnych rozwi\u0105za\u0144 i budowania d\u0142ugotrwa\u0142ego zaufania, dlatego wszystkie opinie publikujemy w spos\u00f3b przejrzysty \u2013 zar\u00f3wno pochwa\u0142y, jak i uwagi. Pa\u0144stwa opinia pomaga nam si\u0119 rozwija\u0107 i doskonali\u0107.<\/p>\n<p style=\"text-align: center;\" data-start=\"568\" data-end=\"652\" data-is-last-node=\"\" data-is-only-node=\"\">Je\u015bli i Pa\u0144stwo korzystali ju\u017c z naszych us\u0142ug \u2013 zapraszamy do podzielenia si\u0119 swoimi wra\u017ceniami.<\/p>\n<p>[\/vc_column_text][vc_raw_html css=&#8221;.vc_custom_1768500435513{margin-top: 32px !important;}&#8221;]JTVCc2hvd19yZXZpZXdzJTIwbGltaXQlM0QlMjItMSUyMiU1RA==[\/vc_raw_html][\/vc_column][\/vc_row]<\/p>\n<\/div>","protected":false},"excerpt":{"rendered":"<p>[vc_row type=&#8221;boxed&#8221; max_width=&#8221;1280&#8243; css=&#8221;.vc_custom_1768321350647{margin-top: 32px !important;margin-bottom: 64px !important;}&#8221;][vc_column][vc_column_text css=&#8221;.vc_custom_1768330404970{margin-bottom: 12px !important;}&#8221;] Opinie naszych klient\u00f3w [\/vc_column_text][vc_column_text css=&#8221;&#8221;] Ka\u017cda opinia to prawdziwe do\u015bwiadczenie i szczera ocena naszej pracy. Tutaj znajd\u0105 Pa\u0144stwo wra\u017cenia klient\u00f3w, kt\u00f3rzy skorzystali ju\u017c z naszych us\u0142ug, dotycz\u0105ce jako\u015bci wykonania, komunikacji, dotrzymywania termin\u00f3w i og\u00f3lnego rezultatu. Jeste\u015bmy dumni z mo\u017cliwo\u015bci tworzenia niezawodnych rozwi\u0105za\u0144 i budowania &hellip;<\/p>\n","protected":false},"author":4,"featured_media":0,"parent":0,"menu_order":0,"comment_status":"closed","ping_status":"closed","template":"","meta":{"_acf_changed":false,"inline_featured_image":false,"footnotes":""},"class_list":["post-4431","page","type-page","status-publish","hentry"],"acf":[],"yoast_head":"<!-- This site is optimized with the Yoast SEO plugin v27.3 - https:\/\/yoast.com\/product\/yoast-seo-wordpress\/ -->\n<title>Opinie | Vilniauspaminklai.lt<\/title>\n<meta name=\"robots\" content=\"index, follow, max-snippet:-1, max-image-preview:large, max-video-preview:-1\" \/>\n<link rel=\"canonical\" href=\"https:\/\/vilniauspaminklai.lt\/pl\/opinie\/\" \/>\n<meta property=\"og:locale\" content=\"pl_PL\" \/>\n<meta property=\"og:type\" content=\"article\" \/>\n<meta property=\"og:title\" content=\"Opinie | Vilniauspaminklai.lt\" \/>\n<meta property=\"og:description\" content=\"[vc_row type=&#8221;boxed&#8221; max_width=&#8221;1280&#8243; css=&#8221;.vc_custom_1768321350647{margin-top: 32px !important;margin-bottom: 64px !important;}&#8221;][vc_column][vc_column_text css=&#8221;.vc_custom_1768330404970{margin-bottom: 12px !important;}&#8221;] Opinie naszych klient\u00f3w [\/vc_column_text][vc_column_text css=&#8221;&#8221;] Ka\u017cda opinia to prawdziwe do\u015bwiadczenie i szczera ocena naszej pracy. Tutaj znajd\u0105 Pa\u0144stwo wra\u017cenia klient\u00f3w, kt\u00f3rzy skorzystali ju\u017c z naszych us\u0142ug, dotycz\u0105ce jako\u015bci wykonania, komunikacji, dotrzymywania termin\u00f3w i og\u00f3lnego rezultatu. Jeste\u015bmy dumni z mo\u017cliwo\u015bci tworzenia niezawodnych rozwi\u0105za\u0144 i budowania &hellip;\" \/>\n<meta property=\"og:url\" content=\"https:\/\/vilniauspaminklai.lt\/pl\/opinie\/\" \/>\n<meta property=\"og:site_name\" content=\"Vilniauspaminklai.lt\" \/>\n<meta property=\"article:modified_time\" content=\"2026-01-15T18:07:20+00:00\" \/>\n<meta name=\"twitter:card\" content=\"summary_large_image\" \/>\n<meta name=\"twitter:label1\" content=\"Szacowany czas czytania\" \/>\n\t<meta name=\"twitter:data1\" content=\"1 minuta\" \/>\n<script type=\"application\/ld+json\" class=\"yoast-schema-graph\">{\"@context\":\"https:\\\/\\\/schema.org\",\"@graph\":[{\"@type\":\"WebPage\",\"@id\":\"https:\\\/\\\/vilniauspaminklai.lt\\\/pl\\\/opinie\\\/\",\"url\":\"https:\\\/\\\/vilniauspaminklai.lt\\\/pl\\\/opinie\\\/\",\"name\":\"Opinie | Vilniauspaminklai.lt\",\"isPartOf\":{\"@id\":\"https:\\\/\\\/vilniauspaminklai.lt\\\/pl\\\/#website\"},\"datePublished\":\"2025-12-11T09:01:39+00:00\",\"dateModified\":\"2026-01-15T18:07:20+00:00\",\"breadcrumb\":{\"@id\":\"https:\\\/\\\/vilniauspaminklai.lt\\\/pl\\\/opinie\\\/#breadcrumb\"},\"inLanguage\":\"pl-PL\",\"potentialAction\":[{\"@type\":\"ReadAction\",\"target\":[\"https:\\\/\\\/vilniauspaminklai.lt\\\/pl\\\/opinie\\\/\"]}]},{\"@type\":\"BreadcrumbList\",\"@id\":\"https:\\\/\\\/vilniauspaminklai.lt\\\/pl\\\/opinie\\\/#breadcrumb\",\"itemListElement\":[{\"@type\":\"ListItem\",\"position\":1,\"name\":\"Home\",\"item\":\"https:\\\/\\\/vilniauspaminklai.lt\\\/pl\\\/\"},{\"@type\":\"ListItem\",\"position\":2,\"name\":\"Opinie\"}]},{\"@type\":\"WebSite\",\"@id\":\"https:\\\/\\\/vilniauspaminklai.lt\\\/pl\\\/#website\",\"url\":\"https:\\\/\\\/vilniauspaminklai.lt\\\/pl\\\/\",\"name\":\"Vilniauspaminklai.lt\",\"description\":\"Vilniauspaminklai.lt\",\"publisher\":{\"@id\":\"https:\\\/\\\/vilniauspaminklai.lt\\\/pl\\\/#organization\"},\"potentialAction\":[{\"@type\":\"SearchAction\",\"target\":{\"@type\":\"EntryPoint\",\"urlTemplate\":\"https:\\\/\\\/vilniauspaminklai.lt\\\/pl\\\/?s={search_term_string}\"},\"query-input\":{\"@type\":\"PropertyValueSpecification\",\"valueRequired\":true,\"valueName\":\"search_term_string\"}}],\"inLanguage\":\"pl-PL\"},{\"@type\":\"Organization\",\"@id\":\"https:\\\/\\\/vilniauspaminklai.lt\\\/pl\\\/#organization\",\"name\":\"Vilniaus Paminklai\",\"url\":\"https:\\\/\\\/vilniauspaminklai.lt\\\/pl\\\/\",\"logo\":{\"@type\":\"ImageObject\",\"inLanguage\":\"pl-PL\",\"@id\":\"https:\\\/\\\/vilniauspaminklai.lt\\\/pl\\\/#\\\/schema\\\/logo\\\/image\\\/\",\"url\":\"https:\\\/\\\/vilniauspaminklai.lt\\\/wp-content\\\/uploads\\\/2025\\\/02\\\/cropped-favicon.png\",\"contentUrl\":\"https:\\\/\\\/vilniauspaminklai.lt\\\/wp-content\\\/uploads\\\/2025\\\/02\\\/cropped-favicon.png\",\"width\":512,\"height\":512,\"caption\":\"Vilniaus Paminklai\"},\"image\":{\"@id\":\"https:\\\/\\\/vilniauspaminklai.lt\\\/pl\\\/#\\\/schema\\\/logo\\\/image\\\/\"}}]}<\/script>\n<!-- \/ Yoast SEO plugin. -->","yoast_head_json":{"title":"Opinie | Vilniauspaminklai.lt","robots":{"index":"index","follow":"follow","max-snippet":"max-snippet:-1","max-image-preview":"max-image-preview:large","max-video-preview":"max-video-preview:-1"},"canonical":"https:\/\/vilniauspaminklai.lt\/pl\/opinie\/","og_locale":"pl_PL","og_type":"article","og_title":"Opinie | Vilniauspaminklai.lt","og_description":"[vc_row type=&#8221;boxed&#8221; max_width=&#8221;1280&#8243; css=&#8221;.vc_custom_1768321350647{margin-top: 32px !important;margin-bottom: 64px !important;}&#8221;][vc_column][vc_column_text css=&#8221;.vc_custom_1768330404970{margin-bottom: 12px !important;}&#8221;] Opinie naszych klient\u00f3w [\/vc_column_text][vc_column_text css=&#8221;&#8221;] Ka\u017cda opinia to prawdziwe do\u015bwiadczenie i szczera ocena naszej pracy. Tutaj znajd\u0105 Pa\u0144stwo wra\u017cenia klient\u00f3w, kt\u00f3rzy skorzystali ju\u017c z naszych us\u0142ug, dotycz\u0105ce jako\u015bci wykonania, komunikacji, dotrzymywania termin\u00f3w i og\u00f3lnego rezultatu. Jeste\u015bmy dumni z mo\u017cliwo\u015bci tworzenia niezawodnych rozwi\u0105za\u0144 i budowania &hellip;","og_url":"https:\/\/vilniauspaminklai.lt\/pl\/opinie\/","og_site_name":"Vilniauspaminklai.lt","article_modified_time":"2026-01-15T18:07:20+00:00","twitter_card":"summary_large_image","twitter_misc":{"Szacowany czas czytania":"1 minuta"},"schema":{"@context":"https:\/\/schema.org","@graph":[{"@type":"WebPage","@id":"https:\/\/vilniauspaminklai.lt\/pl\/opinie\/","url":"https:\/\/vilniauspaminklai.lt\/pl\/opinie\/","name":"Opinie | Vilniauspaminklai.lt","isPartOf":{"@id":"https:\/\/vilniauspaminklai.lt\/pl\/#website"},"datePublished":"2025-12-11T09:01:39+00:00","dateModified":"2026-01-15T18:07:20+00:00","breadcrumb":{"@id":"https:\/\/vilniauspaminklai.lt\/pl\/opinie\/#breadcrumb"},"inLanguage":"pl-PL","potentialAction":[{"@type":"ReadAction","target":["https:\/\/vilniauspaminklai.lt\/pl\/opinie\/"]}]},{"@type":"BreadcrumbList","@id":"https:\/\/vilniauspaminklai.lt\/pl\/opinie\/#breadcrumb","itemListElement":[{"@type":"ListItem","position":1,"name":"Home","item":"https:\/\/vilniauspaminklai.lt\/pl\/"},{"@type":"ListItem","position":2,"name":"Opinie"}]},{"@type":"WebSite","@id":"https:\/\/vilniauspaminklai.lt\/pl\/#website","url":"https:\/\/vilniauspaminklai.lt\/pl\/","name":"Vilniauspaminklai.lt","description":"Vilniauspaminklai.lt","publisher":{"@id":"https:\/\/vilniauspaminklai.lt\/pl\/#organization"},"potentialAction":[{"@type":"SearchAction","target":{"@type":"EntryPoint","urlTemplate":"https:\/\/vilniauspaminklai.lt\/pl\/?s={search_term_string}"},"query-input":{"@type":"PropertyValueSpecification","valueRequired":true,"valueName":"search_term_string"}}],"inLanguage":"pl-PL"},{"@type":"Organization","@id":"https:\/\/vilniauspaminklai.lt\/pl\/#organization","name":"Vilniaus Paminklai","url":"https:\/\/vilniauspaminklai.lt\/pl\/","logo":{"@type":"ImageObject","inLanguage":"pl-PL","@id":"https:\/\/vilniauspaminklai.lt\/pl\/#\/schema\/logo\/image\/","url":"https:\/\/vilniauspaminklai.lt\/wp-content\/uploads\/2025\/02\/cropped-favicon.png","contentUrl":"https:\/\/vilniauspaminklai.lt\/wp-content\/uploads\/2025\/02\/cropped-favicon.png","width":512,"height":512,"caption":"Vilniaus Paminklai"},"image":{"@id":"https:\/\/vilniauspaminklai.lt\/pl\/#\/schema\/logo\/image\/"}}]}},"_links":{"self":[{"href":"https:\/\/vilniauspaminklai.lt\/pl\/wp-json\/wp\/v2\/pages\/4431","targetHints":{"allow":["GET"]}}],"collection":[{"href":"https:\/\/vilniauspaminklai.lt\/pl\/wp-json\/wp\/v2\/pages"}],"about":[{"href":"https:\/\/vilniauspaminklai.lt\/pl\/wp-json\/wp\/v2\/types\/page"}],"author":[{"embeddable":true,"href":"https:\/\/vilniauspaminklai.lt\/pl\/wp-json\/wp\/v2\/users\/4"}],"replies":[{"embeddable":true,"href":"https:\/\/vilniauspaminklai.lt\/pl\/wp-json\/wp\/v2\/comments?post=4431"}],"version-history":[{"count":4,"href":"https:\/\/vilniauspaminklai.lt\/pl\/wp-json\/wp\/v2\/pages\/4431\/revisions"}],"predecessor-version":[{"id":5924,"href":"https:\/\/vilniauspaminklai.lt\/pl\/wp-json\/wp\/v2\/pages\/4431\/revisions\/5924"}],"wp:attachment":[{"href":"https:\/\/vilniauspaminklai.lt\/pl\/wp-json\/wp\/v2\/media?parent=4431"}],"curies":[{"name":"wp","href":"https:\/\/api.w.org\/{rel}","templated":true}]}}