{"id":4437,"date":"2026-01-13T18:20:50","date_gmt":"2026-01-13T16:20:50","guid":{"rendered":"https:\/\/vilniauspaminklai.lt\/faq\/"},"modified":"2026-01-15T19:10:56","modified_gmt":"2026-01-15T17:10:56","slug":"faq","status":"publish","type":"page","link":"https:\/\/vilniauspaminklai.lt\/pl\/faq\/","title":{"rendered":"FAQ"},"content":{"rendered":"<div class=\"wpb-content-wrapper\"><p>[vc_row type=&#8221;boxed&#8221; max_width=&#8221;1280&#8243; css=&#8221;.vc_custom_1768321350647{margin-top: 32px !important;margin-bottom: 64px !important;}&#8221;][vc_column][vc_column_text css=&#8221;.vc_custom_1768321287127{margin-bottom: 12px !important;}&#8221;]<\/p>\n<h1 style=\"text-align: center;\">Najcz\u0119\u015bciej zadawane pytania<\/h1>\n<p>[\/vc_column_text][vc_tta_accordion][vc_tta_section title=&#8221;Jakie rodzaje granitu oferujecie i jaka jest jego jako\u015b\u0107?&#8221; tab_id=&#8221;1768321062089-6f834739-d65b&#8221;][vc_column_text css=&#8221;&#8221;]Pracujemy wy\u0142\u0105cznie z najwy\u017cszej jako\u015bci naturalnym granitem, wybieranym od zaufanych dostawc\u00f3w posiadaj\u0105cych mi\u0119dzynarodowe certyfikaty. Oferujemy granit w r\u00f3\u017cnych kolorach i fakturach \u2013 od klasycznych czerni, szaro\u015bci, r\u00f3\u017c\u00f3w po bardziej ekskluzywne odcienie. Wszystkie p\u0142yty s\u0105 obrabiane przy u\u017cyciu nowoczesnego sprz\u0119tu, co zapewnia d\u0142ugotrwa\u0142\u0105 odporno\u015b\u0107 na warunki atmosferyczne i uszkodzenia mechaniczne.[\/vc_column_text][\/vc_tta_section][vc_tta_section title=&#8221;Jakie s\u0105 terminy realizacji nagrobk\u00f3w?&#8221; tab_id=&#8221;1768321062102-1dafd084-35a3&#8243;][vc_column_text css=&#8221;&#8221;]Standardowe nagrobki wykonywane s\u0105 w ci\u0105gu 2-4 tygodni od potwierdzenia zam\u00f3wienia i wp\u0142aty zaliczki. Bardziej z\u0142o\u017cone projekty indywidualne lub nietypowe kszta\u0142ty mog\u0105 wymaga\u0107 do 12 tygodni. Zawsze staramy si\u0119 realizowa\u0107 zam\u00f3wienia tak szybko, jak to mo\u017cliwe, bez uszczerbku dla jako\u015bci.[\/vc_column_text][\/vc_tta_section][vc_tta_section title=&#8221;Czy oferujecie us\u0142ugi monta\u017cu i transportu? Jak ustalana jest cena? &#8221; tab_id=&#8221;1768321062115-7408c3f6-8337&#8243;][vc_column_text css=&#8221;&#8221;]Tak, oferujemy kompleksow\u0105 obs\u0142ug\u0119: nie tylko produkujemy, ale tak\u017ce dostarczamy i profesjonalnie montujemy pomniki na cmentarzach w Wilnie i okr\u0119gu wile\u0144skim. Cena monta\u017cu (uk\u0142adania) zale\u017cy od kilku wa\u017cnych czynnik\u00f3w: <\/p>\n<p>Wielko\u015bci fundamentu nagrobka \u2013 im wi\u0119kszy, tym wi\u0119cej materia\u0142\u00f3w i pracy potrzeba.<\/p>\n<p>R\u00f3wno\u015bci powierzchni gruntu i z\u0142o\u017cono\u015bci przygotowania \u2013 nier\u00f3wna powierzchnia musi by\u0107 wyr\u00f3wnana konstrukcjami granitowymi, co wi\u0105\u017ce si\u0119 z dodatkowymi kosztami materia\u0142\u00f3w i robocizny.<\/p>\n<p>Prac dodatkowych \u2013 je\u015bli projekt obejmuje nie tylko p\u0142yt\u0119 g\u0142\u00f3wn\u0105, ale tak\u017ce u\u0142o\u017cenie granitowych \u015bcie\u017cek, \u015bcian oporowych lub kostki brukowej.<\/p>\n<p>Przed rozpocz\u0119ciem prac przyje\u017cd\u017camy na miejsce, oceniamy warunki i przedstawiamy szczeg\u00f3\u0142ow\u0105 i przejrzyst\u0105 cen\u0119 ostateczn\u0105.[\/vc_column_text][\/vc_tta_section][vc_tta_section title=&#8221;Jak samodzielnie zaprojektowa\u0107 wygl\u0105d pomnika? Czy istnieje mo\u017cliwo\u015b\u0107 jego wizualizacji? &#8221; tab_id=&#8221;1768321062132-2c6a88d9-d28e&#8221;][vc_column_text css=&#8221;&#8221;]Tak! Na naszej stronie internetowej znajd\u0105 Pa\u0144stwo bezp\u0142atny wirtualny konstruktor pomnik\u00f3w. Czasami trudno wyobrazi\u0107 sobie, jak b\u0119dzie wygl\u0105da\u0142 pomnik, dop\u00f3ki go nie zobaczymy. To narz\u0119dzie pozwala Pa\u0144stwu samodzielnie, w zaciszu domowym, stworzy\u0107 wizj\u0119 przysz\u0142ego pomnika.   <\/p>\n<p>Mo\u017cna wybra\u0107 kszta\u0142t, rozmiar, kolor granitu.<\/p>\n<p>Zaprojektowa\u0107 napisy: wybra\u0107 czcionk\u0119, tekst, epitafium.<\/p>\n<p>Doda\u0107 elementy dekoracyjne: lampiony, wazony, krzy\u017ce, symbole, a nawet zdj\u0119cie pami\u0105tkowe.<\/p>\n<p>Od razu zobaczy\u0107 uk\u0142ad wszystkich element\u00f3w w realistycznej wizualizacji 3D.<\/p>\n<p>To narz\u0119dzie pomaga stworzy\u0107 znacz\u0105cy i osobisty znak pami\u0119ci, kt\u00f3ry dok\u0142adnie odpowiada Pa\u0144stwa wizji. Zaprojektowany przez Pa\u0144stwa projekt b\u0119dzie gotowy do dalszej dyskusji i realizacji przez naszych mistrz\u00f3w.[\/vc_column_text][\/vc_tta_section][vc_tta_section title=&#8221;Jakiej piel\u0119gnacji wymaga granitowy nagrobek i czy udzielacie Pa\u0144stwo gwarancji?&#8221; tab_id=&#8221;1768321062155-4c558685-b256&#8243;][vc_column_text css=&#8221;&#8221;]Granit to materia\u0142 wyj\u0105tkowo trwa\u0142y i ma\u0142o wymagaj\u0105cy w piel\u0119gnacji. Zalecamy okresowe czyszczenie p\u0142yty \u0142agodnymi, nie\u015bciernymi \u015brodkami czyszcz\u0105cymi. Przed dostarczeniem produktu specjalnie zabezpieczamy go mieszank\u0105 ochronn\u0105, kt\u00f3ra poprawia odporno\u015b\u0107 na plamy. Udzielamy 5-letniej gwarancji na jako\u015b\u0107 monta\u017cu i 25-letniej gwarancji na trwa\u0142o\u015b\u0107 materia\u0142u.[\/vc_column_text][\/vc_tta_section][\/vc_tta_accordion][\/vc_column][\/vc_row]<\/p>\n<\/div>","protected":false},"excerpt":{"rendered":"<p>[vc_row type=&#8221;boxed&#8221; max_width=&#8221;1280&#8243; css=&#8221;.vc_custom_1768321350647{margin-top: 32px !important;margin-bottom: 64px !important;}&#8221;][vc_column][vc_column_text css=&#8221;.vc_custom_1768321287127{margin-bottom: 12px !important;}&#8221;] Najcz\u0119\u015bciej zadawane pytania [\/vc_column_text][vc_tta_accordion][vc_tta_section title=&#8221;Jakie rodzaje granitu oferujecie i jaka jest jego jako\u015b\u0107?&#8221; tab_id=&#8221;1768321062089-6f834739-d65b&#8221;][vc_column_text css=&#8221;&#8221;]Pracujemy wy\u0142\u0105cznie z najwy\u017cszej jako\u015bci naturalnym granitem, wybieranym od zaufanych dostawc\u00f3w posiadaj\u0105cych mi\u0119dzynarodowe certyfikaty. Oferujemy granit w r\u00f3\u017cnych kolorach i fakturach \u2013 od klasycznych czerni, szaro\u015bci, r\u00f3\u017c\u00f3w po bardziej ekskluzywne &hellip;<\/p>\n","protected":false},"author":1,"featured_media":0,"parent":0,"menu_order":0,"comment_status":"closed","ping_status":"closed","template":"","meta":{"_acf_changed":false,"inline_featured_image":false,"footnotes":""},"class_list":["post-4437","page","type-page","status-publish","hentry"],"acf":[],"yoast_head":"<!-- This site is optimized with the Yoast SEO plugin v27.3 - https:\/\/yoast.com\/product\/yoast-seo-wordpress\/ -->\n<title>Pomniki | Produkcja i monta\u017c pomnik\u00f3w | Vilniauspaminklai.lt<\/title>\n<meta name=\"description\" content=\"Estetyczne, trwa\u0142e pomniki i nagrobki ku pami\u0119ci bliskich. \u015awiadczymy kompleksowe us\u0142ugi zwi\u0105zane z piel\u0119gnacj\u0105 grob\u00f3w \u2013 od projektowania po monta\u017c w Wilnie i na ca\u0142ej Litwie.\" \/>\n<meta name=\"robots\" content=\"index, follow, max-snippet:-1, max-image-preview:large, max-video-preview:-1\" \/>\n<link rel=\"canonical\" href=\"https:\/\/vilniauspaminklai.lt\/pl\/faq\/\" \/>\n<meta property=\"og:locale\" content=\"pl_PL\" \/>\n<meta property=\"og:type\" content=\"article\" \/>\n<meta property=\"og:title\" content=\"Pomniki | Produkcja i monta\u017c pomnik\u00f3w | Vilniauspaminklai.lt\" \/>\n<meta property=\"og:description\" content=\"Estetyczne, trwa\u0142e pomniki i nagrobki ku pami\u0119ci bliskich. \u015awiadczymy kompleksowe us\u0142ugi zwi\u0105zane z piel\u0119gnacj\u0105 grob\u00f3w \u2013 od projektowania po monta\u017c w Wilnie i na ca\u0142ej Litwie.\" \/>\n<meta property=\"og:url\" content=\"https:\/\/vilniauspaminklai.lt\/pl\/faq\/\" \/>\n<meta property=\"og:site_name\" content=\"Vilniauspaminklai.lt\" \/>\n<meta property=\"article:modified_time\" content=\"2026-01-15T17:10:56+00:00\" \/>\n<meta name=\"twitter:card\" content=\"summary_large_image\" \/>\n<meta name=\"twitter:label1\" content=\"Szacowany czas czytania\" \/>\n\t<meta name=\"twitter:data1\" content=\"3 minuty\" \/>\n<script type=\"application\/ld+json\" class=\"yoast-schema-graph\">{\"@context\":\"https:\\\/\\\/schema.org\",\"@graph\":[{\"@type\":\"WebPage\",\"@id\":\"https:\\\/\\\/vilniauspaminklai.lt\\\/pl\\\/faq\\\/\",\"url\":\"https:\\\/\\\/vilniauspaminklai.lt\\\/pl\\\/faq\\\/\",\"name\":\"Pomniki | Produkcja i monta\u017c pomnik\u00f3w | Vilniauspaminklai.lt\",\"isPartOf\":{\"@id\":\"https:\\\/\\\/vilniauspaminklai.lt\\\/pl\\\/#website\"},\"datePublished\":\"2026-01-13T16:20:50+00:00\",\"dateModified\":\"2026-01-15T17:10:56+00:00\",\"description\":\"Estetyczne, trwa\u0142e pomniki i nagrobki ku pami\u0119ci bliskich. \u015awiadczymy kompleksowe us\u0142ugi zwi\u0105zane z piel\u0119gnacj\u0105 grob\u00f3w \u2013 od projektowania po monta\u017c w Wilnie i na ca\u0142ej Litwie.\",\"breadcrumb\":{\"@id\":\"https:\\\/\\\/vilniauspaminklai.lt\\\/pl\\\/faq\\\/#breadcrumb\"},\"inLanguage\":\"pl-PL\",\"potentialAction\":[{\"@type\":\"ReadAction\",\"target\":[\"https:\\\/\\\/vilniauspaminklai.lt\\\/pl\\\/faq\\\/\"]}]},{\"@type\":\"BreadcrumbList\",\"@id\":\"https:\\\/\\\/vilniauspaminklai.lt\\\/pl\\\/faq\\\/#breadcrumb\",\"itemListElement\":[{\"@type\":\"ListItem\",\"position\":1,\"name\":\"Home\",\"item\":\"https:\\\/\\\/vilniauspaminklai.lt\\\/pl\\\/\"},{\"@type\":\"ListItem\",\"position\":2,\"name\":\"FAQ\"}]},{\"@type\":\"WebSite\",\"@id\":\"https:\\\/\\\/vilniauspaminklai.lt\\\/pl\\\/#website\",\"url\":\"https:\\\/\\\/vilniauspaminklai.lt\\\/pl\\\/\",\"name\":\"Vilniauspaminklai.lt\",\"description\":\"Vilniauspaminklai.lt\",\"publisher\":{\"@id\":\"https:\\\/\\\/vilniauspaminklai.lt\\\/pl\\\/#organization\"},\"potentialAction\":[{\"@type\":\"SearchAction\",\"target\":{\"@type\":\"EntryPoint\",\"urlTemplate\":\"https:\\\/\\\/vilniauspaminklai.lt\\\/pl\\\/?s={search_term_string}\"},\"query-input\":{\"@type\":\"PropertyValueSpecification\",\"valueRequired\":true,\"valueName\":\"search_term_string\"}}],\"inLanguage\":\"pl-PL\"},{\"@type\":\"Organization\",\"@id\":\"https:\\\/\\\/vilniauspaminklai.lt\\\/pl\\\/#organization\",\"name\":\"Vilniaus Paminklai\",\"url\":\"https:\\\/\\\/vilniauspaminklai.lt\\\/pl\\\/\",\"logo\":{\"@type\":\"ImageObject\",\"inLanguage\":\"pl-PL\",\"@id\":\"https:\\\/\\\/vilniauspaminklai.lt\\\/pl\\\/#\\\/schema\\\/logo\\\/image\\\/\",\"url\":\"https:\\\/\\\/vilniauspaminklai.lt\\\/wp-content\\\/uploads\\\/2025\\\/02\\\/cropped-favicon.png\",\"contentUrl\":\"https:\\\/\\\/vilniauspaminklai.lt\\\/wp-content\\\/uploads\\\/2025\\\/02\\\/cropped-favicon.png\",\"width\":512,\"height\":512,\"caption\":\"Vilniaus Paminklai\"},\"image\":{\"@id\":\"https:\\\/\\\/vilniauspaminklai.lt\\\/pl\\\/#\\\/schema\\\/logo\\\/image\\\/\"}}]}<\/script>\n<!-- \/ Yoast SEO plugin. -->","yoast_head_json":{"title":"Pomniki | Produkcja i monta\u017c pomnik\u00f3w | Vilniauspaminklai.lt","description":"Estetyczne, trwa\u0142e pomniki i nagrobki ku pami\u0119ci bliskich. \u015awiadczymy kompleksowe us\u0142ugi zwi\u0105zane z piel\u0119gnacj\u0105 grob\u00f3w \u2013 od projektowania po monta\u017c w Wilnie i na ca\u0142ej Litwie.","robots":{"index":"index","follow":"follow","max-snippet":"max-snippet:-1","max-image-preview":"max-image-preview:large","max-video-preview":"max-video-preview:-1"},"canonical":"https:\/\/vilniauspaminklai.lt\/pl\/faq\/","og_locale":"pl_PL","og_type":"article","og_title":"Pomniki | Produkcja i monta\u017c pomnik\u00f3w | Vilniauspaminklai.lt","og_description":"Estetyczne, trwa\u0142e pomniki i nagrobki ku pami\u0119ci bliskich. \u015awiadczymy kompleksowe us\u0142ugi zwi\u0105zane z piel\u0119gnacj\u0105 grob\u00f3w \u2013 od projektowania po monta\u017c w Wilnie i na ca\u0142ej Litwie.","og_url":"https:\/\/vilniauspaminklai.lt\/pl\/faq\/","og_site_name":"Vilniauspaminklai.lt","article_modified_time":"2026-01-15T17:10:56+00:00","twitter_card":"summary_large_image","twitter_misc":{"Szacowany czas czytania":"3 minuty"},"schema":{"@context":"https:\/\/schema.org","@graph":[{"@type":"WebPage","@id":"https:\/\/vilniauspaminklai.lt\/pl\/faq\/","url":"https:\/\/vilniauspaminklai.lt\/pl\/faq\/","name":"Pomniki | Produkcja i monta\u017c pomnik\u00f3w | Vilniauspaminklai.lt","isPartOf":{"@id":"https:\/\/vilniauspaminklai.lt\/pl\/#website"},"datePublished":"2026-01-13T16:20:50+00:00","dateModified":"2026-01-15T17:10:56+00:00","description":"Estetyczne, trwa\u0142e pomniki i nagrobki ku pami\u0119ci bliskich. \u015awiadczymy kompleksowe us\u0142ugi zwi\u0105zane z piel\u0119gnacj\u0105 grob\u00f3w \u2013 od projektowania po monta\u017c w Wilnie i na ca\u0142ej Litwie.","breadcrumb":{"@id":"https:\/\/vilniauspaminklai.lt\/pl\/faq\/#breadcrumb"},"inLanguage":"pl-PL","potentialAction":[{"@type":"ReadAction","target":["https:\/\/vilniauspaminklai.lt\/pl\/faq\/"]}]},{"@type":"BreadcrumbList","@id":"https:\/\/vilniauspaminklai.lt\/pl\/faq\/#breadcrumb","itemListElement":[{"@type":"ListItem","position":1,"name":"Home","item":"https:\/\/vilniauspaminklai.lt\/pl\/"},{"@type":"ListItem","position":2,"name":"FAQ"}]},{"@type":"WebSite","@id":"https:\/\/vilniauspaminklai.lt\/pl\/#website","url":"https:\/\/vilniauspaminklai.lt\/pl\/","name":"Vilniauspaminklai.lt","description":"Vilniauspaminklai.lt","publisher":{"@id":"https:\/\/vilniauspaminklai.lt\/pl\/#organization"},"potentialAction":[{"@type":"SearchAction","target":{"@type":"EntryPoint","urlTemplate":"https:\/\/vilniauspaminklai.lt\/pl\/?s={search_term_string}"},"query-input":{"@type":"PropertyValueSpecification","valueRequired":true,"valueName":"search_term_string"}}],"inLanguage":"pl-PL"},{"@type":"Organization","@id":"https:\/\/vilniauspaminklai.lt\/pl\/#organization","name":"Vilniaus Paminklai","url":"https:\/\/vilniauspaminklai.lt\/pl\/","logo":{"@type":"ImageObject","inLanguage":"pl-PL","@id":"https:\/\/vilniauspaminklai.lt\/pl\/#\/schema\/logo\/image\/","url":"https:\/\/vilniauspaminklai.lt\/wp-content\/uploads\/2025\/02\/cropped-favicon.png","contentUrl":"https:\/\/vilniauspaminklai.lt\/wp-content\/uploads\/2025\/02\/cropped-favicon.png","width":512,"height":512,"caption":"Vilniaus Paminklai"},"image":{"@id":"https:\/\/vilniauspaminklai.lt\/pl\/#\/schema\/logo\/image\/"}}]}},"_links":{"self":[{"href":"https:\/\/vilniauspaminklai.lt\/pl\/wp-json\/wp\/v2\/pages\/4437","targetHints":{"allow":["GET"]}}],"collection":[{"href":"https:\/\/vilniauspaminklai.lt\/pl\/wp-json\/wp\/v2\/pages"}],"about":[{"href":"https:\/\/vilniauspaminklai.lt\/pl\/wp-json\/wp\/v2\/types\/page"}],"author":[{"embeddable":true,"href":"https:\/\/vilniauspaminklai.lt\/pl\/wp-json\/wp\/v2\/users\/1"}],"replies":[{"embeddable":true,"href":"https:\/\/vilniauspaminklai.lt\/pl\/wp-json\/wp\/v2\/comments?post=4437"}],"version-history":[{"count":1,"href":"https:\/\/vilniauspaminklai.lt\/pl\/wp-json\/wp\/v2\/pages\/4437\/revisions"}],"predecessor-version":[{"id":4438,"href":"https:\/\/vilniauspaminklai.lt\/pl\/wp-json\/wp\/v2\/pages\/4437\/revisions\/4438"}],"wp:attachment":[{"href":"https:\/\/vilniauspaminklai.lt\/pl\/wp-json\/wp\/v2\/media?parent=4437"}],"curies":[{"name":"wp","href":"https:\/\/api.w.org\/{rel}","templated":true}]}}