{"id":4805,"date":"2022-04-24T14:29:09","date_gmt":"2022-04-24T12:29:09","guid":{"rendered":"https:\/\/vilniauspaminklai.lt\/uslugi\/"},"modified":"2026-01-15T19:26:49","modified_gmt":"2026-01-15T17:26:49","slug":"uslugi","status":"publish","type":"page","link":"https:\/\/vilniauspaminklai.lt\/pl\/uslugi\/","title":{"rendered":"Us\u0142ugi"},"content":{"rendered":"<div class=\"wpb-content-wrapper\"><p>[vc_row][vc_column][vc_column_text css=&#8221;.vc_custom_1762882752994{margin-top: 32px !important;margin-bottom: 32px !important;}&#8221;]<\/p>\n<h1>Produkcja pomnik\u00f3w, instalacja, projektowanie<\/h1>\n<p>&nbsp;<\/p>\n<p>Profesjonalna produkcja pomnik\u00f3w, instalacja, projektowanie, obs\u0142uga i liternictwo to us\u0142ugi, kt\u00f3re wykonujemy odpowiedzialnie, starannie i z szacunkiem. Dla nas ka\u017cda praca to nie tylko proces techniczny, ale tak\u017ce okazja do nadania znaczenia pami\u0119ci, dlatego zwracamy szczeg\u00f3ln\u0105 uwag\u0119 na precyzj\u0119 detali, jako\u015b\u0107 materia\u0142\u00f3w i poczucie estetyki. Dok\u0142adamy wszelkich stara\u0144, aby ka\u017cdy gr\u00f3b by\u0142 schludny i elegancki, a nasza produkcja pomnik\u00f3w i inne us\u0142ugi stanowi\u0142y godny znak pami\u0119ci o bliskich. \u015awiadczymy nasze us\u0142ugi w Wilnie i na terenie ca\u0142ej Litwy, zapewniaj\u0105c jako\u015b\u0107 i trwa\u0142o\u015b\u0107.   <\/p>\n<p><strong>CO MO\u017bEMY CI ZAOFEROWA\u0106?<\/strong><\/p>\n<ul>\n<li>Bezp\u0142atna konsultacja z mistrzem rzemios\u0142a na miejscu grobu &#8211; doradzimy optymalny kszta\u0142t i projekt pomnika, bior\u0105c pod uwag\u0119 warunki miejsca grobu.<\/li>\n<li>Trwa\u0142y i wysokiej jako\u015bci materia\u0142 &#8211; u\u017cywamy tylko najlepszej jako\u015bci granitu, kt\u00f3ry jest odporny na czas i warunki atmosferyczne.<\/li>\n<li>Od projektu po instalacj\u0119, zapewniamy pe\u0142en zakres us\u0142ug, a wszystko to w spos\u00f3b odpowiedzialny i bezproblemowy.<\/li>\n<li>Gwarancja i spok\u00f3j ducha &#8211; pami\u0119\u0107 o ukochanej osobie zostanie uhonorowana w odpowiedni i trwa\u0142y spos\u00f3b.<\/li>\n<\/ul>\n<p>[\/vc_column_text][\/vc_column][\/vc_row][vc_row][vc_column width=&#8221;1\/4&#8243;]\r\n\t\t\t<div class=\"nm-feature layout-default icon-style-image-default bottom-spacing-none\"><div class=\"nm-feature-icon\"><img decoding=\"async\" src=\"https:\/\/vilniauspaminklai.lt\/wp-content\/uploads\/2022\/07\/01-raidziu-kalimas-final.jpeg\" alt=\"FA\u0141SZOWANIE LIST\u00d3W\" \/><\/div>\r\n\t\t\t\t<div class=\"nm-feature-content\"><h2>FA\u0141SZOWANIE LIST\u00d3W<\/h2><h3>List, portret i rysunek grawerowany<\/h3>\r\n\t\t\t\t\t<div class=\"wpb_text_column\"><\/div>\r\n\t\t\t\t<\/div>\r\n\t\t\t<\/div>[\/vc_column][vc_column width=&#8221;1\/4&#8243;]\r\n\t\t\t<div class=\"nm-feature layout-default icon-style-image-default bottom-spacing-none\"><div class=\"nm-feature-icon\"><img decoding=\"async\" src=\"https:\/\/vilniauspaminklai.lt\/wp-content\/uploads\/2022\/07\/04-montavimas-final.png\" alt=\"INSTALACJA\" \/><\/div>\r\n\t\t\t\t<div class=\"nm-feature-content\"><h2>INSTALACJA<\/h2><h3>Powlekanie p\u0142yt granitowych, monta\u017c \/ demonta\u017c pomnik\u00f3w, nagrobk\u00f3w<\/h3>\r\n\t\t\t\t\t<div class=\"wpb_text_column\"><\/div>\r\n\t\t\t\t<\/div>\r\n\t\t\t<\/div>[\/vc_column][vc_column width=&#8221;1\/4&#8243;]\r\n\t\t\t<div class=\"nm-feature layout-default icon-style-image-default bottom-spacing-none\"><div class=\"nm-feature-icon\"><img decoding=\"async\" src=\"https:\/\/vilniauspaminklai.lt\/wp-content\/uploads\/2022\/07\/02-gamyba-final.jpeg\" alt=\"GAMING\" \/><\/div>\r\n\t\t\t\t<div class=\"nm-feature-content\"><h2>GAMING<\/h2><h3>Produkcja p\u0142yt granitowych, pomnik\u00f3w, nagrobk\u00f3w<\/h3>\r\n\t\t\t\t\t<div class=\"wpb_text_column\"><\/div>\r\n\t\t\t\t<\/div>\r\n\t\t\t<\/div>[\/vc_column][vc_column width=&#8221;1\/4&#8243;]\r\n\t\t\t<div class=\"nm-feature layout-default icon-style-image-default bottom-spacing-none\"><div class=\"nm-feature-icon\"><img decoding=\"async\" src=\"https:\/\/vilniauspaminklai.lt\/wp-content\/uploads\/2022\/07\/03-pristatymas-final.jpeg\" alt=\"TRANSPORT\" \/><\/div>\r\n\t\t\t\t<div class=\"nm-feature-content\"><h2>TRANSPORT<\/h2><h3>Us\u0142ugi transportu pomnik\u00f3w, p\u0142yt granitowych<\/h3>\r\n\t\t\t\t\t<div class=\"wpb_text_column\"><\/div>\r\n\t\t\t\t<\/div>\r\n\t\t\t<\/div>[\/vc_column][\/vc_row][vc_row][vc_column][vc_empty_space height=&#8221;50px&#8221;][\/vc_column][\/vc_row][vc_row type=&#8221;boxed&#8221; max_width=&#8221;1280&#8243; css=&#8221;.vc_custom_1746516583407{margin-bottom: 64px !important;}&#8221;][vc_column]    <!-- CTA baneris -->\n    <section class=\"join-installers-banner \">\n      <div class=\"banner-content\">\n        <h2>Otrzymaj ofert\u0119 lub porad\u0119<\/h2>\n        <p>Skontaktuj si\u0119 i otrzymaj osobist\u0105 ofert\u0119 oraz profesjonaln\u0105 konsultacj\u0119 dotycz\u0105c\u0105 produkcji lub renowacji pomnika.<\/p>\n        <p class=\"contact-line\">\n          <strong>Telefon:<\/strong>\n                      <a href=\"tel:+37060966044\">+370 609 66044<\/a>\n                    &nbsp;&nbsp;|&nbsp;&nbsp;\n          <strong>E-mail:<\/strong>\n                      <a href=\"mailto:&#112;r&#101;&#107;yb&#097;&#064;&#118;i&#108;n&#105;a&#117;&#115;&#112;ami&#110;k&#108;&#097;&#105;.&#108;&#116;\">&#112;r&#101;&#107;yb&#097;&#064;&#118;i&#108;n&#105;a&#117;&#115;&#112;ami&#110;k&#108;&#097;&#105;.&#108;&#116;<\/a>\n                  <\/p>\n\n        <button id=\"openInstallerPopup\" class=\"cta-btn\" type=\"button\">\n          Gauti konsultacij\u0105        <\/button>\n      <\/div>\n    <\/section>\n\n    <!-- Pop-up -->\n    <div id=\"installerPopup\" class=\"popup-overlay\" aria-hidden=\"true\" role=\"dialog\">\n      <div class=\"popup-content\" role=\"document\">\n        <button id=\"closeInstallerPopup\" class=\"close-popup\" type=\"button\" aria-label=\"U\u017edaryti\">&times;<\/button>\n\n        <h2>Konsultacijos u\u017eklausa<\/h2>\n        <p>Palikite savo kontaktus \u2014 susisieksime.<\/p>\n        <div class=\"contact-line\">\n                      <span class=\"citem\"><strong>Telefon:<\/strong> <a href=\"tel:+37060966044\">+370 609 66044<\/a><\/span>\n          \n                      <span class=\"divider\" aria-hidden=\"true\">|<\/span>\n          \n                      <span class=\"citem\"><strong>E-mail:<\/strong> <a href=\"mailto:&#112;r&#101;&#107;yb&#097;&#064;&#118;i&#108;n&#105;a&#117;&#115;&#112;ami&#110;k&#108;&#097;&#105;.&#108;&#116;\">&#112;r&#101;&#107;yb&#097;&#064;&#118;i&#108;n&#105;a&#117;&#115;&#112;ami&#110;k&#108;&#097;&#105;.&#108;&#116;<\/a><\/span>\n                  <\/div>\n\n        <div class=\"popup-form\">\n          \n<div class=\"wpcf7 no-js\" id=\"wpcf7-f5779-o1\" lang=\"pl-PL\" dir=\"ltr\" data-wpcf7-id=\"5779\">\n<div class=\"screen-reader-response\"><p role=\"status\" aria-live=\"polite\" aria-atomic=\"true\"><\/p> <ul><\/ul><\/div>\n<form action=\"\/pl\/wp-json\/wp\/v2\/pages\/4805#wpcf7-f5779-o1\" method=\"post\" class=\"wpcf7-form init\" aria-label=\"Formularz kontaktowy\" novalidate=\"novalidate\" data-status=\"init\">\n<fieldset class=\"hidden-fields-container\"><input type=\"hidden\" name=\"_wpcf7\" value=\"5779\" \/><input type=\"hidden\" name=\"_wpcf7_version\" value=\"6.1.5\" \/><input type=\"hidden\" name=\"_wpcf7_locale\" value=\"pl_PL\" \/><input type=\"hidden\" name=\"_wpcf7_unit_tag\" value=\"wpcf7-f5779-o1\" \/><input type=\"hidden\" name=\"_wpcf7_container_post\" value=\"0\" \/><input type=\"hidden\" name=\"_wpcf7_posted_data_hash\" value=\"\" \/>\n<\/fieldset>\n<div class=\"wpcf7-turnstile cf-turnstile\" data-sitekey=\"0x4AAAAAAChEb2UTPansgMBv\" data-response-field-name=\"_wpcf7_turnstile_response\"><\/div>\n\n<p class=\"half\"><span class=\"wpcf7-form-control-wrap\" data-name=\"your-name\"><input size=\"40\" maxlength=\"400\" class=\"wpcf7-form-control wpcf7-text wpcf7-validates-as-required\" aria-required=\"true\" aria-invalid=\"false\" placeholder=\"Nazwa *\" value=\"\" type=\"text\" name=\"your-name\" \/><\/span>\n<\/p>\n<p class=\"half\"><span class=\"wpcf7-form-control-wrap\" data-name=\"your-phone\"><input size=\"40\" maxlength=\"400\" class=\"wpcf7-form-control wpcf7-text wpcf7-validates-as-required\" autocomplete=\"tel\" aria-required=\"true\" aria-invalid=\"false\" placeholder=\"Telefon *.\" value=\"\" type=\"text\" name=\"your-phone\" \/><\/span>\n<\/p>\n<p><span class=\"wpcf7-form-control-wrap\" data-name=\"your-email\"><input size=\"40\" maxlength=\"400\" class=\"wpcf7-form-control wpcf7-email wpcf7-validates-as-required wpcf7-text wpcf7-validates-as-email\" autocomplete=\"email\" aria-required=\"true\" aria-invalid=\"false\" placeholder=\"Email *\" value=\"\" type=\"email\" name=\"your-email\" \/><\/span>\n<\/p>\n<p><span class=\"wpcf7-form-control-wrap\" data-name=\"your-message\"><textarea cols=\"10\" rows=\"3\" maxlength=\"2000\" class=\"wpcf7-form-control wpcf7-textarea\" aria-invalid=\"false\" placeholder=\"Raport\" name=\"your-message\"><\/textarea><\/span>\n<\/p>\n<p><input class=\"wpcf7-form-control wpcf7-submit has-spinner\" type=\"submit\" value=\"Wy\u015blij do\" \/>\n<\/p><p style=\"display: none !important;\" class=\"akismet-fields-container\" data-prefix=\"_wpcf7_ak_\"><label>&#916;<textarea name=\"_wpcf7_ak_hp_textarea\" cols=\"45\" rows=\"8\" maxlength=\"100\"><\/textarea><\/label><input type=\"hidden\" id=\"ak_js_1\" name=\"_wpcf7_ak_js\" value=\"233\"\/><script>document.getElementById( \"ak_js_1\" ).setAttribute( \"value\", ( new Date() ).getTime() );<\/script><\/p><div class=\"wpcf7-response-output\" aria-hidden=\"true\"><\/div>\n<\/form>\n<\/div>\n        <\/div>\n      <\/div>\n    <\/div>\n[\/vc_column][\/vc_row]<\/p>\n<\/div>","protected":false},"excerpt":{"rendered":"<p>[vc_row][vc_column][vc_column_text css=&#8221;.vc_custom_1762882752994{margin-top: 32px !important;margin-bottom: 32px !important;}&#8221;] Produkcja pomnik\u00f3w, instalacja, projektowanie &nbsp; Profesjonalna produkcja pomnik\u00f3w, instalacja, projektowanie, obs\u0142uga i liternictwo to us\u0142ugi, kt\u00f3re wykonujemy odpowiedzialnie, starannie i z szacunkiem. Dla nas ka\u017cda praca to nie tylko proces techniczny, ale tak\u017ce okazja do nadania znaczenia pami\u0119ci, dlatego zwracamy szczeg\u00f3ln\u0105 uwag\u0119 na precyzj\u0119 detali, jako\u015b\u0107 materia\u0142\u00f3w i poczucie &hellip;<\/p>\n","protected":false},"author":1,"featured_media":4806,"parent":0,"menu_order":0,"comment_status":"closed","ping_status":"closed","template":"","meta":{"_acf_changed":false,"inline_featured_image":false,"footnotes":""},"class_list":["post-4805","page","type-page","status-publish","has-post-thumbnail","hentry"],"acf":[],"yoast_head":"<!-- This site is optimized with the Yoast SEO plugin v27.3 - https:\/\/yoast.com\/product\/yoast-seo-wordpress\/ -->\n<title>Produkcja pomnik\u00f3w, instalacja | Vilniauspaminklai.lt<\/title>\n<meta name=\"description\" content=\"Profesjonalna produkcja i monta\u017c pomnik\u00f3w w Wilnie i na ca\u0142ej Litwie. Projektowanie grob\u00f3w, zarz\u0105dzanie, renowacja, kucie liter i inne us\u0142ugi.\" \/>\n<meta name=\"robots\" content=\"index, follow, max-snippet:-1, max-image-preview:large, max-video-preview:-1\" \/>\n<link rel=\"canonical\" href=\"https:\/\/vilniauspaminklai.lt\/pl\/uslugi\/\" \/>\n<meta property=\"og:locale\" content=\"pl_PL\" \/>\n<meta property=\"og:type\" content=\"article\" \/>\n<meta property=\"og:title\" content=\"Produkcja pomnik\u00f3w, instalacja | Vilniauspaminklai.lt\" \/>\n<meta property=\"og:description\" content=\"Profesjonalna produkcja i monta\u017c pomnik\u00f3w w Wilnie i na ca\u0142ej Litwie. Projektowanie grob\u00f3w, zarz\u0105dzanie, renowacja, kucie liter i inne us\u0142ugi.\" \/>\n<meta property=\"og:url\" content=\"https:\/\/vilniauspaminklai.lt\/pl\/uslugi\/\" \/>\n<meta property=\"og:site_name\" content=\"Vilniauspaminklai.lt\" \/>\n<meta property=\"article:modified_time\" content=\"2026-01-15T17:26:49+00:00\" \/>\n<meta property=\"og:image\" content=\"https:\/\/vilniauspaminklai.lt\/wp-content\/uploads\/2022\/07\/01-raidziu-kalimas-final.jpeg\" \/>\n\t<meta property=\"og:image:width\" content=\"850\" \/>\n\t<meta property=\"og:image:height\" content=\"567\" \/>\n\t<meta property=\"og:image:type\" content=\"image\/jpeg\" \/>\n<meta name=\"twitter:card\" content=\"summary_large_image\" \/>\n<meta name=\"twitter:label1\" content=\"Szacowany czas czytania\" \/>\n\t<meta name=\"twitter:data1\" content=\"2 minuty\" \/>\n<script type=\"application\/ld+json\" class=\"yoast-schema-graph\">{\"@context\":\"https:\\\/\\\/schema.org\",\"@graph\":[{\"@type\":\"WebPage\",\"@id\":\"https:\\\/\\\/vilniauspaminklai.lt\\\/pl\\\/uslugi\\\/\",\"url\":\"https:\\\/\\\/vilniauspaminklai.lt\\\/pl\\\/uslugi\\\/\",\"name\":\"Produkcja pomnik\u00f3w, instalacja | Vilniauspaminklai.lt\",\"isPartOf\":{\"@id\":\"https:\\\/\\\/vilniauspaminklai.lt\\\/pl\\\/#website\"},\"primaryImageOfPage\":{\"@id\":\"https:\\\/\\\/vilniauspaminklai.lt\\\/pl\\\/uslugi\\\/#primaryimage\"},\"image\":{\"@id\":\"https:\\\/\\\/vilniauspaminklai.lt\\\/pl\\\/uslugi\\\/#primaryimage\"},\"thumbnailUrl\":\"https:\\\/\\\/vilniauspaminklai.lt\\\/wp-content\\\/uploads\\\/2022\\\/07\\\/01-raidziu-kalimas-final.jpeg\",\"datePublished\":\"2022-04-24T12:29:09+00:00\",\"dateModified\":\"2026-01-15T17:26:49+00:00\",\"description\":\"Profesjonalna produkcja i monta\u017c pomnik\u00f3w w Wilnie i na ca\u0142ej Litwie. Projektowanie grob\u00f3w, zarz\u0105dzanie, renowacja, kucie liter i inne us\u0142ugi.\",\"breadcrumb\":{\"@id\":\"https:\\\/\\\/vilniauspaminklai.lt\\\/pl\\\/uslugi\\\/#breadcrumb\"},\"inLanguage\":\"pl-PL\",\"potentialAction\":[{\"@type\":\"ReadAction\",\"target\":[\"https:\\\/\\\/vilniauspaminklai.lt\\\/pl\\\/uslugi\\\/\"]}]},{\"@type\":\"ImageObject\",\"inLanguage\":\"pl-PL\",\"@id\":\"https:\\\/\\\/vilniauspaminklai.lt\\\/pl\\\/uslugi\\\/#primaryimage\",\"url\":\"https:\\\/\\\/vilniauspaminklai.lt\\\/wp-content\\\/uploads\\\/2022\\\/07\\\/01-raidziu-kalimas-final.jpeg\",\"contentUrl\":\"https:\\\/\\\/vilniauspaminklai.lt\\\/wp-content\\\/uploads\\\/2022\\\/07\\\/01-raidziu-kalimas-final.jpeg\",\"width\":850,\"height\":567,\"caption\":\"produkcja pomnik\u00f3w w Wilnie\"},{\"@type\":\"BreadcrumbList\",\"@id\":\"https:\\\/\\\/vilniauspaminklai.lt\\\/pl\\\/uslugi\\\/#breadcrumb\",\"itemListElement\":[{\"@type\":\"ListItem\",\"position\":1,\"name\":\"Home\",\"item\":\"https:\\\/\\\/vilniauspaminklai.lt\\\/pl\\\/\"},{\"@type\":\"ListItem\",\"position\":2,\"name\":\"Us\u0142ugi\"}]},{\"@type\":\"WebSite\",\"@id\":\"https:\\\/\\\/vilniauspaminklai.lt\\\/pl\\\/#website\",\"url\":\"https:\\\/\\\/vilniauspaminklai.lt\\\/pl\\\/\",\"name\":\"Vilniauspaminklai.lt\",\"description\":\"Vilniauspaminklai.lt\",\"publisher\":{\"@id\":\"https:\\\/\\\/vilniauspaminklai.lt\\\/pl\\\/#organization\"},\"potentialAction\":[{\"@type\":\"SearchAction\",\"target\":{\"@type\":\"EntryPoint\",\"urlTemplate\":\"https:\\\/\\\/vilniauspaminklai.lt\\\/pl\\\/?s={search_term_string}\"},\"query-input\":{\"@type\":\"PropertyValueSpecification\",\"valueRequired\":true,\"valueName\":\"search_term_string\"}}],\"inLanguage\":\"pl-PL\"},{\"@type\":\"Organization\",\"@id\":\"https:\\\/\\\/vilniauspaminklai.lt\\\/pl\\\/#organization\",\"name\":\"Vilniaus Paminklai\",\"url\":\"https:\\\/\\\/vilniauspaminklai.lt\\\/pl\\\/\",\"logo\":{\"@type\":\"ImageObject\",\"inLanguage\":\"pl-PL\",\"@id\":\"https:\\\/\\\/vilniauspaminklai.lt\\\/pl\\\/#\\\/schema\\\/logo\\\/image\\\/\",\"url\":\"https:\\\/\\\/vilniauspaminklai.lt\\\/wp-content\\\/uploads\\\/2025\\\/02\\\/cropped-favicon.png\",\"contentUrl\":\"https:\\\/\\\/vilniauspaminklai.lt\\\/wp-content\\\/uploads\\\/2025\\\/02\\\/cropped-favicon.png\",\"width\":512,\"height\":512,\"caption\":\"Vilniaus Paminklai\"},\"image\":{\"@id\":\"https:\\\/\\\/vilniauspaminklai.lt\\\/pl\\\/#\\\/schema\\\/logo\\\/image\\\/\"}}]}<\/script>\n<!-- \/ Yoast SEO plugin. -->","yoast_head_json":{"title":"Produkcja pomnik\u00f3w, instalacja | Vilniauspaminklai.lt","description":"Profesjonalna produkcja i monta\u017c pomnik\u00f3w w Wilnie i na ca\u0142ej Litwie. Projektowanie grob\u00f3w, zarz\u0105dzanie, renowacja, kucie liter i inne us\u0142ugi.","robots":{"index":"index","follow":"follow","max-snippet":"max-snippet:-1","max-image-preview":"max-image-preview:large","max-video-preview":"max-video-preview:-1"},"canonical":"https:\/\/vilniauspaminklai.lt\/pl\/uslugi\/","og_locale":"pl_PL","og_type":"article","og_title":"Produkcja pomnik\u00f3w, instalacja | Vilniauspaminklai.lt","og_description":"Profesjonalna produkcja i monta\u017c pomnik\u00f3w w Wilnie i na ca\u0142ej Litwie. Projektowanie grob\u00f3w, zarz\u0105dzanie, renowacja, kucie liter i inne us\u0142ugi.","og_url":"https:\/\/vilniauspaminklai.lt\/pl\/uslugi\/","og_site_name":"Vilniauspaminklai.lt","article_modified_time":"2026-01-15T17:26:49+00:00","og_image":[{"width":850,"height":567,"url":"https:\/\/vilniauspaminklai.lt\/wp-content\/uploads\/2022\/07\/01-raidziu-kalimas-final.jpeg","type":"image\/jpeg"}],"twitter_card":"summary_large_image","twitter_misc":{"Szacowany czas czytania":"2 minuty"},"schema":{"@context":"https:\/\/schema.org","@graph":[{"@type":"WebPage","@id":"https:\/\/vilniauspaminklai.lt\/pl\/uslugi\/","url":"https:\/\/vilniauspaminklai.lt\/pl\/uslugi\/","name":"Produkcja pomnik\u00f3w, instalacja | Vilniauspaminklai.lt","isPartOf":{"@id":"https:\/\/vilniauspaminklai.lt\/pl\/#website"},"primaryImageOfPage":{"@id":"https:\/\/vilniauspaminklai.lt\/pl\/uslugi\/#primaryimage"},"image":{"@id":"https:\/\/vilniauspaminklai.lt\/pl\/uslugi\/#primaryimage"},"thumbnailUrl":"https:\/\/vilniauspaminklai.lt\/wp-content\/uploads\/2022\/07\/01-raidziu-kalimas-final.jpeg","datePublished":"2022-04-24T12:29:09+00:00","dateModified":"2026-01-15T17:26:49+00:00","description":"Profesjonalna produkcja i monta\u017c pomnik\u00f3w w Wilnie i na ca\u0142ej Litwie. Projektowanie grob\u00f3w, zarz\u0105dzanie, renowacja, kucie liter i inne us\u0142ugi.","breadcrumb":{"@id":"https:\/\/vilniauspaminklai.lt\/pl\/uslugi\/#breadcrumb"},"inLanguage":"pl-PL","potentialAction":[{"@type":"ReadAction","target":["https:\/\/vilniauspaminklai.lt\/pl\/uslugi\/"]}]},{"@type":"ImageObject","inLanguage":"pl-PL","@id":"https:\/\/vilniauspaminklai.lt\/pl\/uslugi\/#primaryimage","url":"https:\/\/vilniauspaminklai.lt\/wp-content\/uploads\/2022\/07\/01-raidziu-kalimas-final.jpeg","contentUrl":"https:\/\/vilniauspaminklai.lt\/wp-content\/uploads\/2022\/07\/01-raidziu-kalimas-final.jpeg","width":850,"height":567,"caption":"produkcja pomnik\u00f3w w Wilnie"},{"@type":"BreadcrumbList","@id":"https:\/\/vilniauspaminklai.lt\/pl\/uslugi\/#breadcrumb","itemListElement":[{"@type":"ListItem","position":1,"name":"Home","item":"https:\/\/vilniauspaminklai.lt\/pl\/"},{"@type":"ListItem","position":2,"name":"Us\u0142ugi"}]},{"@type":"WebSite","@id":"https:\/\/vilniauspaminklai.lt\/pl\/#website","url":"https:\/\/vilniauspaminklai.lt\/pl\/","name":"Vilniauspaminklai.lt","description":"Vilniauspaminklai.lt","publisher":{"@id":"https:\/\/vilniauspaminklai.lt\/pl\/#organization"},"potentialAction":[{"@type":"SearchAction","target":{"@type":"EntryPoint","urlTemplate":"https:\/\/vilniauspaminklai.lt\/pl\/?s={search_term_string}"},"query-input":{"@type":"PropertyValueSpecification","valueRequired":true,"valueName":"search_term_string"}}],"inLanguage":"pl-PL"},{"@type":"Organization","@id":"https:\/\/vilniauspaminklai.lt\/pl\/#organization","name":"Vilniaus Paminklai","url":"https:\/\/vilniauspaminklai.lt\/pl\/","logo":{"@type":"ImageObject","inLanguage":"pl-PL","@id":"https:\/\/vilniauspaminklai.lt\/pl\/#\/schema\/logo\/image\/","url":"https:\/\/vilniauspaminklai.lt\/wp-content\/uploads\/2025\/02\/cropped-favicon.png","contentUrl":"https:\/\/vilniauspaminklai.lt\/wp-content\/uploads\/2025\/02\/cropped-favicon.png","width":512,"height":512,"caption":"Vilniaus Paminklai"},"image":{"@id":"https:\/\/vilniauspaminklai.lt\/pl\/#\/schema\/logo\/image\/"}}]}},"_links":{"self":[{"href":"https:\/\/vilniauspaminklai.lt\/pl\/wp-json\/wp\/v2\/pages\/4805","targetHints":{"allow":["GET"]}}],"collection":[{"href":"https:\/\/vilniauspaminklai.lt\/pl\/wp-json\/wp\/v2\/pages"}],"about":[{"href":"https:\/\/vilniauspaminklai.lt\/pl\/wp-json\/wp\/v2\/types\/page"}],"author":[{"embeddable":true,"href":"https:\/\/vilniauspaminklai.lt\/pl\/wp-json\/wp\/v2\/users\/1"}],"replies":[{"embeddable":true,"href":"https:\/\/vilniauspaminklai.lt\/pl\/wp-json\/wp\/v2\/comments?post=4805"}],"version-history":[{"count":2,"href":"https:\/\/vilniauspaminklai.lt\/pl\/wp-json\/wp\/v2\/pages\/4805\/revisions"}],"predecessor-version":[{"id":4811,"href":"https:\/\/vilniauspaminklai.lt\/pl\/wp-json\/wp\/v2\/pages\/4805\/revisions\/4811"}],"wp:featuredmedia":[{"embeddable":true,"href":"https:\/\/vilniauspaminklai.lt\/pl\/wp-json\/wp\/v2\/media\/4806"}],"wp:attachment":[{"href":"https:\/\/vilniauspaminklai.lt\/pl\/wp-json\/wp\/v2\/media?parent=4805"}],"curies":[{"name":"wp","href":"https:\/\/api.w.org\/{rel}","templated":true}]}}