{"id":4820,"date":"2015-08-12T14:37:01","date_gmt":"2015-08-12T12:37:01","guid":{"rendered":"https:\/\/vilniauspaminklai.lt\/kontakt\/"},"modified":"2026-02-09T09:27:17","modified_gmt":"2026-02-09T07:27:17","slug":"kontakt","status":"publish","type":"page","link":"https:\/\/vilniauspaminklai.lt\/pl\/kontakt\/","title":{"rendered":"Kontakt"},"content":{"rendered":"<div class=\"wpb-content-wrapper\"><p>[vc_row][vc_column css=&#8221;.vc_custom_1433192840435{padding-top: 44px !important;}&#8221;][\/vc_column][\/vc_row][vc_row css=&#8221;.vc_custom_1650372084537{margin-top: 50px !important;margin-bottom: 50px !important;}&#8221;][vc_column width=&#8221;1\/2&#8243;][vc_column_text]<\/p>\n<h1>Kontakt<\/h1>\n<p>[\/vc_column_text][vc_empty_space height=&#8221;17px&#8221;][vc_column_text css=&#8221;&#8221;]Adres: <a href=\"https:\/\/www.google.com\/maps?ll=54.669288,25.231798&amp;z=16&amp;t=m&amp;hl=en-GB&amp;gl=US&amp;mapclient=embed&amp;q=Girait%C4%97s+g.+4+Vilnius+03150+Vilniaus+m.+sav.\" target=\"_blank\" rel=\"nofollow noopener sponsored\">Girait\u0117s ul.4<\/a><a href=\"https:\/\/www.google.com\/maps?ll=54.669288,25.231798&amp;z=16&amp;t=m&amp;hl=en-GB&amp;gl=US&amp;mapclient=embed&amp;q=Girait%C4%97s+g.+4+Vilnius+03150+Vilniaus+m.+sav.\" target=\"_blank\" rel=\"nofollow noopener sponsored\">, Wilno<\/a><br \/>\nTelefon kom\u00f3rkowy <a href=\"tel:+37060174931\">+370 601 74931<\/a><\/p>\n<p>Adres: <a href=\"https:\/\/www.google.com\/maps?ll=54.712286,25.151173&amp;z=16&amp;t=m&amp;hl=en-GB&amp;gl=US&amp;mapclient=embed&amp;q=%C4%8Cekoni%C5%A1ki%C5%B3+g.+11+Vilnius+06282+Vilniaus+m.+sav.\" target=\"_blank\" rel=\"nofollow noopener sponsored\">\u00a0\u010cekoni\u0161ki\u0173 ul.11, Wilno<\/a><\/p>\n<p>Mobile: <a href=\"tel:+37060966062\">+37060966062<\/a><\/p>\n<p>Adres.\u00a0 <a href=\"https:\/\/www.google.com\/maps?ll=54.64123,25.260101&amp;z=16&amp;t=m&amp;hl=en-GB&amp;gl=US&amp;mapclient=embed&amp;q=Ei%C5%A1i%C5%A1ki%C5%B3+pl.+51+Vilnius+02184+Vilniaus+m.+sav.\" target=\"_blank\" rel=\"nofollow noopener sponsored\">Ei\u0161i\u0161ki\u0173 al. 51<\/a><a href=\"https:\/\/www.google.com\/maps?ll=54.64123,25.260101&amp;z=16&amp;t=m&amp;hl=en-GB&amp;gl=US&amp;mapclient=embed&amp;q=Ei%C5%A1i%C5%A1ki%C5%B3+pl.+51+Vilnius+02184+Vilniaus+m.+sav.\" target=\"_blank\" rel=\"nofollow noopener sponsored\">, Wilno<\/a><\/p>\n<p>Telefon <a href=\"tel:+37064696009\">+370 606 78005<\/a><\/p>\n<p>Adres: <a href=\"https:\/\/www.google.com\/maps\/place\/Liepkalnio+g.+57,+Vilnius,+02119+Vilniaus+m.+sav.\/@54.6564185,25.2997971,645m\/data=!3m2!1e3!4b1!4m6!3m5!1s0x46dd94530aa10bcf:0x46d719c385b6248f!8m2!3d54.6564185!4d25.302372!16s%2Fg%2F11c17h8lvx?entry=ttu&amp;g_ep=EgoyMDI1MDQyMy4wIKXMDSoASAFQAw%3D%3D\" target=\"_blank\" rel=\"nofollow noopener sponsored\"> Liepkalnio ul. 57, Wilno <\/a><br \/>\nTelefon <a href=\"tel:+37065068850\">+370 650 68850<\/a><\/p>\n<p>E-mail: <a href=\"mailto:info@vilniauspaminklai.lt\">info@vilniauspaminklai.lt<\/a>[\/vc_column_text][\/vc_column][vc_column width=&#8221;1\/2&#8243;][vc_column_text css=&#8221;&#8221;]<\/p>\n<h4><strong>Skontaktuj si\u0119 z nami w sprawie produkcji pomnik\u00f3w w Wilnie<\/strong><\/h4>\n<p>[\/vc_column_text][vc_empty_space height=&#8221;23px&#8221;]\n<div class=\"wpcf7 no-js\" id=\"wpcf7-f5779-o1\" lang=\"pl-PL\" dir=\"ltr\" data-wpcf7-id=\"5779\">\n<div class=\"screen-reader-response\"><p role=\"status\" aria-live=\"polite\" aria-atomic=\"true\"><\/p> <ul><\/ul><\/div>\n<form action=\"\/pl\/wp-json\/wp\/v2\/pages\/4820#wpcf7-f5779-o1\" method=\"post\" class=\"wpcf7-form init\" aria-label=\"Formularz kontaktowy\" novalidate=\"novalidate\" data-status=\"init\">\n<fieldset class=\"hidden-fields-container\"><input type=\"hidden\" name=\"_wpcf7\" value=\"5779\" \/><input type=\"hidden\" name=\"_wpcf7_version\" value=\"6.1.5\" \/><input type=\"hidden\" name=\"_wpcf7_locale\" value=\"pl_PL\" \/><input type=\"hidden\" name=\"_wpcf7_unit_tag\" value=\"wpcf7-f5779-o1\" \/><input type=\"hidden\" name=\"_wpcf7_container_post\" value=\"0\" \/><input type=\"hidden\" name=\"_wpcf7_posted_data_hash\" value=\"\" \/>\n<\/fieldset>\n<div class=\"wpcf7-turnstile cf-turnstile\" data-sitekey=\"0x4AAAAAAChEb2UTPansgMBv\" data-response-field-name=\"_wpcf7_turnstile_response\"><\/div>\n\n<p class=\"half\"><span class=\"wpcf7-form-control-wrap\" data-name=\"your-name\"><input size=\"40\" maxlength=\"400\" class=\"wpcf7-form-control wpcf7-text wpcf7-validates-as-required\" aria-required=\"true\" aria-invalid=\"false\" placeholder=\"Nazwa *\" value=\"\" type=\"text\" name=\"your-name\" \/><\/span>\n<\/p>\n<p class=\"half\"><span class=\"wpcf7-form-control-wrap\" data-name=\"your-phone\"><input size=\"40\" maxlength=\"400\" class=\"wpcf7-form-control wpcf7-text wpcf7-validates-as-required\" autocomplete=\"tel\" aria-required=\"true\" aria-invalid=\"false\" placeholder=\"Telefon *.\" value=\"\" type=\"text\" name=\"your-phone\" \/><\/span>\n<\/p>\n<p><span class=\"wpcf7-form-control-wrap\" data-name=\"your-email\"><input size=\"40\" maxlength=\"400\" class=\"wpcf7-form-control wpcf7-email wpcf7-validates-as-required wpcf7-text wpcf7-validates-as-email\" autocomplete=\"email\" aria-required=\"true\" aria-invalid=\"false\" placeholder=\"Email *\" value=\"\" type=\"email\" name=\"your-email\" \/><\/span>\n<\/p>\n<p><span class=\"wpcf7-form-control-wrap\" data-name=\"your-message\"><textarea cols=\"10\" rows=\"3\" maxlength=\"2000\" class=\"wpcf7-form-control wpcf7-textarea\" aria-invalid=\"false\" placeholder=\"Raport\" name=\"your-message\"><\/textarea><\/span>\n<\/p>\n<p><input class=\"wpcf7-form-control wpcf7-submit has-spinner\" type=\"submit\" value=\"Wy\u015blij do\" \/>\n<\/p><p style=\"display: none !important;\" class=\"akismet-fields-container\" data-prefix=\"_wpcf7_ak_\"><label>&#916;<textarea name=\"_wpcf7_ak_hp_textarea\" cols=\"45\" rows=\"8\" maxlength=\"100\"><\/textarea><\/label><input type=\"hidden\" id=\"ak_js_1\" name=\"_wpcf7_ak_js\" value=\"17\"\/><script>document.getElementById( \"ak_js_1\" ).setAttribute( \"value\", ( new Date() ).getTime() );<\/script><\/p><div class=\"wpcf7-response-output\" aria-hidden=\"true\"><\/div>\n<\/form>\n<\/div>\n[\/vc_column][\/vc_row][vc_row css=&#8221;.vc_custom_1745870536603{margin-bottom: 32px !important;}&#8221;][vc_column width=&#8221;1\/2&#8243;][vc_column_text]<\/p>\n<h4>Godziny otwarcia<\/h4>\n<p>[\/vc_column_text][vc_empty_space height=&#8221;17px&#8221;][vc_column_text]Poniedzia\u0142ek &#8211; sobota<br \/>\nCzynne od 9:00 do 18:00<br \/>\nZamkni\u0119te w niedziele.[\/vc_column_text][\/vc_column][vc_column width=&#8221;1\/2&#8243;][vc_column_text]<\/p>\n<h4>Szczeg\u00f3\u0142y firmy<\/h4>\n<p>[\/vc_column_text][vc_empty_space height=&#8221;17px&#8221;][vc_column_text]<strong>UAB &#8222;Ovista<\/strong>&#8221;<br \/>\nSavanori\u0173 pr. 180, LT-03154 Wilno<br \/>\nKod firmy: 124561548<br \/>\nKod VAT: LT245615412[\/vc_column_text][\/vc_column][\/vc_row][vc_row][vc_column width=&#8221;1\/2&#8243;][vc_column_text css=&#8221;&#8221;]<\/p>\n<h3>Ekspozycja zabytk\u00f3w: <a href=\"https:\/\/www.google.com\/maps?ll=54.669288,25.231798&amp;z=16&amp;t=m&amp;hl=en-GB&amp;gl=US&amp;mapclient=embed&amp;q=Girait%C4%97s+g.+4+Vilnius+03150+Vilniaus+m.+sav.\" target=\"_blank\" rel=\"nofollow noopener sponsored\">4, Girait\u0117s str.4, Wilno<\/a><\/h3>\n<p>[\/vc_column_text][vc_empty_space height=&#8221;30px&#8221;]<div class=\"nm-gmap-embed\" style=\"height:500px\"><iframe src=\"https:\/\/www.google.com\/maps\/embed?pb=!1m14!1m8!1m3!1d5816.298666852917!2d25.231798!3d54.66928800000001!3m2!1i1024!2i768!4f13.1!3m3!1m2!1s0x46dd9381419b4d8d%3A0x8ca0e1bc6a5eada8!2sGirait%C4%97s%20g.%204%2C%20Vilnius%2C%2003150%20Vilniaus%20m.%20sav.%2C%20Lithuania!5e1!3m2!1sen!2sus!4v1760640904405!5m2!1sen!2sus\" width=\"600\" height=\"450\" style=\"border:0;\" allowfullscreen=\"\" loading=\"lazy\" referrerpolicy=\"no-referrer-when-downgrade\"><\/iframe><\/div>[\/vc_column][vc_column width=&#8221;1\/2&#8243;][vc_column_text css=&#8221;&#8221;]<\/p>\n<h3>Ekspozycja zabytk\u00f3w: <a href=\"https:\/\/www.google.com\/maps?ll=54.712286,25.151173&amp;z=16&amp;t=m&amp;hl=en-GB&amp;gl=US&amp;mapclient=embed&amp;q=%C4%8Cekoni%C5%A1ki%C5%B3+g.+11+Vilnius+06282+Vilniaus+m.+sav.\" target=\"_blank\" rel=\"nofollow noopener sponsored\">ul. \u010cekoni\u0161ki\u0173 11, Wilno<\/a><\/h3>\n<p>[\/vc_column_text][vc_empty_space height=&#8221;30px&#8221;]<div class=\"nm-gmap-embed\" style=\"height:500px\"><iframe src=\"https:\/\/www.google.com\/maps\/embed?pb=!1m14!1m8!1m3!1d5810.1392897536625!2d25.151173!3d54.712286!3m2!1i1024!2i768!4f13.1!3m3!1m2!1s0x46dd92115736d52b%3A0x1a7b42a231c07957!2s%C4%8Cekoni%C5%A1ki%C5%B3%20g.%2011%2C%20Vilnius%2C%2006282%20Vilniaus%20m.%20sav.%2C%20Lithuania!5e1!3m2!1sen!2sus!4v1760640945827!5m2!1sen!2sus\" width=\"600\" height=\"450\" style=\"border:0;\" allowfullscreen=\"\" loading=\"lazy\" referrerpolicy=\"no-referrer-when-downgrade\"><\/iframe><\/div>[\/vc_column][\/vc_row][vc_row][vc_column][vc_empty_space height=&#8221;60px&#8221;][\/vc_column][\/vc_row][vc_row][vc_column width=&#8221;1\/2&#8243;][vc_column_text css=&#8221;&#8221;]<\/p>\n<h3>Ekspozycja zabytk\u00f3w. <a href=\"https:\/\/www.google.com\/maps?ll=54.64123,25.260101&amp;z=16&amp;t=m&amp;hl=en-GB&amp;gl=US&amp;mapclient=embed&amp;q=Ei%C5%A1i%C5%A1ki%C5%B3+pl.+51+Vilnius+02184+Vilniaus+m.+sav.\" target=\"_blank\" rel=\"nofollow noopener sponsored\">51, Wilno<\/a><\/h3>\n<p>[\/vc_column_text][vc_empty_space height=&#8221;30px&#8221;]<div class=\"nm-gmap-embed\" style=\"height:500px\"><iframe src=\"https:\/\/www.google.com\/maps\/embed?pb=!1m14!1m8!1m3!1d5820.316153034067!2d25.260101!3d54.64123!3m2!1i1024!2i768!4f13.1!3m3!1m2!1s0x46dd94ec0c06af27%3A0xfb3f58995c4159fd!2sEi%C5%A1i%C5%A1ki%C5%B3%20pl.%2051%2C%20Vilnius%2C%2002184%20Vilniaus%20m.%20sav.%2C%20Lithuania!5e1!3m2!1sen!2sus!4v1760640962791!5m2!1sen!2sus\" width=\"600\" height=\"450\" style=\"border:0;\" allowfullscreen=\"\" loading=\"lazy\" referrerpolicy=\"no-referrer-when-downgrade\"><\/iframe><\/div>[\/vc_column][vc_column width=&#8221;1\/2&#8243;][vc_column_text css=&#8221;&#8221;]<\/p>\n<h3>Ekspozycja zabytk\u00f3w: <a href=\"https:\/\/www.google.com\/maps\/place\/Liepkalnio+g.+57,+Vilnius,+02119+Vilniaus+m.+sav.\/@54.6564185,25.2997971,645m\/data=!3m2!1e3!4b1!4m6!3m5!1s0x46dd94530aa10bcf:0x46d719c385b6248f!8m2!3d54.6564185!4d25.302372!16s%2Fg%2F11c17h8lvx?entry=ttu&amp;g_ep=EgoyMDI1MDQyMy4wIKXMDSoASAFQAw%3D%3D\" target=\"_blank\" rel=\"nofollow noopener sponsored\">ul. Liepkalnio 57, Wilno<\/a><\/h3>\n<p>[\/vc_column_text][vc_empty_space height=&#8221;30px&#8221;]<div class=\"nm-gmap-embed\" style=\"height:500px\"><iframe src=\"https:\/\/www.google.com\/maps\/embed?pb=!1m18!1m12!1m3!1d2909.070780047177!2d25.302372!3d54.656418499999994!2m3!1f0!2f0!3f0!3m2!1i1024!2i768!4f13.1!3m3!1m2!1s0x46dd94530aa10bcf%3A0x46d719c385b6248f!2sLiepkalnio%20g.%2057%2C%20Vilnius%2C%2002119%20Vilniaus%20m.%20sav.!5e1!3m2!1slt!2slt!4v1760640974374!5m2!1slt!2slt\" width=\"600\" height=\"450\" style=\"border:0;\" allowfullscreen=\"\" loading=\"lazy\" referrerpolicy=\"no-referrer-when-downgrade\"><\/iframe><\/div>[\/vc_column][\/vc_row][vc_row][vc_column][vc_empty_space height=&#8221;60px&#8221;][\/vc_column][\/vc_row]<\/p>\n<\/div>","protected":false},"excerpt":{"rendered":"<p>[vc_row][vc_column css=&#8221;.vc_custom_1433192840435{padding-top: 44px !important;}&#8221;][\/vc_column][\/vc_row][vc_row css=&#8221;.vc_custom_1650372084537{margin-top: 50px !important;margin-bottom: 50px !important;}&#8221;][vc_column width=&#8221;1\/2&#8243;][vc_column_text] Kontakt [\/vc_column_text][vc_empty_space height=&#8221;17px&#8221;][vc_column_text css=&#8221;&#8221;]Adres: Girait\u0117s ul.4, Wilno Telefon kom\u00f3rkowy +370 601 74931 Adres: \u00a0\u010cekoni\u0161ki\u0173 ul.11, Wilno Mobile: +37060966062 Adres.\u00a0 Ei\u0161i\u0161ki\u0173 al. 51, Wilno Telefon +370 606 78005 Adres: Liepkalnio ul. 57, Wilno Telefon +370 650 68850 E-mail: info@vilniauspaminklai.lt[\/vc_column_text][\/vc_column][vc_column width=&#8221;1\/2&#8243;][vc_column_text css=&#8221;&#8221;] Skontaktuj si\u0119 z nami w &hellip;<\/p>\n","protected":false},"author":1,"featured_media":4821,"parent":0,"menu_order":0,"comment_status":"closed","ping_status":"closed","template":"","meta":{"_acf_changed":false,"inline_featured_image":false,"footnotes":""},"class_list":["post-4820","page","type-page","status-publish","has-post-thumbnail","hentry"],"acf":[],"yoast_head":"<!-- This site is optimized with the Yoast SEO plugin v27.3 - https:\/\/yoast.com\/product\/yoast-seo-wordpress\/ -->\n<title>Kontakty dotycz\u0105ce zabytk\u00f3w w Wilnie | Vilniauspaminklai.lt<\/title>\n<meta name=\"description\" content=\"Produkcja pomnik\u00f3w, nagrobk\u00f3w i zarz\u0105dzanie grobami w Wilnie. Skontaktuj si\u0119 z nami telefonicznie lub odwied\u017a nas - zaoferujemy Ci najlepsze rozwi\u0105zania!\" \/>\n<meta name=\"robots\" content=\"index, follow, max-snippet:-1, max-image-preview:large, max-video-preview:-1\" \/>\n<link rel=\"canonical\" href=\"https:\/\/vilniauspaminklai.lt\/pl\/kontakt\/\" \/>\n<meta property=\"og:locale\" content=\"pl_PL\" \/>\n<meta property=\"og:type\" content=\"article\" \/>\n<meta property=\"og:title\" content=\"Kontakty dotycz\u0105ce zabytk\u00f3w w Wilnie | Vilniauspaminklai.lt\" \/>\n<meta property=\"og:description\" content=\"Produkcja pomnik\u00f3w, nagrobk\u00f3w i zarz\u0105dzanie grobami w Wilnie. Skontaktuj si\u0119 z nami telefonicznie lub odwied\u017a nas - zaoferujemy Ci najlepsze rozwi\u0105zania!\" \/>\n<meta property=\"og:url\" content=\"https:\/\/vilniauspaminklai.lt\/pl\/kontakt\/\" \/>\n<meta property=\"og:site_name\" content=\"Vilniauspaminklai.lt\" \/>\n<meta property=\"article:modified_time\" content=\"2026-02-09T07:27:17+00:00\" \/>\n<meta property=\"og:image\" content=\"https:\/\/vilniauspaminklai.lt\/wp-content\/uploads\/2025\/02\/cropped-favicon.png\" \/>\n\t<meta property=\"og:image:width\" content=\"512\" \/>\n\t<meta property=\"og:image:height\" content=\"512\" \/>\n\t<meta property=\"og:image:type\" content=\"image\/png\" \/>\n<meta name=\"twitter:card\" content=\"summary_large_image\" \/>\n<meta name=\"twitter:label1\" content=\"Szacowany czas czytania\" \/>\n\t<meta name=\"twitter:data1\" content=\"2 minuty\" \/>\n<script type=\"application\/ld+json\" class=\"yoast-schema-graph\">{\"@context\":\"https:\\\/\\\/schema.org\",\"@graph\":[{\"@type\":\"WebPage\",\"@id\":\"https:\\\/\\\/vilniauspaminklai.lt\\\/pl\\\/kontakt\\\/\",\"url\":\"https:\\\/\\\/vilniauspaminklai.lt\\\/pl\\\/kontakt\\\/\",\"name\":\"Kontakty dotycz\u0105ce zabytk\u00f3w w Wilnie | Vilniauspaminklai.lt\",\"isPartOf\":{\"@id\":\"https:\\\/\\\/vilniauspaminklai.lt\\\/pl\\\/#website\"},\"primaryImageOfPage\":{\"@id\":\"https:\\\/\\\/vilniauspaminklai.lt\\\/pl\\\/kontakt\\\/#primaryimage\"},\"image\":{\"@id\":\"https:\\\/\\\/vilniauspaminklai.lt\\\/pl\\\/kontakt\\\/#primaryimage\"},\"thumbnailUrl\":\"https:\\\/\\\/vilniauspaminklai.lt\\\/wp-content\\\/uploads\\\/2025\\\/02\\\/cropped-favicon.png\",\"datePublished\":\"2015-08-12T12:37:01+00:00\",\"dateModified\":\"2026-02-09T07:27:17+00:00\",\"description\":\"Produkcja pomnik\u00f3w, nagrobk\u00f3w i zarz\u0105dzanie grobami w Wilnie. Skontaktuj si\u0119 z nami telefonicznie lub odwied\u017a nas - zaoferujemy Ci najlepsze rozwi\u0105zania!\",\"breadcrumb\":{\"@id\":\"https:\\\/\\\/vilniauspaminklai.lt\\\/pl\\\/kontakt\\\/#breadcrumb\"},\"inLanguage\":\"pl-PL\",\"potentialAction\":[{\"@type\":\"ReadAction\",\"target\":[\"https:\\\/\\\/vilniauspaminklai.lt\\\/pl\\\/kontakt\\\/\"]}]},{\"@type\":\"ImageObject\",\"inLanguage\":\"pl-PL\",\"@id\":\"https:\\\/\\\/vilniauspaminklai.lt\\\/pl\\\/kontakt\\\/#primaryimage\",\"url\":\"https:\\\/\\\/vilniauspaminklai.lt\\\/wp-content\\\/uploads\\\/2025\\\/02\\\/cropped-favicon.png\",\"contentUrl\":\"https:\\\/\\\/vilniauspaminklai.lt\\\/wp-content\\\/uploads\\\/2025\\\/02\\\/cropped-favicon.png\",\"width\":512,\"height\":512,\"caption\":\"Zabytki Wilna\"},{\"@type\":\"BreadcrumbList\",\"@id\":\"https:\\\/\\\/vilniauspaminklai.lt\\\/pl\\\/kontakt\\\/#breadcrumb\",\"itemListElement\":[{\"@type\":\"ListItem\",\"position\":1,\"name\":\"Home\",\"item\":\"https:\\\/\\\/vilniauspaminklai.lt\\\/pl\\\/\"},{\"@type\":\"ListItem\",\"position\":2,\"name\":\"Kontakt\"}]},{\"@type\":\"WebSite\",\"@id\":\"https:\\\/\\\/vilniauspaminklai.lt\\\/pl\\\/#website\",\"url\":\"https:\\\/\\\/vilniauspaminklai.lt\\\/pl\\\/\",\"name\":\"Vilniauspaminklai.lt\",\"description\":\"Vilniauspaminklai.lt\",\"publisher\":{\"@id\":\"https:\\\/\\\/vilniauspaminklai.lt\\\/pl\\\/#organization\"},\"potentialAction\":[{\"@type\":\"SearchAction\",\"target\":{\"@type\":\"EntryPoint\",\"urlTemplate\":\"https:\\\/\\\/vilniauspaminklai.lt\\\/pl\\\/?s={search_term_string}\"},\"query-input\":{\"@type\":\"PropertyValueSpecification\",\"valueRequired\":true,\"valueName\":\"search_term_string\"}}],\"inLanguage\":\"pl-PL\"},{\"@type\":\"Organization\",\"@id\":\"https:\\\/\\\/vilniauspaminklai.lt\\\/pl\\\/#organization\",\"name\":\"Vilniaus Paminklai\",\"url\":\"https:\\\/\\\/vilniauspaminklai.lt\\\/pl\\\/\",\"logo\":{\"@type\":\"ImageObject\",\"inLanguage\":\"pl-PL\",\"@id\":\"https:\\\/\\\/vilniauspaminklai.lt\\\/pl\\\/#\\\/schema\\\/logo\\\/image\\\/\",\"url\":\"https:\\\/\\\/vilniauspaminklai.lt\\\/wp-content\\\/uploads\\\/2025\\\/02\\\/cropped-favicon.png\",\"contentUrl\":\"https:\\\/\\\/vilniauspaminklai.lt\\\/wp-content\\\/uploads\\\/2025\\\/02\\\/cropped-favicon.png\",\"width\":512,\"height\":512,\"caption\":\"Vilniaus Paminklai\"},\"image\":{\"@id\":\"https:\\\/\\\/vilniauspaminklai.lt\\\/pl\\\/#\\\/schema\\\/logo\\\/image\\\/\"}}]}<\/script>\n<!-- \/ Yoast SEO plugin. -->","yoast_head_json":{"title":"Kontakty dotycz\u0105ce zabytk\u00f3w w Wilnie | Vilniauspaminklai.lt","description":"Produkcja pomnik\u00f3w, nagrobk\u00f3w i zarz\u0105dzanie grobami w Wilnie. Skontaktuj si\u0119 z nami telefonicznie lub odwied\u017a nas - zaoferujemy Ci najlepsze rozwi\u0105zania!","robots":{"index":"index","follow":"follow","max-snippet":"max-snippet:-1","max-image-preview":"max-image-preview:large","max-video-preview":"max-video-preview:-1"},"canonical":"https:\/\/vilniauspaminklai.lt\/pl\/kontakt\/","og_locale":"pl_PL","og_type":"article","og_title":"Kontakty dotycz\u0105ce zabytk\u00f3w w Wilnie | Vilniauspaminklai.lt","og_description":"Produkcja pomnik\u00f3w, nagrobk\u00f3w i zarz\u0105dzanie grobami w Wilnie. Skontaktuj si\u0119 z nami telefonicznie lub odwied\u017a nas - zaoferujemy Ci najlepsze rozwi\u0105zania!","og_url":"https:\/\/vilniauspaminklai.lt\/pl\/kontakt\/","og_site_name":"Vilniauspaminklai.lt","article_modified_time":"2026-02-09T07:27:17+00:00","og_image":[{"width":512,"height":512,"url":"https:\/\/vilniauspaminklai.lt\/wp-content\/uploads\/2025\/02\/cropped-favicon.png","type":"image\/png"}],"twitter_card":"summary_large_image","twitter_misc":{"Szacowany czas czytania":"2 minuty"},"schema":{"@context":"https:\/\/schema.org","@graph":[{"@type":"WebPage","@id":"https:\/\/vilniauspaminklai.lt\/pl\/kontakt\/","url":"https:\/\/vilniauspaminklai.lt\/pl\/kontakt\/","name":"Kontakty dotycz\u0105ce zabytk\u00f3w w Wilnie | Vilniauspaminklai.lt","isPartOf":{"@id":"https:\/\/vilniauspaminklai.lt\/pl\/#website"},"primaryImageOfPage":{"@id":"https:\/\/vilniauspaminklai.lt\/pl\/kontakt\/#primaryimage"},"image":{"@id":"https:\/\/vilniauspaminklai.lt\/pl\/kontakt\/#primaryimage"},"thumbnailUrl":"https:\/\/vilniauspaminklai.lt\/wp-content\/uploads\/2025\/02\/cropped-favicon.png","datePublished":"2015-08-12T12:37:01+00:00","dateModified":"2026-02-09T07:27:17+00:00","description":"Produkcja pomnik\u00f3w, nagrobk\u00f3w i zarz\u0105dzanie grobami w Wilnie. Skontaktuj si\u0119 z nami telefonicznie lub odwied\u017a nas - zaoferujemy Ci najlepsze rozwi\u0105zania!","breadcrumb":{"@id":"https:\/\/vilniauspaminklai.lt\/pl\/kontakt\/#breadcrumb"},"inLanguage":"pl-PL","potentialAction":[{"@type":"ReadAction","target":["https:\/\/vilniauspaminklai.lt\/pl\/kontakt\/"]}]},{"@type":"ImageObject","inLanguage":"pl-PL","@id":"https:\/\/vilniauspaminklai.lt\/pl\/kontakt\/#primaryimage","url":"https:\/\/vilniauspaminklai.lt\/wp-content\/uploads\/2025\/02\/cropped-favicon.png","contentUrl":"https:\/\/vilniauspaminklai.lt\/wp-content\/uploads\/2025\/02\/cropped-favicon.png","width":512,"height":512,"caption":"Zabytki Wilna"},{"@type":"BreadcrumbList","@id":"https:\/\/vilniauspaminklai.lt\/pl\/kontakt\/#breadcrumb","itemListElement":[{"@type":"ListItem","position":1,"name":"Home","item":"https:\/\/vilniauspaminklai.lt\/pl\/"},{"@type":"ListItem","position":2,"name":"Kontakt"}]},{"@type":"WebSite","@id":"https:\/\/vilniauspaminklai.lt\/pl\/#website","url":"https:\/\/vilniauspaminklai.lt\/pl\/","name":"Vilniauspaminklai.lt","description":"Vilniauspaminklai.lt","publisher":{"@id":"https:\/\/vilniauspaminklai.lt\/pl\/#organization"},"potentialAction":[{"@type":"SearchAction","target":{"@type":"EntryPoint","urlTemplate":"https:\/\/vilniauspaminklai.lt\/pl\/?s={search_term_string}"},"query-input":{"@type":"PropertyValueSpecification","valueRequired":true,"valueName":"search_term_string"}}],"inLanguage":"pl-PL"},{"@type":"Organization","@id":"https:\/\/vilniauspaminklai.lt\/pl\/#organization","name":"Vilniaus Paminklai","url":"https:\/\/vilniauspaminklai.lt\/pl\/","logo":{"@type":"ImageObject","inLanguage":"pl-PL","@id":"https:\/\/vilniauspaminklai.lt\/pl\/#\/schema\/logo\/image\/","url":"https:\/\/vilniauspaminklai.lt\/wp-content\/uploads\/2025\/02\/cropped-favicon.png","contentUrl":"https:\/\/vilniauspaminklai.lt\/wp-content\/uploads\/2025\/02\/cropped-favicon.png","width":512,"height":512,"caption":"Vilniaus Paminklai"},"image":{"@id":"https:\/\/vilniauspaminklai.lt\/pl\/#\/schema\/logo\/image\/"}}]}},"_links":{"self":[{"href":"https:\/\/vilniauspaminklai.lt\/pl\/wp-json\/wp\/v2\/pages\/4820","targetHints":{"allow":["GET"]}}],"collection":[{"href":"https:\/\/vilniauspaminklai.lt\/pl\/wp-json\/wp\/v2\/pages"}],"about":[{"href":"https:\/\/vilniauspaminklai.lt\/pl\/wp-json\/wp\/v2\/types\/page"}],"author":[{"embeddable":true,"href":"https:\/\/vilniauspaminklai.lt\/pl\/wp-json\/wp\/v2\/users\/1"}],"replies":[{"embeddable":true,"href":"https:\/\/vilniauspaminklai.lt\/pl\/wp-json\/wp\/v2\/comments?post=4820"}],"version-history":[{"count":5,"href":"https:\/\/vilniauspaminklai.lt\/pl\/wp-json\/wp\/v2\/pages\/4820\/revisions"}],"predecessor-version":[{"id":7825,"href":"https:\/\/vilniauspaminklai.lt\/pl\/wp-json\/wp\/v2\/pages\/4820\/revisions\/7825"}],"wp:featuredmedia":[{"embeddable":true,"href":"https:\/\/vilniauspaminklai.lt\/pl\/wp-json\/wp\/v2\/media\/4821"}],"wp:attachment":[{"href":"https:\/\/vilniauspaminklai.lt\/pl\/wp-json\/wp\/v2\/media?parent=4820"}],"curies":[{"name":"wp","href":"https:\/\/api.w.org\/{rel}","templated":true}]}}