{"id":5760,"date":"2021-03-15T14:15:56","date_gmt":"2021-03-15T12:15:56","guid":{"rendered":"https:\/\/vilniauspaminklai.lt\/%d0%bf%d0%be%d0%bb%d0%b8%d1%82%d0%b8%d0%ba%d0%b0-%d0%ba%d0%be%d0%bd%d1%84%d0%b8%d0%b4%d0%b5%d0%bd%d1%86%d0%b8%d0%b0%d0%bb%d1%8c%d0%bd%d0%be%d1%81%d1%82%d0%b8\/"},"modified":"2026-01-15T20:00:44","modified_gmt":"2026-01-15T18:00:44","slug":"%d0%bf%d0%be%d0%bb%d0%b8%d1%82%d0%b8%d0%ba%d0%b0-%d0%ba%d0%be%d0%bd%d1%84%d0%b8%d0%b4%d0%b5%d0%bd%d1%86%d0%b8%d0%b0%d0%bb%d1%8c%d0%bd%d0%be%d1%81%d1%82%d0%b8","status":"publish","type":"page","link":"https:\/\/vilniauspaminklai.lt\/pl\/%d0%bf%d0%be%d0%bb%d0%b8%d1%82%d0%b8%d0%ba%d0%b0-%d0%ba%d0%be%d0%bd%d1%84%d0%b8%d0%b4%d0%b5%d0%bd%d1%86%d0%b8%d0%b0%d0%bb%d1%8c%d0%bd%d0%be%d1%81%d1%82%d0%b8\/","title":{"rendered":"Polityka prywatno\u015bci"},"content":{"rendered":"<div class=\"wpb-content-wrapper\"><p>[vc_row][vc_column][vc_column_text css=&#8221;.vc_custom_1766233710204{margin-top: 32px !important;margin-bottom: 32px !important;}&#8221;]<\/p>\n<h1 style=\"text-align: left;\">Polityka prywatno\u015bci<\/h1>\n<p>[\/vc_column_text][\/vc_column][\/vc_row][vc_row css=&#8221;.vc_custom_1748435765423{margin-bottom: 48px !important;}&#8221;][vc_column][vc_column_text css=&#8221;&#8221;]\u041d\u0430\u0441\u0442\u043e\u044f\u0449\u0438\u0439 \u041f\u043e\u043b\u0438\u0442\u0438\u043a\u0430 \u043f\u0440\u043e\u0444\u0438\u0437\u043d\u0435\u0441\u043d\u043e\u0441\u0442\u0438 \u0438\u0441\u043f\u0438\u0441\u0430\u0435\u0442 \u043a\u043e\u043c\u043f\u0430\u043d\u0438\u0438 \u043a\u043e\u043c\u043f\u0430\u043d\u0438\u0438 UAB \u201eOvista\u201d, Savanori\u0173 pr. 180, Vilnius, Lithuania LT-02301, Lithuania, e-mail: info@vilniauspaminklai.lt, telefon: +370 699 17197, w sprawie gromadzenia, wykorzystywania i ujawniania Twoich informacji, kt\u00f3re zbieramy podczas korzystania z naszej strony internetowej (https:\/\/vilniauspaminklai.lt) (zwanej dalej \u201eSerwisem\u201d). Uzyskuj\u0105c dost\u0119p do Us\u0142ugi lub korzystaj\u0105c z niej, wyra\u017casz zgod\u0119 na gromadzenie, wykorzystywanie i ujawnianie Twoich danych zgodnie z niniejsz\u0105 Polityk\u0105 Prywatno\u015bci. Je\u015bli nie wyra\u017casz zgody, nie korzystaj z Us\u0142ugi ani nie korzystaj z niej.<\/p>\n<p>Mo\u017cemy dokona\u0107 zmian w niniejszej Polityce Prywatno\u015bci w dowolnym momencie bez wcze\u015bniejszego powiadomienia, a zaktualizowan\u0105 Polityk\u0119 Prywatno\u015bci oppublikujemy w Serwisie. Zaktualizowana Polityka Prywatno\u015bci w \u017cyciu po p\u0142ywanie 180 dni od jej publikacji w Serwisie, a dalszy o\u015bwi\u0119ci do Serwisu lub zniego z nim po tym, b\u0119dzie r\u00f3wnoznaczny z akceptacj\u0105 zaktualizowanej Polityki Prywatno\u015bci. zalecamy okresowe persjamanie tej strony.[\/vc_column_text][\/vc_column][\/vc_row][vc_row css=&#8221;.vc_custom_1748435765423{margin-bottom: 48px !important;}&#8221;][vc_column][vc_custom_heading text=&#8221;Informacje, kt\u00f3re zbieramy:&#8221; font_container=&#8221;tag:h2|font_size:24px|text_align:left&#8221; use_theme_fonts=&#8221;yes&#8221;][vc_empty_space height=&#8221;16px&#8221;][vc_column_text css=&#8221;&#8221;]B\u0119dziemy zbiera\u0107 i przetwarza\u0107 nast\u0119puj\u0105ce dane osobowe na Tw\u00f3j temat:<\/p>\n<ul>\n<li>Nazwa<\/li>\n<li>E-mail <\/li>\n<li>Telefon kom\u00f3rkowy<\/li>\n<\/ul>\n<p>[\/vc_column_text][\/vc_column][\/vc_row][vc_row css=&#8221;.vc_custom_1748435765423{margin-bottom: 48px !important;}&#8221;][vc_column][vc_custom_heading text=&#8221;W jaki spos\u00f3b wykorzystujemy Twoje dane:&#8221; font_container=&#8221;tag:h2|font_size:24px|text_align:left&#8221; use_theme_fonts=&#8221;yes&#8221;][vc_empty_space height=&#8221;16px&#8221;][vc_column_text css=&#8221;&#8221;]Informacje, kt\u00f3re o Tobie zbieramy, wykorzystamy w nast\u0119puj\u0105cych celach:<\/p>\n<ul>\n<li>Marketing\/Reklama<\/li>\n<li>Reklama kierowana<\/li>\n<li>Zarz\u0105dzanie zam\u00f3wieniami klient\u00f3w<\/li>\n<\/ul>\n<p>&nbsp;<\/p>\n<p>Je\u017celi b\u0119dziemy chcieli wykorzysta\u0107 Twoje dane w jakimkolwiek innym celu, poprosimy o Twoj\u0105 zgod\u0119 i wykorzystamy je wy\u0142\u0105cznie za Twoj\u0105 zgod\u0105 i wy\u0142\u0105cznie w celach, na kt\u00f3re wyrazi\u0142e\u015b zgod\u0119, chyba \u017ce prawo stanowi inaczej.[\/vc_column_text][\/vc_column][\/vc_row][vc_row css=&#8221;.vc_custom_1748435765423{margin-bottom: 48px !important;}&#8221;][vc_column][vc_custom_heading text=&#8221;W jaki spos\u00f3b udost\u0119pniamy Twoje dane:&#8221; font_container=&#8221;tag:h2|font_size:24px|text_align:left&#8221; use_theme_fonts=&#8221;yes&#8221;][vc_empty_space height=&#8221;16px&#8221;][vc_column_text css=&#8221;&#8221;]Nie b\u0119dziemy udost\u0119pnia\u0107 Twoich danych osobowych osobom trzecim bez Twojej zgody, z wyj\u0105tkiem ograniczonych przypadk\u00f3w opisanych poni\u017cej:<\/p>\n<ul>\n<li>Us\u0142uga reklamowa<\/li>\n<li>Analityka<\/li>\n<\/ul>\n<p>&nbsp;<\/p>\n<p>Wymagamy, aby osoby trzecie wykorzystywa\u0142y przekazane im dane osobowe wy\u0142\u0105cznie do cel\u00f3w, w jakich zosta\u0142y przekazane, i nie przechowywa\u0142y ich d\u0142u\u017cej ni\u017c jest to konieczne do osi\u0105gni\u0119cia tego celu.<\/p>\n<p>Mo\u017cemy r\u00f3wnie\u017c ujawni\u0107 Twoje dane osobowe w nast\u0119puj\u0105cych przypadkach: (1) w celu przestrzegania obowi\u0105zuj\u0105cych przepis\u00f3w prawa, regulacji, nakaz\u00f3w s\u0105dowych lub innych procedur prawnych; (2) w celu egzekwowania Twoich um\u00f3w z nami, w tym niniejszej Polityki Prywatno\u015bci; lub (3) w odpowiedzi na roszczenia, \u017ce \u200b\u200bTwoje korzystanie z Us\u0142ugi narusza prawa innych os\u00f3b. W przypadku fuzji Us\u0142ugi lub naszej firmy z inn\u0105 firm\u0105 lub jej przej\u0119cia przez inn\u0105 firm\u0119, Twoje dane b\u0119d\u0105 jednym z aktyw\u00f3w przekazanych nowemu w\u0142a\u015bcicielowi.[\/vc_column_text][\/vc_column][\/vc_row][vc_row css=&#8221;.vc_custom_1748435765423{margin-bottom: 48px !important;}&#8221;][vc_column][vc_custom_heading text=&#8221;\u0425\u0440\u0430\u043d\u0435\u043d\u0438\u0435 \u0432\u0430\u0448\u0435\u0439 \u0438\u043d\u0444\u043e\u0440\u043c\u0430\u0446\u0438\u0438:&#8221; font_container=&#8221;tag:h2|font_size:24px|text_align:left&#8221; use_theme_fonts=&#8221;yes&#8221;][vc_empty_space height=&#8221;16px&#8221;][vc_column_text css=&#8221;&#8221;]B\u0119dziemy przechowywa\u0107 Twoje dane osobowe przez okres od 90 dni do 2 lat po zamkni\u0119ciu kont u\u017cytkownik\u00f3w lub tak d\u0142ugo, jak b\u0119dzie to konieczne do realizacji cel\u00f3w, dla kt\u00f3rych zosta\u0142y zebrane, zgodnie z opisem w niniejszej Polityce Prywatno\u015bci. Mo\u017cemy by\u0107 zmuszeni do przechowywania niekt\u00f3rych informacji przez d\u0142u\u017cszy okres, na przyk\u0142ad w celu prowadzenia dokumentacji\/raportowania zgodnie z obowi\u0105zuj\u0105cym prawem lub z innych uzasadnionych powod\u00f3w, takich jak dochodzenie praw, zapobieganie oszustwom itp. Informacje pozostaj\u0105ce anonimowe oraz informacje zagregowane, z kt\u00f3rych \u017cadna nie identyfikuje Ci\u0119 bezpo\u015brednio ani po\u015brednio, mog\u0105 by\u0107 przechowywane bezterminowo.[\/vc_column_text][\/vc_column][\/vc_row][vc_row css=&#8221;.vc_custom_1748435765423{margin-bottom: 48px !important;}&#8221;][vc_column][vc_custom_heading text=&#8221;Twoje prawa:&#8221; font_container=&#8221;tag:h2|font_size:24px|text_align:left&#8221; use_theme_fonts=&#8221;yes&#8221;][vc_empty_space height=&#8221;16px&#8221;][vc_column_text css=&#8221;&#8221;]W zale\u017cno\u015bci od obowi\u0105zuj\u0105cego prawa, mo\u017cesz mie\u0107 prawo do dost\u0119pu, poprawiania lub usuwania swoich danych osobowych, a tak\u017ce do otrzymania ich kopii; ograniczenia lub sprzeciwu wobec aktywnego przetwarzania danych; \u017c\u0105dania przeniesienia (przenoszenia) danych osobowych do innego podmiotu prawnego; odwo\u0142ania wszelkich zg\u00f3d udzielonych nam na przetwarzanie danych; z\u0142o\u017cenia skargi do organu rz\u0105dowego; oraz do innych praw wynikaj\u0105cych z obowi\u0105zuj\u0105cego prawa. Aby skorzysta\u0107 z tych praw, mo\u017cesz skontaktowa\u0107 si\u0119 z nami pod adresem info@vilniauspaminklai.lt. Odpowiemy na Twoje \u017c\u0105danie zgodnie z obowi\u0105zuj\u0105cym prawem.  <\/p>\n<p>\u041e\u0431\u0440\u0430\u0442\u0438\u0442\u0435 \u0432\u043d\u0438\u043c\u0430\u043d\u0438\u0435, \u0447\u0442\u043e \u0435\u0441\u043b\u0438 \u0432\u044b \u043d\u0435 \u0440\u0430\u0437\u0440\u0435\u0448\u0438\u0442\u0435 \u043d\u0430\u043c \u0441\u043e\u0431\u0438\u0440\u0430\u0442\u044c \u0438\u043b\u0438 \u043e\u0431\u0440\u0430\u0431\u0430\u0442\u044b\u0432\u0430\u0442\u044c \u043d\u0435\u043e\u0431\u0445\u043e\u0434\u0438\u043c\u0443\u044e \u043f\u0435\u0440\u0441\u043e\u043d\u0430\u043b\u044c\u043d\u0443\u044e \u0438\u043d\u0444\u043e\u0440\u043c\u0430\u0446\u0438\u044e \u0438\u043b\u0438 \u043e\u0442\u0437\u043e\u0432\u0435\u0442\u0435 \u0441\u0432\u043e\u0435 \u0441\u043e\u0433\u043b\u0430\u0441\u0438\u0435 \u043d\u0430 \u0435\u0435 \u043e\u0431\u0440\u0430\u0431\u043e\u0442\u043a\u0443 \u0432 \u043d\u0435\u043e\u0431\u0445\u043e\u0434\u0438\u043c\u044b\u0445 \u0446\u0435\u043b\u044f\u0445, \u0432\u044b \u043c\u043e\u0436\u0435\u0442\u0435 \u043f\u043e\u0442\u0435\u0440\u044f\u0442\u044c \u0434\u043e\u0441\u0442\u0443\u043f \u043a \u0443\u0441\u043b\u0443\u0433\u0430\u043c, \u0434\u043b\u044f \u043a\u043e\u0442\u043e\u0440\u044b\u0445 \u0431\u044b\u043b\u0430 \u0437\u0430\u043f\u0440\u043e\u0448\u0435\u043d\u0430 \u0432\u0430\u0448\u0430 \u0438\u043d\u0444\u043e\u0440\u043c\u0430\u0446\u0438\u044f, \u0438 \u043d\u0435 \u0441\u043c\u043e\u0436\u0435\u0442\u0435 \u0438\u043c\u0438 \u043f\u043e\u043b\u044c\u0437\u043e\u0432\u0430\u0442\u044c\u0441\u044f.[\/vc_column_text][\/vc_column][\/vc_row][vc_row css=&#8221;.vc_custom_1748435765423{margin-bottom: 48px !important;}&#8221;][vc_column][vc_custom_heading text=&#8221;Pliki cookie itp.&#8221; font_container=&#8221;tag:h2|font_size:24px|text_align:left&#8221; use_theme_fonts=&#8221;yes&#8221;][vc_empty_space height=&#8221;16px&#8221;][vc_column_text css=&#8221;&#8221;]Aby dowiedzie\u0107 si\u0119 wi\u0119cej o tym, jak wykorzystujemy te technologie i o Twoich mo\u017cliwo\u015bciach wyboru w zwi\u0105zku z tymi technologiami \u015bledzenia, zapoznaj si\u0119 z nasz\u0105 Polityk\u0105 plik\u00f3w cookie.[\/vc_column_text][\/vc_column][\/vc_row][vc_row css=&#8221;.vc_custom_1748435765423{margin-bottom: 48px !important;}&#8221;][vc_column][vc_custom_heading text=&#8221;Bezpiecze\u0144stwo:&#8221; font_container=&#8221;tag:h2|font_size:24px|text_align:left&#8221; use_theme_fonts=&#8221;yes&#8221;][vc_empty_space height=&#8221;16px&#8221;][vc_column_text css=&#8221;&#8221;]Bezpiecze\u0144stwo Twoich danych jest dla nas wa\u017cne i podejmiemy odpowiednie \u015brodki bezpiecze\u0144stwa, aby chroni\u0107 je przed utrat\u0105, niew\u0142a\u015bciwym wykorzystaniem lub nieautoryzowan\u0105 modyfikacj\u0105. Jednak ze wzgl\u0119du na nieod\u0142\u0105czne ryzyko, nie mo\u017cemy zagwarantowa\u0107 ca\u0142kowitego bezpiecze\u0144stwa, a zatem nie mo\u017cemy zapewni\u0107 ani zagwarantowa\u0107 bezpiecze\u0144stwa jakichkolwiek informacji, kt\u00f3re nam przekazujesz. Robisz to na w\u0142asne ryzyko.[\/vc_column_text][\/vc_column][\/vc_row][vc_row css=&#8221;.vc_custom_1748435765423{margin-bottom: 48px !important;}&#8221;][vc_column][vc_custom_heading text=&#8221;Skargi\/Inspektor Ochrony Danych:&#8221; font_container=&#8221;tag:h2|font_size:24px|text_align:left&#8221; use_theme_fonts=&#8221;yes&#8221;][vc_empty_space height=&#8221;16px&#8221;][vc_column_text css=&#8221;&#8221;]W razie pyta\u0144 lub w\u0105tpliwo\u015bci dotycz\u0105cych przetwarzania przechowywanych przez nas danych osobowych, prosimy o kontakt z naszym specjalist\u0105 ds. skarg w UAB Ovista, Savanori\u0173 pr. 180, Wilno, e-mailem na adres info@vilniauspaminklai.lt. Rozpatrzymy Pa\u0144stwa skargi zgodnie z obowi\u0105zuj\u0105cym prawem.[\/vc_column_text][\/vc_column][\/vc_row]<\/p>\n<\/div>","protected":false},"excerpt":{"rendered":"<p>[vc_row][vc_column][vc_column_text css=&#8221;.vc_custom_1766233710204{margin-top: 32px !important;margin-bottom: 32px !important;}&#8221;] Polityka prywatno\u015bci [\/vc_column_text][\/vc_column][\/vc_row][vc_row css=&#8221;.vc_custom_1748435765423{margin-bottom: 48px !important;}&#8221;][vc_column][vc_column_text css=&#8221;&#8221;]\u041d\u0430\u0441\u0442\u043e\u044f\u0449\u0438\u0439 \u041f\u043e\u043b\u0438\u0442\u0438\u043a\u0430 \u043f\u0440\u043e\u0444\u0438\u0437\u043d\u0435\u0441\u043d\u043e\u0441\u0442\u0438 \u0438\u0441\u043f\u0438\u0441\u0430\u0435\u0442 \u043a\u043e\u043c\u043f\u0430\u043d\u0438\u0438 \u043a\u043e\u043c\u043f\u0430\u043d\u0438\u0438 UAB \u201eOvista\u201d, Savanori\u0173 pr. 180, Vilnius, Lithuania LT-02301, Lithuania, e-mail: info@vilniauspaminklai.lt, telefon: +370 699 17197, w sprawie gromadzenia, wykorzystywania i ujawniania Twoich informacji, kt\u00f3re zbieramy podczas korzystania z naszej strony internetowej (https:\/\/vilniauspaminklai.lt) (zwanej dalej \u201eSerwisem\u201d). Uzyskuj\u0105c dost\u0119p &hellip;<\/p>\n","protected":false},"author":1,"featured_media":0,"parent":0,"menu_order":0,"comment_status":"closed","ping_status":"open","template":"","meta":{"_acf_changed":false,"inline_featured_image":false,"footnotes":""},"class_list":["post-5760","page","type-page","status-publish","hentry"],"acf":[],"yoast_head":"<!-- This site is optimized with the Yoast SEO plugin v27.3 - https:\/\/yoast.com\/product\/yoast-seo-wordpress\/ -->\n<title>Polityka prywatno\u015bci | Vilniauspaminklai.lt<\/title>\n<meta name=\"description\" content=\"Prisijungdami prie Paslaugos arba ja naudodamiesi, j\u016bs sutinkate, kad j\u016bs\u0173 informacija b\u016bt\u0173 renkama, naudojama ir atskleid\u017eiama pagal \u0161i\u0105 Privatumo politik\u0105.\" \/>\n<meta name=\"robots\" content=\"index, follow, max-snippet:-1, max-image-preview:large, max-video-preview:-1\" \/>\n<link rel=\"canonical\" href=\"https:\/\/vilniauspaminklai.lt\/pl\/%d0%bf%d0%be%d0%bb%d0%b8%d1%82%d0%b8%d0%ba%d0%b0-%d0%ba%d0%be%d0%bd%d1%84%d0%b8%d0%b4%d0%b5%d0%bd%d1%86%d0%b8%d0%b0%d0%bb%d1%8c%d0%bd%d0%be%d1%81%d1%82%d0%b8\/\" \/>\n<meta property=\"og:locale\" content=\"pl_PL\" \/>\n<meta property=\"og:type\" content=\"article\" \/>\n<meta property=\"og:title\" content=\"Polityka prywatno\u015bci | Vilniauspaminklai.lt\" \/>\n<meta property=\"og:description\" content=\"Prisijungdami prie Paslaugos arba ja naudodamiesi, j\u016bs sutinkate, kad j\u016bs\u0173 informacija b\u016bt\u0173 renkama, naudojama ir atskleid\u017eiama pagal \u0161i\u0105 Privatumo politik\u0105.\" \/>\n<meta property=\"og:url\" content=\"https:\/\/vilniauspaminklai.lt\/pl\/%d0%bf%d0%be%d0%bb%d0%b8%d1%82%d0%b8%d0%ba%d0%b0-%d0%ba%d0%be%d0%bd%d1%84%d0%b8%d0%b4%d0%b5%d0%bd%d1%86%d0%b8%d0%b0%d0%bb%d1%8c%d0%bd%d0%be%d1%81%d1%82%d0%b8\/\" \/>\n<meta property=\"og:site_name\" content=\"Vilniauspaminklai.lt\" \/>\n<meta property=\"article:modified_time\" content=\"2026-01-15T18:00:44+00:00\" \/>\n<meta name=\"twitter:card\" content=\"summary_large_image\" \/>\n<meta name=\"twitter:label1\" content=\"Szacowany czas czytania\" \/>\n\t<meta name=\"twitter:data1\" content=\"6 minut\" \/>\n<script type=\"application\/ld+json\" class=\"yoast-schema-graph\">{\"@context\":\"https:\\\/\\\/schema.org\",\"@graph\":[{\"@type\":\"WebPage\",\"@id\":\"https:\\\/\\\/vilniauspaminklai.lt\\\/pl\\\/%d0%bf%d0%be%d0%bb%d0%b8%d1%82%d0%b8%d0%ba%d0%b0-%d0%ba%d0%be%d0%bd%d1%84%d0%b8%d0%b4%d0%b5%d0%bd%d1%86%d0%b8%d0%b0%d0%bb%d1%8c%d0%bd%d0%be%d1%81%d1%82%d0%b8\\\/\",\"url\":\"https:\\\/\\\/vilniauspaminklai.lt\\\/pl\\\/%d0%bf%d0%be%d0%bb%d0%b8%d1%82%d0%b8%d0%ba%d0%b0-%d0%ba%d0%be%d0%bd%d1%84%d0%b8%d0%b4%d0%b5%d0%bd%d1%86%d0%b8%d0%b0%d0%bb%d1%8c%d0%bd%d0%be%d1%81%d1%82%d0%b8\\\/\",\"name\":\"Polityka prywatno\u015bci | Vilniauspaminklai.lt\",\"isPartOf\":{\"@id\":\"https:\\\/\\\/vilniauspaminklai.lt\\\/pl\\\/#website\"},\"datePublished\":\"2021-03-15T12:15:56+00:00\",\"dateModified\":\"2026-01-15T18:00:44+00:00\",\"description\":\"Prisijungdami prie Paslaugos arba ja naudodamiesi, j\u016bs sutinkate, kad j\u016bs\u0173 informacija b\u016bt\u0173 renkama, naudojama ir atskleid\u017eiama pagal \u0161i\u0105 Privatumo politik\u0105.\",\"breadcrumb\":{\"@id\":\"https:\\\/\\\/vilniauspaminklai.lt\\\/pl\\\/%d0%bf%d0%be%d0%bb%d0%b8%d1%82%d0%b8%d0%ba%d0%b0-%d0%ba%d0%be%d0%bd%d1%84%d0%b8%d0%b4%d0%b5%d0%bd%d1%86%d0%b8%d0%b0%d0%bb%d1%8c%d0%bd%d0%be%d1%81%d1%82%d0%b8\\\/#breadcrumb\"},\"inLanguage\":\"pl-PL\",\"potentialAction\":[{\"@type\":\"ReadAction\",\"target\":[\"https:\\\/\\\/vilniauspaminklai.lt\\\/pl\\\/%d0%bf%d0%be%d0%bb%d0%b8%d1%82%d0%b8%d0%ba%d0%b0-%d0%ba%d0%be%d0%bd%d1%84%d0%b8%d0%b4%d0%b5%d0%bd%d1%86%d0%b8%d0%b0%d0%bb%d1%8c%d0%bd%d0%be%d1%81%d1%82%d0%b8\\\/\"]}]},{\"@type\":\"BreadcrumbList\",\"@id\":\"https:\\\/\\\/vilniauspaminklai.lt\\\/pl\\\/%d0%bf%d0%be%d0%bb%d0%b8%d1%82%d0%b8%d0%ba%d0%b0-%d0%ba%d0%be%d0%bd%d1%84%d0%b8%d0%b4%d0%b5%d0%bd%d1%86%d0%b8%d0%b0%d0%bb%d1%8c%d0%bd%d0%be%d1%81%d1%82%d0%b8\\\/#breadcrumb\",\"itemListElement\":[{\"@type\":\"ListItem\",\"position\":1,\"name\":\"Home\",\"item\":\"https:\\\/\\\/vilniauspaminklai.lt\\\/pl\\\/\"},{\"@type\":\"ListItem\",\"position\":2,\"name\":\"Polityka prywatno\u015bci\"}]},{\"@type\":\"WebSite\",\"@id\":\"https:\\\/\\\/vilniauspaminklai.lt\\\/pl\\\/#website\",\"url\":\"https:\\\/\\\/vilniauspaminklai.lt\\\/pl\\\/\",\"name\":\"Vilniauspaminklai.lt\",\"description\":\"Vilniauspaminklai.lt\",\"publisher\":{\"@id\":\"https:\\\/\\\/vilniauspaminklai.lt\\\/pl\\\/#organization\"},\"potentialAction\":[{\"@type\":\"SearchAction\",\"target\":{\"@type\":\"EntryPoint\",\"urlTemplate\":\"https:\\\/\\\/vilniauspaminklai.lt\\\/pl\\\/?s={search_term_string}\"},\"query-input\":{\"@type\":\"PropertyValueSpecification\",\"valueRequired\":true,\"valueName\":\"search_term_string\"}}],\"inLanguage\":\"pl-PL\"},{\"@type\":\"Organization\",\"@id\":\"https:\\\/\\\/vilniauspaminklai.lt\\\/pl\\\/#organization\",\"name\":\"Vilniaus Paminklai\",\"url\":\"https:\\\/\\\/vilniauspaminklai.lt\\\/pl\\\/\",\"logo\":{\"@type\":\"ImageObject\",\"inLanguage\":\"pl-PL\",\"@id\":\"https:\\\/\\\/vilniauspaminklai.lt\\\/pl\\\/#\\\/schema\\\/logo\\\/image\\\/\",\"url\":\"https:\\\/\\\/vilniauspaminklai.lt\\\/wp-content\\\/uploads\\\/2025\\\/02\\\/cropped-favicon.png\",\"contentUrl\":\"https:\\\/\\\/vilniauspaminklai.lt\\\/wp-content\\\/uploads\\\/2025\\\/02\\\/cropped-favicon.png\",\"width\":512,\"height\":512,\"caption\":\"Vilniaus Paminklai\"},\"image\":{\"@id\":\"https:\\\/\\\/vilniauspaminklai.lt\\\/pl\\\/#\\\/schema\\\/logo\\\/image\\\/\"}}]}<\/script>\n<!-- \/ Yoast SEO plugin. -->","yoast_head_json":{"title":"Polityka prywatno\u015bci | Vilniauspaminklai.lt","description":"Prisijungdami prie Paslaugos arba ja naudodamiesi, j\u016bs sutinkate, kad j\u016bs\u0173 informacija b\u016bt\u0173 renkama, naudojama ir atskleid\u017eiama pagal \u0161i\u0105 Privatumo politik\u0105.","robots":{"index":"index","follow":"follow","max-snippet":"max-snippet:-1","max-image-preview":"max-image-preview:large","max-video-preview":"max-video-preview:-1"},"canonical":"https:\/\/vilniauspaminklai.lt\/pl\/%d0%bf%d0%be%d0%bb%d0%b8%d1%82%d0%b8%d0%ba%d0%b0-%d0%ba%d0%be%d0%bd%d1%84%d0%b8%d0%b4%d0%b5%d0%bd%d1%86%d0%b8%d0%b0%d0%bb%d1%8c%d0%bd%d0%be%d1%81%d1%82%d0%b8\/","og_locale":"pl_PL","og_type":"article","og_title":"Polityka prywatno\u015bci | Vilniauspaminklai.lt","og_description":"Prisijungdami prie Paslaugos arba ja naudodamiesi, j\u016bs sutinkate, kad j\u016bs\u0173 informacija b\u016bt\u0173 renkama, naudojama ir atskleid\u017eiama pagal \u0161i\u0105 Privatumo politik\u0105.","og_url":"https:\/\/vilniauspaminklai.lt\/pl\/%d0%bf%d0%be%d0%bb%d0%b8%d1%82%d0%b8%d0%ba%d0%b0-%d0%ba%d0%be%d0%bd%d1%84%d0%b8%d0%b4%d0%b5%d0%bd%d1%86%d0%b8%d0%b0%d0%bb%d1%8c%d0%bd%d0%be%d1%81%d1%82%d0%b8\/","og_site_name":"Vilniauspaminklai.lt","article_modified_time":"2026-01-15T18:00:44+00:00","twitter_card":"summary_large_image","twitter_misc":{"Szacowany czas czytania":"6 minut"},"schema":{"@context":"https:\/\/schema.org","@graph":[{"@type":"WebPage","@id":"https:\/\/vilniauspaminklai.lt\/pl\/%d0%bf%d0%be%d0%bb%d0%b8%d1%82%d0%b8%d0%ba%d0%b0-%d0%ba%d0%be%d0%bd%d1%84%d0%b8%d0%b4%d0%b5%d0%bd%d1%86%d0%b8%d0%b0%d0%bb%d1%8c%d0%bd%d0%be%d1%81%d1%82%d0%b8\/","url":"https:\/\/vilniauspaminklai.lt\/pl\/%d0%bf%d0%be%d0%bb%d0%b8%d1%82%d0%b8%d0%ba%d0%b0-%d0%ba%d0%be%d0%bd%d1%84%d0%b8%d0%b4%d0%b5%d0%bd%d1%86%d0%b8%d0%b0%d0%bb%d1%8c%d0%bd%d0%be%d1%81%d1%82%d0%b8\/","name":"Polityka prywatno\u015bci | Vilniauspaminklai.lt","isPartOf":{"@id":"https:\/\/vilniauspaminklai.lt\/pl\/#website"},"datePublished":"2021-03-15T12:15:56+00:00","dateModified":"2026-01-15T18:00:44+00:00","description":"Prisijungdami prie Paslaugos arba ja naudodamiesi, j\u016bs sutinkate, kad j\u016bs\u0173 informacija b\u016bt\u0173 renkama, naudojama ir atskleid\u017eiama pagal \u0161i\u0105 Privatumo politik\u0105.","breadcrumb":{"@id":"https:\/\/vilniauspaminklai.lt\/pl\/%d0%bf%d0%be%d0%bb%d0%b8%d1%82%d0%b8%d0%ba%d0%b0-%d0%ba%d0%be%d0%bd%d1%84%d0%b8%d0%b4%d0%b5%d0%bd%d1%86%d0%b8%d0%b0%d0%bb%d1%8c%d0%bd%d0%be%d1%81%d1%82%d0%b8\/#breadcrumb"},"inLanguage":"pl-PL","potentialAction":[{"@type":"ReadAction","target":["https:\/\/vilniauspaminklai.lt\/pl\/%d0%bf%d0%be%d0%bb%d0%b8%d1%82%d0%b8%d0%ba%d0%b0-%d0%ba%d0%be%d0%bd%d1%84%d0%b8%d0%b4%d0%b5%d0%bd%d1%86%d0%b8%d0%b0%d0%bb%d1%8c%d0%bd%d0%be%d1%81%d1%82%d0%b8\/"]}]},{"@type":"BreadcrumbList","@id":"https:\/\/vilniauspaminklai.lt\/pl\/%d0%bf%d0%be%d0%bb%d0%b8%d1%82%d0%b8%d0%ba%d0%b0-%d0%ba%d0%be%d0%bd%d1%84%d0%b8%d0%b4%d0%b5%d0%bd%d1%86%d0%b8%d0%b0%d0%bb%d1%8c%d0%bd%d0%be%d1%81%d1%82%d0%b8\/#breadcrumb","itemListElement":[{"@type":"ListItem","position":1,"name":"Home","item":"https:\/\/vilniauspaminklai.lt\/pl\/"},{"@type":"ListItem","position":2,"name":"Polityka prywatno\u015bci"}]},{"@type":"WebSite","@id":"https:\/\/vilniauspaminklai.lt\/pl\/#website","url":"https:\/\/vilniauspaminklai.lt\/pl\/","name":"Vilniauspaminklai.lt","description":"Vilniauspaminklai.lt","publisher":{"@id":"https:\/\/vilniauspaminklai.lt\/pl\/#organization"},"potentialAction":[{"@type":"SearchAction","target":{"@type":"EntryPoint","urlTemplate":"https:\/\/vilniauspaminklai.lt\/pl\/?s={search_term_string}"},"query-input":{"@type":"PropertyValueSpecification","valueRequired":true,"valueName":"search_term_string"}}],"inLanguage":"pl-PL"},{"@type":"Organization","@id":"https:\/\/vilniauspaminklai.lt\/pl\/#organization","name":"Vilniaus Paminklai","url":"https:\/\/vilniauspaminklai.lt\/pl\/","logo":{"@type":"ImageObject","inLanguage":"pl-PL","@id":"https:\/\/vilniauspaminklai.lt\/pl\/#\/schema\/logo\/image\/","url":"https:\/\/vilniauspaminklai.lt\/wp-content\/uploads\/2025\/02\/cropped-favicon.png","contentUrl":"https:\/\/vilniauspaminklai.lt\/wp-content\/uploads\/2025\/02\/cropped-favicon.png","width":512,"height":512,"caption":"Vilniaus Paminklai"},"image":{"@id":"https:\/\/vilniauspaminklai.lt\/pl\/#\/schema\/logo\/image\/"}}]}},"_links":{"self":[{"href":"https:\/\/vilniauspaminklai.lt\/pl\/wp-json\/wp\/v2\/pages\/5760","targetHints":{"allow":["GET"]}}],"collection":[{"href":"https:\/\/vilniauspaminklai.lt\/pl\/wp-json\/wp\/v2\/pages"}],"about":[{"href":"https:\/\/vilniauspaminklai.lt\/pl\/wp-json\/wp\/v2\/types\/page"}],"author":[{"embeddable":true,"href":"https:\/\/vilniauspaminklai.lt\/pl\/wp-json\/wp\/v2\/users\/1"}],"replies":[{"embeddable":true,"href":"https:\/\/vilniauspaminklai.lt\/pl\/wp-json\/wp\/v2\/comments?post=5760"}],"version-history":[{"count":10,"href":"https:\/\/vilniauspaminklai.lt\/pl\/wp-json\/wp\/v2\/pages\/5760\/revisions"}],"predecessor-version":[{"id":5774,"href":"https:\/\/vilniauspaminklai.lt\/pl\/wp-json\/wp\/v2\/pages\/5760\/revisions\/5774"}],"wp:attachment":[{"href":"https:\/\/vilniauspaminklai.lt\/pl\/wp-json\/wp\/v2\/media?parent=5760"}],"curies":[{"name":"wp","href":"https:\/\/api.w.org\/{rel}","templated":true}]}}