{"id":4414,"date":"2025-11-25T15:32:13","date_gmt":"2025-11-25T13:32:13","guid":{"rendered":"https:\/\/vilniauspaminklai.lt\/produktas\/raudono-polimerbetono-zibintas-l1-k3\/"},"modified":"2026-02-09T13:15:42","modified_gmt":"2026-02-09T11:15:42","slug":"raudono-polimerbetono-zibintas-l1-k3","status":"publish","type":"product","link":"https:\/\/vilniauspaminklai.lt\/pl\/produkt\/raudono-polimerbetono-zibintas-l1-k3\/","title":{"rendered":"Czerwona latarnia z polimerobetonu L1 K3"},"content":{"rendered":"<p>Ta \u015bwieca nagrobna jest przeznaczona dla tych, kt\u00f3rzy chc\u0105 uczci\u0107 pami\u0119\u0107 bliskich w spokojny, pe\u0142en szacunku i estetyczny spos\u00f3b. Wykonana z wysokiej jako\u015bci materia\u0142\u00f3w, jest odporna na wiatr i deszcz, dzi\u0119ki czemu idealnie nadaje si\u0119 do u\u017cytku na zewn\u0105trz, w ka\u017cd\u0105 pogod\u0119. Sta\u0142y p\u0142omie\u0144 zapewnia przytulne \u015bwiat\u0142o, a klasyczny design pasuje do ka\u017cdego stylu nagrobka.<\/p>\n<p>Nasze \u015bwiece s\u0105 starannie dobierane, aby zapewni\u0107 d\u0142ugi czas palenia i niezawodno\u015b\u0107. To praktyczny, a jednocze\u015bnie symboliczny wyb\u00f3r, pozwalaj\u0105cy zapali\u0107 \u015bwiat\u0142o dla bliskich w dowolnym momencie.<\/p>\n","protected":false},"excerpt":{"rendered":"<p data-start=\"149\" data-end=\"300\">Auk\u0161tos kokyb\u0117s kap\u0173 \u017evak\u0117, tinkanti bet kuriam met\u0173 laikui. Ilgai deganti, atspari v\u0117jui ir dr\u0117gmei, skirta kap\u0173 prie\u017ei\u016brai ir pagarbiam prisiminimui.<\/p>\n<p data-start=\"149\" data-end=\"300\">H21 cm x 13 cm<\/p>\n","protected":false},"featured_media":4415,"template":"","meta":{"_acf_changed":false,"inline_featured_image":false},"product_brand":[],"product_cat":[132,134],"product_tag":[],"class_list":{"0":"post-4414","1":"product","2":"type-product","3":"status-publish","4":"has-post-thumbnail","6":"product_cat-inni","7":"product_cat-wazony-z-granitu-betonu-polimerowego","9":"first","10":"instock","11":"shipping-taxable","12":"purchasable","13":"product-type-simple"},"acf":[],"yoast_head":"<!-- This site is optimized with the Yoast SEO plugin v27.3 - https:\/\/yoast.com\/product\/yoast-seo-wordpress\/ -->\n<title>Czerwona latarnia z polimerobetonu L1 K3 | Vilniauspaminklai.lt<\/title>\n<meta name=\"description\" content=\"Auk\u0161tos kokyb\u0117s kap\u0173 \u017evak\u0117, tinkanti bet kuriam met\u0173 laikui. Ilgai deganti, atspari v\u0117jui ir dr\u0117gmei, skirta kap\u0173 prie\u017ei\u016brai ir pagarbiam prisiminimui. H21 cm x 13 cm\" \/>\n<meta name=\"robots\" content=\"index, follow, max-snippet:-1, max-image-preview:large, max-video-preview:-1\" \/>\n<link rel=\"canonical\" href=\"https:\/\/vilniauspaminklai.lt\/pl\/produkt\/raudono-polimerbetono-zibintas-l1-k3\/\" \/>\n<meta property=\"og:locale\" content=\"pl_PL\" \/>\n<meta property=\"og:type\" content=\"article\" \/>\n<meta property=\"og:title\" content=\"Czerwona latarnia z polimerobetonu L1 K3 | Vilniauspaminklai.lt\" \/>\n<meta property=\"og:description\" content=\"Auk\u0161tos kokyb\u0117s kap\u0173 \u017evak\u0117, tinkanti bet kuriam met\u0173 laikui. Ilgai deganti, atspari v\u0117jui ir dr\u0117gmei, skirta kap\u0173 prie\u017ei\u016brai ir pagarbiam prisiminimui. H21 cm x 13 cm\" \/>\n<meta property=\"og:url\" content=\"https:\/\/vilniauspaminklai.lt\/pl\/produkt\/raudono-polimerbetono-zibintas-l1-k3\/\" \/>\n<meta property=\"og:site_name\" content=\"Vilniauspaminklai.lt\" \/>\n<meta property=\"article:modified_time\" content=\"2026-02-09T11:15:42+00:00\" \/>\n<meta property=\"og:image\" content=\"https:\/\/vilniauspaminklai.lt\/wp-content\/uploads\/2025\/11\/L1K3a.webp\" \/>\n\t<meta property=\"og:image:width\" content=\"1200\" \/>\n\t<meta property=\"og:image:height\" content=\"800\" \/>\n\t<meta property=\"og:image:type\" content=\"image\/webp\" \/>\n<meta name=\"twitter:card\" content=\"summary_large_image\" \/>\n<meta name=\"twitter:label1\" content=\"Szacowany czas czytania\" \/>\n\t<meta name=\"twitter:data1\" content=\"1 minuta\" \/>\n<script type=\"application\/ld+json\" class=\"yoast-schema-graph\">{\"@context\":\"https:\\\/\\\/schema.org\",\"@graph\":[{\"@type\":\"WebPage\",\"@id\":\"https:\\\/\\\/vilniauspaminklai.lt\\\/pl\\\/produkt\\\/raudono-polimerbetono-zibintas-l1-k3\\\/\",\"url\":\"https:\\\/\\\/vilniauspaminklai.lt\\\/pl\\\/produkt\\\/raudono-polimerbetono-zibintas-l1-k3\\\/\",\"name\":\"Czerwona latarnia z polimerobetonu L1 K3 | Vilniauspaminklai.lt\",\"isPartOf\":{\"@id\":\"https:\\\/\\\/vilniauspaminklai.lt\\\/pl\\\/#website\"},\"primaryImageOfPage\":{\"@id\":\"https:\\\/\\\/vilniauspaminklai.lt\\\/pl\\\/produkt\\\/raudono-polimerbetono-zibintas-l1-k3\\\/#primaryimage\"},\"image\":{\"@id\":\"https:\\\/\\\/vilniauspaminklai.lt\\\/pl\\\/produkt\\\/raudono-polimerbetono-zibintas-l1-k3\\\/#primaryimage\"},\"thumbnailUrl\":\"https:\\\/\\\/vilniauspaminklai.lt\\\/wp-content\\\/uploads\\\/2025\\\/11\\\/L1K3a.webp\",\"datePublished\":\"2025-11-25T13:32:13+00:00\",\"dateModified\":\"2026-02-09T11:15:42+00:00\",\"description\":\"Auk\u0161tos kokyb\u0117s kap\u0173 \u017evak\u0117, tinkanti bet kuriam met\u0173 laikui. Ilgai deganti, atspari v\u0117jui ir dr\u0117gmei, skirta kap\u0173 prie\u017ei\u016brai ir pagarbiam prisiminimui. H21 cm x 13 cm\",\"breadcrumb\":{\"@id\":\"https:\\\/\\\/vilniauspaminklai.lt\\\/pl\\\/produkt\\\/raudono-polimerbetono-zibintas-l1-k3\\\/#breadcrumb\"},\"inLanguage\":\"pl-PL\",\"potentialAction\":[{\"@type\":\"ReadAction\",\"target\":[\"https:\\\/\\\/vilniauspaminklai.lt\\\/pl\\\/produkt\\\/raudono-polimerbetono-zibintas-l1-k3\\\/\"]}]},{\"@type\":\"ImageObject\",\"inLanguage\":\"pl-PL\",\"@id\":\"https:\\\/\\\/vilniauspaminklai.lt\\\/pl\\\/produkt\\\/raudono-polimerbetono-zibintas-l1-k3\\\/#primaryimage\",\"url\":\"https:\\\/\\\/vilniauspaminklai.lt\\\/wp-content\\\/uploads\\\/2025\\\/11\\\/L1K3a.webp\",\"contentUrl\":\"https:\\\/\\\/vilniauspaminklai.lt\\\/wp-content\\\/uploads\\\/2025\\\/11\\\/L1K3a.webp\",\"width\":1200,\"height\":800,\"caption\":\"Raudono polimerbetono \u017eibintas L1 K3 kapams\"},{\"@type\":\"BreadcrumbList\",\"@id\":\"https:\\\/\\\/vilniauspaminklai.lt\\\/pl\\\/produkt\\\/raudono-polimerbetono-zibintas-l1-k3\\\/#breadcrumb\",\"itemListElement\":[{\"@type\":\"ListItem\",\"position\":1,\"name\":\"Home\",\"item\":\"https:\\\/\\\/vilniauspaminklai.lt\\\/pl\\\/\"},{\"@type\":\"ListItem\",\"position\":2,\"name\":\"Produkty\",\"item\":\"https:\\\/\\\/vilniauspaminklai.lt\\\/pl\\\/produkty\\\/\"},{\"@type\":\"ListItem\",\"position\":3,\"name\":\"Czerwona latarnia z polimerobetonu L1 K3\"}]},{\"@type\":\"WebSite\",\"@id\":\"https:\\\/\\\/vilniauspaminklai.lt\\\/pl\\\/#website\",\"url\":\"https:\\\/\\\/vilniauspaminklai.lt\\\/pl\\\/\",\"name\":\"Vilniauspaminklai.lt\",\"description\":\"Vilniauspaminklai.lt\",\"publisher\":{\"@id\":\"https:\\\/\\\/vilniauspaminklai.lt\\\/pl\\\/#organization\"},\"potentialAction\":[{\"@type\":\"SearchAction\",\"target\":{\"@type\":\"EntryPoint\",\"urlTemplate\":\"https:\\\/\\\/vilniauspaminklai.lt\\\/pl\\\/?s={search_term_string}\"},\"query-input\":{\"@type\":\"PropertyValueSpecification\",\"valueRequired\":true,\"valueName\":\"search_term_string\"}}],\"inLanguage\":\"pl-PL\"},{\"@type\":\"Organization\",\"@id\":\"https:\\\/\\\/vilniauspaminklai.lt\\\/pl\\\/#organization\",\"name\":\"Vilniaus Paminklai\",\"url\":\"https:\\\/\\\/vilniauspaminklai.lt\\\/pl\\\/\",\"logo\":{\"@type\":\"ImageObject\",\"inLanguage\":\"pl-PL\",\"@id\":\"https:\\\/\\\/vilniauspaminklai.lt\\\/pl\\\/#\\\/schema\\\/logo\\\/image\\\/\",\"url\":\"https:\\\/\\\/vilniauspaminklai.lt\\\/wp-content\\\/uploads\\\/2025\\\/02\\\/cropped-favicon.png\",\"contentUrl\":\"https:\\\/\\\/vilniauspaminklai.lt\\\/wp-content\\\/uploads\\\/2025\\\/02\\\/cropped-favicon.png\",\"width\":512,\"height\":512,\"caption\":\"Vilniaus Paminklai\"},\"image\":{\"@id\":\"https:\\\/\\\/vilniauspaminklai.lt\\\/pl\\\/#\\\/schema\\\/logo\\\/image\\\/\"}}]}<\/script>\n<!-- \/ Yoast SEO plugin. -->","yoast_head_json":{"title":"Czerwona latarnia z polimerobetonu L1 K3 | Vilniauspaminklai.lt","description":"Auk\u0161tos kokyb\u0117s kap\u0173 \u017evak\u0117, tinkanti bet kuriam met\u0173 laikui. Ilgai deganti, atspari v\u0117jui ir dr\u0117gmei, skirta kap\u0173 prie\u017ei\u016brai ir pagarbiam prisiminimui. H21 cm x 13 cm","robots":{"index":"index","follow":"follow","max-snippet":"max-snippet:-1","max-image-preview":"max-image-preview:large","max-video-preview":"max-video-preview:-1"},"canonical":"https:\/\/vilniauspaminklai.lt\/pl\/produkt\/raudono-polimerbetono-zibintas-l1-k3\/","og_locale":"pl_PL","og_type":"article","og_title":"Czerwona latarnia z polimerobetonu L1 K3 | Vilniauspaminklai.lt","og_description":"Auk\u0161tos kokyb\u0117s kap\u0173 \u017evak\u0117, tinkanti bet kuriam met\u0173 laikui. Ilgai deganti, atspari v\u0117jui ir dr\u0117gmei, skirta kap\u0173 prie\u017ei\u016brai ir pagarbiam prisiminimui. H21 cm x 13 cm","og_url":"https:\/\/vilniauspaminklai.lt\/pl\/produkt\/raudono-polimerbetono-zibintas-l1-k3\/","og_site_name":"Vilniauspaminklai.lt","article_modified_time":"2026-02-09T11:15:42+00:00","og_image":[{"width":1200,"height":800,"url":"https:\/\/vilniauspaminklai.lt\/wp-content\/uploads\/2025\/11\/L1K3a.webp","type":"image\/webp"}],"twitter_card":"summary_large_image","twitter_misc":{"Szacowany czas czytania":"1 minuta"},"schema":{"@context":"https:\/\/schema.org","@graph":[{"@type":"WebPage","@id":"https:\/\/vilniauspaminklai.lt\/pl\/produkt\/raudono-polimerbetono-zibintas-l1-k3\/","url":"https:\/\/vilniauspaminklai.lt\/pl\/produkt\/raudono-polimerbetono-zibintas-l1-k3\/","name":"Czerwona latarnia z polimerobetonu L1 K3 | Vilniauspaminklai.lt","isPartOf":{"@id":"https:\/\/vilniauspaminklai.lt\/pl\/#website"},"primaryImageOfPage":{"@id":"https:\/\/vilniauspaminklai.lt\/pl\/produkt\/raudono-polimerbetono-zibintas-l1-k3\/#primaryimage"},"image":{"@id":"https:\/\/vilniauspaminklai.lt\/pl\/produkt\/raudono-polimerbetono-zibintas-l1-k3\/#primaryimage"},"thumbnailUrl":"https:\/\/vilniauspaminklai.lt\/wp-content\/uploads\/2025\/11\/L1K3a.webp","datePublished":"2025-11-25T13:32:13+00:00","dateModified":"2026-02-09T11:15:42+00:00","description":"Auk\u0161tos kokyb\u0117s kap\u0173 \u017evak\u0117, tinkanti bet kuriam met\u0173 laikui. Ilgai deganti, atspari v\u0117jui ir dr\u0117gmei, skirta kap\u0173 prie\u017ei\u016brai ir pagarbiam prisiminimui. H21 cm x 13 cm","breadcrumb":{"@id":"https:\/\/vilniauspaminklai.lt\/pl\/produkt\/raudono-polimerbetono-zibintas-l1-k3\/#breadcrumb"},"inLanguage":"pl-PL","potentialAction":[{"@type":"ReadAction","target":["https:\/\/vilniauspaminklai.lt\/pl\/produkt\/raudono-polimerbetono-zibintas-l1-k3\/"]}]},{"@type":"ImageObject","inLanguage":"pl-PL","@id":"https:\/\/vilniauspaminklai.lt\/pl\/produkt\/raudono-polimerbetono-zibintas-l1-k3\/#primaryimage","url":"https:\/\/vilniauspaminklai.lt\/wp-content\/uploads\/2025\/11\/L1K3a.webp","contentUrl":"https:\/\/vilniauspaminklai.lt\/wp-content\/uploads\/2025\/11\/L1K3a.webp","width":1200,"height":800,"caption":"Raudono polimerbetono \u017eibintas L1 K3 kapams"},{"@type":"BreadcrumbList","@id":"https:\/\/vilniauspaminklai.lt\/pl\/produkt\/raudono-polimerbetono-zibintas-l1-k3\/#breadcrumb","itemListElement":[{"@type":"ListItem","position":1,"name":"Home","item":"https:\/\/vilniauspaminklai.lt\/pl\/"},{"@type":"ListItem","position":2,"name":"Produkty","item":"https:\/\/vilniauspaminklai.lt\/pl\/produkty\/"},{"@type":"ListItem","position":3,"name":"Czerwona latarnia z polimerobetonu L1 K3"}]},{"@type":"WebSite","@id":"https:\/\/vilniauspaminklai.lt\/pl\/#website","url":"https:\/\/vilniauspaminklai.lt\/pl\/","name":"Vilniauspaminklai.lt","description":"Vilniauspaminklai.lt","publisher":{"@id":"https:\/\/vilniauspaminklai.lt\/pl\/#organization"},"potentialAction":[{"@type":"SearchAction","target":{"@type":"EntryPoint","urlTemplate":"https:\/\/vilniauspaminklai.lt\/pl\/?s={search_term_string}"},"query-input":{"@type":"PropertyValueSpecification","valueRequired":true,"valueName":"search_term_string"}}],"inLanguage":"pl-PL"},{"@type":"Organization","@id":"https:\/\/vilniauspaminklai.lt\/pl\/#organization","name":"Vilniaus Paminklai","url":"https:\/\/vilniauspaminklai.lt\/pl\/","logo":{"@type":"ImageObject","inLanguage":"pl-PL","@id":"https:\/\/vilniauspaminklai.lt\/pl\/#\/schema\/logo\/image\/","url":"https:\/\/vilniauspaminklai.lt\/wp-content\/uploads\/2025\/02\/cropped-favicon.png","contentUrl":"https:\/\/vilniauspaminklai.lt\/wp-content\/uploads\/2025\/02\/cropped-favicon.png","width":512,"height":512,"caption":"Vilniaus Paminklai"},"image":{"@id":"https:\/\/vilniauspaminklai.lt\/pl\/#\/schema\/logo\/image\/"}}]}},"_links":{"self":[{"href":"https:\/\/vilniauspaminklai.lt\/pl\/wp-json\/wp\/v2\/product\/4414","targetHints":{"allow":["GET"]}}],"collection":[{"href":"https:\/\/vilniauspaminklai.lt\/pl\/wp-json\/wp\/v2\/product"}],"about":[{"href":"https:\/\/vilniauspaminklai.lt\/pl\/wp-json\/wp\/v2\/types\/product"}],"wp:featuredmedia":[{"embeddable":true,"href":"https:\/\/vilniauspaminklai.lt\/pl\/wp-json\/wp\/v2\/media\/4415"}],"wp:attachment":[{"href":"https:\/\/vilniauspaminklai.lt\/pl\/wp-json\/wp\/v2\/media?parent=4414"}],"wp:term":[{"taxonomy":"product_brand","embeddable":true,"href":"https:\/\/vilniauspaminklai.lt\/pl\/wp-json\/wp\/v2\/product_brand?post=4414"},{"taxonomy":"product_cat","embeddable":true,"href":"https:\/\/vilniauspaminklai.lt\/pl\/wp-json\/wp\/v2\/product_cat?post=4414"},{"taxonomy":"product_tag","embeddable":true,"href":"https:\/\/vilniauspaminklai.lt\/pl\/wp-json\/wp\/v2\/product_tag?post=4414"}],"curies":[{"name":"wp","href":"https:\/\/api.w.org\/{rel}","templated":true}]}}