{"id":5161,"date":"2025-04-01T15:19:52","date_gmt":"2025-04-01T13:19:52","guid":{"rendered":"https:\/\/vilniauspaminklai.lt\/produktas\/bialy-kamien-kruszony-marianna-frakcja-8-16-mm-30-kg\/"},"modified":"2025-04-01T15:19:52","modified_gmt":"2025-04-01T13:19:52","slug":"bialy-kamien-kruszony-marianna-frakcja-8-16-mm-30-kg","status":"publish","type":"product","link":"https:\/\/vilniauspaminklai.lt\/pl\/produkt\/bialy-kamien-kruszony-marianna-frakcja-8-16-mm-30-kg\/","title":{"rendered":"Bia\u0142y kamie\u0144 kruszony &#8222;Marianna&#8221;, frakcja 8-16 mm, 30 KG"},"content":{"rendered":"","protected":false},"excerpt":{"rendered":"<p><strong>Bia\u0142y gruz Marianna &#8211; eleganckie i schludne rozwi\u0105zanie do dekoracji grob\u00f3w<\/strong><\/p>\n<p>Bia\u0142y marmur &#8222;Marianna&#8221; (8-16 mm) ma delikatny bia\u0142o-kremowy kolor z jasno\u017c\u00f3\u0142tymi wtr\u0105ceniami. Ten naturalnie pozyskiwany produkt z marmuru dolomitowego dodaje grobowcom elegancji, czysto\u015bci i dystynkcji. <\/p>\n<p>Jest mrozoodporny, charakteryzuje si\u0119 nisk\u0105 absorpcj\u0105 wilgoci, zachowuje g\u0142adko\u015b\u0107 powierzchni i stabilno\u015b\u0107 koloru, dzi\u0119ki czemu z up\u0142ywem czasu nie traci estetycznego wygl\u0105du. Idealnie nadaje si\u0119 do wype\u0142niania grob\u00f3w, podkre\u015blaj\u0105c \u0142ad i harmoni\u0119 oraz komponuj\u0105c si\u0119 z r\u00f3\u017cnymi pomnikami i innymi elementami dekoracyjnymi. <\/p>\n<p><strong>Dlaczego warto wybra\u0107 gruz Marianna na groby?<\/strong><br \/>\nDaje wra\u017cenie lekko\u015bci i luksusu.<br \/>\nD\u0142ugotrwa\u0142y kolor i niskie koszty utrzymania.<br \/>\nDobrze komponuje si\u0119 z innymi kamieniami lub ro\u015blinami, tworz\u0105c jednolite i estetyczne otoczenie.<\/p>\n<p><strong>UWAGA:<\/strong> Kolor lub rozmiar kamienia pokazanego na zdj\u0119ciach mo\u017ce si\u0119 nieznacznie r\u00f3\u017cni\u0107 ze wzgl\u0119du na proces produkcji i naturalne warunki pogodowe. Kamie\u0144 mo\u017ce zawiera\u0107 \u0142atwe do usuni\u0119cia zanieczyszczenia wynikaj\u0105ce z procesu produkcji, pakowania lub transportu. <\/p>\n<p><img loading=\"lazy\" decoding=\"async\" class=\"alignnone size-full wp-image-3007\" src=\"https:\/\/vilniauspaminklai.lt\/wp-content\/uploads\/2025\/04\/sodo-akmuo-logo.png\" alt=\"\" width=\"140\" height=\"47\"><\/p>\n","protected":false},"featured_media":3015,"template":"","meta":{"_acf_changed":false,"inline_featured_image":false},"product_brand":[],"product_cat":[136],"product_tag":[],"class_list":{"0":"post-5161","1":"product","2":"type-product","3":"status-publish","4":"has-post-thumbnail","6":"product_cat-kruszony-kamien","8":"first","9":"instock","10":"shipping-taxable","11":"purchasable","12":"product-type-simple"},"acf":[],"yoast_head":"<!-- This site is optimized with the Yoast SEO plugin v27.3 - https:\/\/yoast.com\/product\/yoast-seo-wordpress\/ -->\n<title>Bia\u0142y kamie\u0144 kruszony &quot;Marianna&quot;, frakcja 8-16 mm, 30 KG | Vilniauspaminklai.lt<\/title>\n<meta name=\"description\" content=\"Bia\u0142y marmur &quot;Marianna&quot; to trwa\u0142e rozwi\u0105zanie do dekoracji grob\u00f3w. Jest odporny na mr\u00f3z, zachowuje sw\u00f3j kolor i sprawia wra\u017cenie czysto\u015bci i luksusu.\" \/>\n<meta name=\"robots\" content=\"index, follow, max-snippet:-1, max-image-preview:large, max-video-preview:-1\" \/>\n<link rel=\"canonical\" href=\"https:\/\/vilniauspaminklai.lt\/pl\/produkt\/bialy-kamien-kruszony-marianna-frakcja-8-16-mm-30-kg\/\" \/>\n<meta property=\"og:locale\" content=\"pl_PL\" \/>\n<meta property=\"og:type\" content=\"article\" \/>\n<meta property=\"og:title\" content=\"Bia\u0142y kamie\u0144 kruszony &quot;Marianna&quot;, frakcja 8-16 mm, 30 KG | Vilniauspaminklai.lt\" \/>\n<meta property=\"og:description\" content=\"Bia\u0142y marmur &quot;Marianna&quot; to trwa\u0142e rozwi\u0105zanie do dekoracji grob\u00f3w. Jest odporny na mr\u00f3z, zachowuje sw\u00f3j kolor i sprawia wra\u017cenie czysto\u015bci i luksusu.\" \/>\n<meta property=\"og:url\" content=\"https:\/\/vilniauspaminklai.lt\/pl\/produkt\/bialy-kamien-kruszony-marianna-frakcja-8-16-mm-30-kg\/\" \/>\n<meta property=\"og:site_name\" content=\"Vilniauspaminklai.lt\" \/>\n<meta property=\"og:image\" content=\"https:\/\/vilniauspaminklai.lt\/wp-content\/uploads\/2025\/04\/balta-skalda-Marianna-frakcija-8-16mm.jpg\" \/>\n\t<meta property=\"og:image:width\" content=\"1200\" \/>\n\t<meta property=\"og:image:height\" content=\"800\" \/>\n\t<meta property=\"og:image:type\" content=\"image\/jpeg\" \/>\n<meta name=\"twitter:card\" content=\"summary_large_image\" \/>\n<script type=\"application\/ld+json\" class=\"yoast-schema-graph\">{\"@context\":\"https:\\\/\\\/schema.org\",\"@graph\":[{\"@type\":\"WebPage\",\"@id\":\"https:\\\/\\\/vilniauspaminklai.lt\\\/pl\\\/produkt\\\/bialy-kamien-kruszony-marianna-frakcja-8-16-mm-30-kg\\\/\",\"url\":\"https:\\\/\\\/vilniauspaminklai.lt\\\/pl\\\/produkt\\\/bialy-kamien-kruszony-marianna-frakcja-8-16-mm-30-kg\\\/\",\"name\":\"Bia\u0142y kamie\u0144 kruszony \\\"Marianna\\\", frakcja 8-16 mm, 30 KG | Vilniauspaminklai.lt\",\"isPartOf\":{\"@id\":\"https:\\\/\\\/vilniauspaminklai.lt\\\/pl\\\/#website\"},\"primaryImageOfPage\":{\"@id\":\"https:\\\/\\\/vilniauspaminklai.lt\\\/pl\\\/produkt\\\/bialy-kamien-kruszony-marianna-frakcja-8-16-mm-30-kg\\\/#primaryimage\"},\"image\":{\"@id\":\"https:\\\/\\\/vilniauspaminklai.lt\\\/pl\\\/produkt\\\/bialy-kamien-kruszony-marianna-frakcja-8-16-mm-30-kg\\\/#primaryimage\"},\"thumbnailUrl\":\"https:\\\/\\\/vilniauspaminklai.lt\\\/wp-content\\\/uploads\\\/2025\\\/04\\\/balta-skalda-Marianna-frakcija-8-16mm.jpg\",\"datePublished\":\"2025-04-01T13:19:52+00:00\",\"description\":\"Bia\u0142y marmur \\\"Marianna\\\" to trwa\u0142e rozwi\u0105zanie do dekoracji grob\u00f3w. Jest odporny na mr\u00f3z, zachowuje sw\u00f3j kolor i sprawia wra\u017cenie czysto\u015bci i luksusu.\",\"breadcrumb\":{\"@id\":\"https:\\\/\\\/vilniauspaminklai.lt\\\/pl\\\/produkt\\\/bialy-kamien-kruszony-marianna-frakcja-8-16-mm-30-kg\\\/#breadcrumb\"},\"inLanguage\":\"pl-PL\",\"potentialAction\":[{\"@type\":\"ReadAction\",\"target\":[\"https:\\\/\\\/vilniauspaminklai.lt\\\/pl\\\/produkt\\\/bialy-kamien-kruszony-marianna-frakcja-8-16-mm-30-kg\\\/\"]}]},{\"@type\":\"ImageObject\",\"inLanguage\":\"pl-PL\",\"@id\":\"https:\\\/\\\/vilniauspaminklai.lt\\\/pl\\\/produkt\\\/bialy-kamien-kruszony-marianna-frakcja-8-16-mm-30-kg\\\/#primaryimage\",\"url\":\"https:\\\/\\\/vilniauspaminklai.lt\\\/wp-content\\\/uploads\\\/2025\\\/04\\\/balta-skalda-Marianna-frakcija-8-16mm.jpg\",\"contentUrl\":\"https:\\\/\\\/vilniauspaminklai.lt\\\/wp-content\\\/uploads\\\/2025\\\/04\\\/balta-skalda-Marianna-frakcija-8-16mm.jpg\",\"width\":1200,\"height\":800,\"caption\":\"Balta skalda \\\"Marianna\\\", frakcija 8-16mm, 30 KG\"},{\"@type\":\"BreadcrumbList\",\"@id\":\"https:\\\/\\\/vilniauspaminklai.lt\\\/pl\\\/produkt\\\/bialy-kamien-kruszony-marianna-frakcja-8-16-mm-30-kg\\\/#breadcrumb\",\"itemListElement\":[{\"@type\":\"ListItem\",\"position\":1,\"name\":\"Home\",\"item\":\"https:\\\/\\\/vilniauspaminklai.lt\\\/pl\\\/\"},{\"@type\":\"ListItem\",\"position\":2,\"name\":\"Produkty\",\"item\":\"https:\\\/\\\/vilniauspaminklai.lt\\\/pl\\\/produkty\\\/\"},{\"@type\":\"ListItem\",\"position\":3,\"name\":\"Bia\u0142y kamie\u0144 kruszony &#8222;Marianna&#8221;, frakcja 8-16 mm, 30 KG\"}]},{\"@type\":\"WebSite\",\"@id\":\"https:\\\/\\\/vilniauspaminklai.lt\\\/pl\\\/#website\",\"url\":\"https:\\\/\\\/vilniauspaminklai.lt\\\/pl\\\/\",\"name\":\"Vilniauspaminklai.lt\",\"description\":\"Vilniauspaminklai.lt\",\"publisher\":{\"@id\":\"https:\\\/\\\/vilniauspaminklai.lt\\\/pl\\\/#organization\"},\"potentialAction\":[{\"@type\":\"SearchAction\",\"target\":{\"@type\":\"EntryPoint\",\"urlTemplate\":\"https:\\\/\\\/vilniauspaminklai.lt\\\/pl\\\/?s={search_term_string}\"},\"query-input\":{\"@type\":\"PropertyValueSpecification\",\"valueRequired\":true,\"valueName\":\"search_term_string\"}}],\"inLanguage\":\"pl-PL\"},{\"@type\":\"Organization\",\"@id\":\"https:\\\/\\\/vilniauspaminklai.lt\\\/pl\\\/#organization\",\"name\":\"Vilniaus Paminklai\",\"url\":\"https:\\\/\\\/vilniauspaminklai.lt\\\/pl\\\/\",\"logo\":{\"@type\":\"ImageObject\",\"inLanguage\":\"pl-PL\",\"@id\":\"https:\\\/\\\/vilniauspaminklai.lt\\\/pl\\\/#\\\/schema\\\/logo\\\/image\\\/\",\"url\":\"https:\\\/\\\/vilniauspaminklai.lt\\\/wp-content\\\/uploads\\\/2025\\\/02\\\/cropped-favicon.png\",\"contentUrl\":\"https:\\\/\\\/vilniauspaminklai.lt\\\/wp-content\\\/uploads\\\/2025\\\/02\\\/cropped-favicon.png\",\"width\":512,\"height\":512,\"caption\":\"Vilniaus Paminklai\"},\"image\":{\"@id\":\"https:\\\/\\\/vilniauspaminklai.lt\\\/pl\\\/#\\\/schema\\\/logo\\\/image\\\/\"}}]}<\/script>\n<!-- \/ Yoast SEO plugin. -->","yoast_head_json":{"title":"Bia\u0142y kamie\u0144 kruszony \"Marianna\", frakcja 8-16 mm, 30 KG | Vilniauspaminklai.lt","description":"Bia\u0142y marmur \"Marianna\" to trwa\u0142e rozwi\u0105zanie do dekoracji grob\u00f3w. Jest odporny na mr\u00f3z, zachowuje sw\u00f3j kolor i sprawia wra\u017cenie czysto\u015bci i luksusu.","robots":{"index":"index","follow":"follow","max-snippet":"max-snippet:-1","max-image-preview":"max-image-preview:large","max-video-preview":"max-video-preview:-1"},"canonical":"https:\/\/vilniauspaminklai.lt\/pl\/produkt\/bialy-kamien-kruszony-marianna-frakcja-8-16-mm-30-kg\/","og_locale":"pl_PL","og_type":"article","og_title":"Bia\u0142y kamie\u0144 kruszony \"Marianna\", frakcja 8-16 mm, 30 KG | Vilniauspaminklai.lt","og_description":"Bia\u0142y marmur \"Marianna\" to trwa\u0142e rozwi\u0105zanie do dekoracji grob\u00f3w. Jest odporny na mr\u00f3z, zachowuje sw\u00f3j kolor i sprawia wra\u017cenie czysto\u015bci i luksusu.","og_url":"https:\/\/vilniauspaminklai.lt\/pl\/produkt\/bialy-kamien-kruszony-marianna-frakcja-8-16-mm-30-kg\/","og_site_name":"Vilniauspaminklai.lt","og_image":[{"width":1200,"height":800,"url":"https:\/\/vilniauspaminklai.lt\/wp-content\/uploads\/2025\/04\/balta-skalda-Marianna-frakcija-8-16mm.jpg","type":"image\/jpeg"}],"twitter_card":"summary_large_image","schema":{"@context":"https:\/\/schema.org","@graph":[{"@type":"WebPage","@id":"https:\/\/vilniauspaminklai.lt\/pl\/produkt\/bialy-kamien-kruszony-marianna-frakcja-8-16-mm-30-kg\/","url":"https:\/\/vilniauspaminklai.lt\/pl\/produkt\/bialy-kamien-kruszony-marianna-frakcja-8-16-mm-30-kg\/","name":"Bia\u0142y kamie\u0144 kruszony \"Marianna\", frakcja 8-16 mm, 30 KG | Vilniauspaminklai.lt","isPartOf":{"@id":"https:\/\/vilniauspaminklai.lt\/pl\/#website"},"primaryImageOfPage":{"@id":"https:\/\/vilniauspaminklai.lt\/pl\/produkt\/bialy-kamien-kruszony-marianna-frakcja-8-16-mm-30-kg\/#primaryimage"},"image":{"@id":"https:\/\/vilniauspaminklai.lt\/pl\/produkt\/bialy-kamien-kruszony-marianna-frakcja-8-16-mm-30-kg\/#primaryimage"},"thumbnailUrl":"https:\/\/vilniauspaminklai.lt\/wp-content\/uploads\/2025\/04\/balta-skalda-Marianna-frakcija-8-16mm.jpg","datePublished":"2025-04-01T13:19:52+00:00","description":"Bia\u0142y marmur \"Marianna\" to trwa\u0142e rozwi\u0105zanie do dekoracji grob\u00f3w. Jest odporny na mr\u00f3z, zachowuje sw\u00f3j kolor i sprawia wra\u017cenie czysto\u015bci i luksusu.","breadcrumb":{"@id":"https:\/\/vilniauspaminklai.lt\/pl\/produkt\/bialy-kamien-kruszony-marianna-frakcja-8-16-mm-30-kg\/#breadcrumb"},"inLanguage":"pl-PL","potentialAction":[{"@type":"ReadAction","target":["https:\/\/vilniauspaminklai.lt\/pl\/produkt\/bialy-kamien-kruszony-marianna-frakcja-8-16-mm-30-kg\/"]}]},{"@type":"ImageObject","inLanguage":"pl-PL","@id":"https:\/\/vilniauspaminklai.lt\/pl\/produkt\/bialy-kamien-kruszony-marianna-frakcja-8-16-mm-30-kg\/#primaryimage","url":"https:\/\/vilniauspaminklai.lt\/wp-content\/uploads\/2025\/04\/balta-skalda-Marianna-frakcija-8-16mm.jpg","contentUrl":"https:\/\/vilniauspaminklai.lt\/wp-content\/uploads\/2025\/04\/balta-skalda-Marianna-frakcija-8-16mm.jpg","width":1200,"height":800,"caption":"Balta skalda \"Marianna\", frakcija 8-16mm, 30 KG"},{"@type":"BreadcrumbList","@id":"https:\/\/vilniauspaminklai.lt\/pl\/produkt\/bialy-kamien-kruszony-marianna-frakcja-8-16-mm-30-kg\/#breadcrumb","itemListElement":[{"@type":"ListItem","position":1,"name":"Home","item":"https:\/\/vilniauspaminklai.lt\/pl\/"},{"@type":"ListItem","position":2,"name":"Produkty","item":"https:\/\/vilniauspaminklai.lt\/pl\/produkty\/"},{"@type":"ListItem","position":3,"name":"Bia\u0142y kamie\u0144 kruszony &#8222;Marianna&#8221;, frakcja 8-16 mm, 30 KG"}]},{"@type":"WebSite","@id":"https:\/\/vilniauspaminklai.lt\/pl\/#website","url":"https:\/\/vilniauspaminklai.lt\/pl\/","name":"Vilniauspaminklai.lt","description":"Vilniauspaminklai.lt","publisher":{"@id":"https:\/\/vilniauspaminklai.lt\/pl\/#organization"},"potentialAction":[{"@type":"SearchAction","target":{"@type":"EntryPoint","urlTemplate":"https:\/\/vilniauspaminklai.lt\/pl\/?s={search_term_string}"},"query-input":{"@type":"PropertyValueSpecification","valueRequired":true,"valueName":"search_term_string"}}],"inLanguage":"pl-PL"},{"@type":"Organization","@id":"https:\/\/vilniauspaminklai.lt\/pl\/#organization","name":"Vilniaus Paminklai","url":"https:\/\/vilniauspaminklai.lt\/pl\/","logo":{"@type":"ImageObject","inLanguage":"pl-PL","@id":"https:\/\/vilniauspaminklai.lt\/pl\/#\/schema\/logo\/image\/","url":"https:\/\/vilniauspaminklai.lt\/wp-content\/uploads\/2025\/02\/cropped-favicon.png","contentUrl":"https:\/\/vilniauspaminklai.lt\/wp-content\/uploads\/2025\/02\/cropped-favicon.png","width":512,"height":512,"caption":"Vilniaus Paminklai"},"image":{"@id":"https:\/\/vilniauspaminklai.lt\/pl\/#\/schema\/logo\/image\/"}}]}},"_links":{"self":[{"href":"https:\/\/vilniauspaminklai.lt\/pl\/wp-json\/wp\/v2\/product\/5161","targetHints":{"allow":["GET"]}}],"collection":[{"href":"https:\/\/vilniauspaminklai.lt\/pl\/wp-json\/wp\/v2\/product"}],"about":[{"href":"https:\/\/vilniauspaminklai.lt\/pl\/wp-json\/wp\/v2\/types\/product"}],"wp:featuredmedia":[{"embeddable":true,"href":"https:\/\/vilniauspaminklai.lt\/pl\/wp-json\/wp\/v2\/media\/3015"}],"wp:attachment":[{"href":"https:\/\/vilniauspaminklai.lt\/pl\/wp-json\/wp\/v2\/media?parent=5161"}],"wp:term":[{"taxonomy":"product_brand","embeddable":true,"href":"https:\/\/vilniauspaminklai.lt\/pl\/wp-json\/wp\/v2\/product_brand?post=5161"},{"taxonomy":"product_cat","embeddable":true,"href":"https:\/\/vilniauspaminklai.lt\/pl\/wp-json\/wp\/v2\/product_cat?post=5161"},{"taxonomy":"product_tag","embeddable":true,"href":"https:\/\/vilniauspaminklai.lt\/pl\/wp-json\/wp\/v2\/product_tag?post=5161"}],"curies":[{"name":"wp","href":"https:\/\/api.w.org\/{rel}","templated":true}]}}