{"id":5236,"date":"2025-11-25T15:31:50","date_gmt":"2025-11-25T13:31:50","guid":{"rendered":"https:\/\/vilniauspaminklai.lt\/produktas\/granitowy-lampion-na-grob-aurora-z-brazem-i-krzyzem-zgr04\/"},"modified":"2025-11-25T15:31:50","modified_gmt":"2025-11-25T13:31:50","slug":"granitowy-lampion-na-grob-aurora-z-brazem-i-krzyzem-zgr04","status":"publish","type":"product","link":"https:\/\/vilniauspaminklai.lt\/pl\/produkt\/granitowy-lampion-na-grob-aurora-z-brazem-i-krzyzem-zgr04\/","title":{"rendered":"Granitowy lampion na gr\u00f3b Aurora z br\u0105zem i krzy\u017cem ZGR04"},"content":{"rendered":"<p>Ten znicz nagrobny jest przeznaczony dla tych, kt\u00f3rzy chc\u0105 upami\u0119tni\u0107 swoich bliskich w spokojny, pe\u0142en szacunku i estetyczny spos\u00f3b. Wykonany z wysokiej jako\u015bci materia\u0142\u00f3w, jest odporny na wiatr i deszcz, dzi\u0119ki czemu idealnie nadaje si\u0119 do u\u017cytku na zewn\u0105trz w ka\u017cdych warunkach pogodowych.  Stale pal\u0105cy si\u0119 p\u0142omie\u0144 daje przytulny blask, a klasyczny design pasuje do ka\u017cdego stylu grobu.<\/p>\n<p>Nasze \u015bwiece s\u0105 starannie dobierane, aby zapewni\u0107 d\u0142ugi czas palenia i niezawodno\u015b\u0107. S\u0105 praktycznym, a jednocze\u015bnie symbolicznym wyborem, pozwalaj\u0105cym zapali\u0107 \u015bwiat\u0142o dla swoich bliskich w dowolnym momencie. <\/p>\n","protected":false},"excerpt":{"rendered":"<p data-start=\"149\" data-end=\"300\">Wysokiej jako\u015bci znicz nagrobny odpowiedni na ka\u017cd\u0105 por\u0119 roku. D\u0142ugotrwa\u0142e palenie, odporno\u015b\u0107 na wiatr i wilgo\u0107, do opieki nad grobem i pe\u0142nego szacunku upami\u0119tnienia. <\/p>\n<p data-start=\"149\" data-end=\"300\">wys. 27,5 x g\u0142\u0119b. 15,5 cm<\/p>\n","protected":false},"featured_media":5238,"template":"","meta":{"_acf_changed":false,"inline_featured_image":false},"product_brand":[],"product_cat":[132,134],"product_tag":[],"class_list":{"0":"post-5236","1":"product","2":"type-product","3":"status-publish","4":"has-post-thumbnail","6":"product_cat-inni","7":"product_cat-wazony-z-granitu-betonu-polimerowego","9":"first","10":"instock","11":"shipping-taxable","12":"purchasable","13":"product-type-simple"},"acf":[],"yoast_head":"<!-- This site is optimized with the Yoast SEO plugin v27.3 - https:\/\/yoast.com\/product\/yoast-seo-wordpress\/ -->\n<title>Granitowy lampion na gr\u00f3b Aurora z br\u0105zem i krzy\u017cem ZGR04 | Vilniauspaminklai.lt<\/title>\n<meta name=\"description\" content=\"Wysokiej jako\u015bci znicz nagrobny odpowiedni na ka\u017cd\u0105 por\u0119 roku. D\u0142ugotrwa\u0142e palenie, odporno\u015b\u0107 na wiatr i wilgo\u0107, do opieki nad grobem i pe\u0142nego szacunku upami\u0119tnienia. wys. 27,5 x g\u0142\u0119b. 15,5 cm\" \/>\n<meta name=\"robots\" content=\"index, follow, max-snippet:-1, max-image-preview:large, max-video-preview:-1\" \/>\n<link rel=\"canonical\" href=\"https:\/\/vilniauspaminklai.lt\/pl\/produkt\/granitowy-lampion-na-grob-aurora-z-brazem-i-krzyzem-zgr04\/\" \/>\n<meta property=\"og:locale\" content=\"pl_PL\" \/>\n<meta property=\"og:type\" content=\"article\" \/>\n<meta property=\"og:title\" content=\"Granitowy lampion na gr\u00f3b Aurora z br\u0105zem i krzy\u017cem ZGR04 | Vilniauspaminklai.lt\" \/>\n<meta property=\"og:description\" content=\"Wysokiej jako\u015bci znicz nagrobny odpowiedni na ka\u017cd\u0105 por\u0119 roku. D\u0142ugotrwa\u0142e palenie, odporno\u015b\u0107 na wiatr i wilgo\u0107, do opieki nad grobem i pe\u0142nego szacunku upami\u0119tnienia. wys. 27,5 x g\u0142\u0119b. 15,5 cm\" \/>\n<meta property=\"og:url\" content=\"https:\/\/vilniauspaminklai.lt\/pl\/produkt\/granitowy-lampion-na-grob-aurora-z-brazem-i-krzyzem-zgr04\/\" \/>\n<meta property=\"og:site_name\" content=\"Vilniauspaminklai.lt\" \/>\n<meta property=\"og:image\" content=\"https:\/\/vilniauspaminklai.lt\/wp-content\/uploads\/2025\/11\/ZGR04a.webp\" \/>\n\t<meta property=\"og:image:width\" content=\"1200\" \/>\n\t<meta property=\"og:image:height\" content=\"800\" \/>\n\t<meta property=\"og:image:type\" content=\"image\/webp\" \/>\n<meta name=\"twitter:card\" content=\"summary_large_image\" \/>\n<meta name=\"twitter:label1\" content=\"Szacowany czas czytania\" \/>\n\t<meta name=\"twitter:data1\" content=\"1 minuta\" \/>\n<script type=\"application\/ld+json\" class=\"yoast-schema-graph\">{\"@context\":\"https:\\\/\\\/schema.org\",\"@graph\":[{\"@type\":\"WebPage\",\"@id\":\"https:\\\/\\\/vilniauspaminklai.lt\\\/pl\\\/produkt\\\/granitowy-lampion-na-grob-aurora-z-brazem-i-krzyzem-zgr04\\\/\",\"url\":\"https:\\\/\\\/vilniauspaminklai.lt\\\/pl\\\/produkt\\\/granitowy-lampion-na-grob-aurora-z-brazem-i-krzyzem-zgr04\\\/\",\"name\":\"Granitowy lampion na gr\u00f3b Aurora z br\u0105zem i krzy\u017cem ZGR04 | Vilniauspaminklai.lt\",\"isPartOf\":{\"@id\":\"https:\\\/\\\/vilniauspaminklai.lt\\\/pl\\\/#website\"},\"primaryImageOfPage\":{\"@id\":\"https:\\\/\\\/vilniauspaminklai.lt\\\/pl\\\/produkt\\\/granitowy-lampion-na-grob-aurora-z-brazem-i-krzyzem-zgr04\\\/#primaryimage\"},\"image\":{\"@id\":\"https:\\\/\\\/vilniauspaminklai.lt\\\/pl\\\/produkt\\\/granitowy-lampion-na-grob-aurora-z-brazem-i-krzyzem-zgr04\\\/#primaryimage\"},\"thumbnailUrl\":\"https:\\\/\\\/vilniauspaminklai.lt\\\/wp-content\\\/uploads\\\/2025\\\/11\\\/ZGR04a.webp\",\"datePublished\":\"2025-11-25T13:31:50+00:00\",\"description\":\"Wysokiej jako\u015bci znicz nagrobny odpowiedni na ka\u017cd\u0105 por\u0119 roku. D\u0142ugotrwa\u0142e palenie, odporno\u015b\u0107 na wiatr i wilgo\u0107, do opieki nad grobem i pe\u0142nego szacunku upami\u0119tnienia. wys. 27,5 x g\u0142\u0119b. 15,5 cm\",\"breadcrumb\":{\"@id\":\"https:\\\/\\\/vilniauspaminklai.lt\\\/pl\\\/produkt\\\/granitowy-lampion-na-grob-aurora-z-brazem-i-krzyzem-zgr04\\\/#breadcrumb\"},\"inLanguage\":\"pl-PL\",\"potentialAction\":[{\"@type\":\"ReadAction\",\"target\":[\"https:\\\/\\\/vilniauspaminklai.lt\\\/pl\\\/produkt\\\/granitowy-lampion-na-grob-aurora-z-brazem-i-krzyzem-zgr04\\\/\"]}]},{\"@type\":\"ImageObject\",\"inLanguage\":\"pl-PL\",\"@id\":\"https:\\\/\\\/vilniauspaminklai.lt\\\/pl\\\/produkt\\\/granitowy-lampion-na-grob-aurora-z-brazem-i-krzyzem-zgr04\\\/#primaryimage\",\"url\":\"https:\\\/\\\/vilniauspaminklai.lt\\\/wp-content\\\/uploads\\\/2025\\\/11\\\/ZGR04a.webp\",\"contentUrl\":\"https:\\\/\\\/vilniauspaminklai.lt\\\/wp-content\\\/uploads\\\/2025\\\/11\\\/ZGR04a.webp\",\"width\":1200,\"height\":800,\"caption\":\"Granitowy lampion na gr\u00f3b Aurora z br\u0105zem i krzy\u017cem ZGR04\"},{\"@type\":\"BreadcrumbList\",\"@id\":\"https:\\\/\\\/vilniauspaminklai.lt\\\/pl\\\/produkt\\\/granitowy-lampion-na-grob-aurora-z-brazem-i-krzyzem-zgr04\\\/#breadcrumb\",\"itemListElement\":[{\"@type\":\"ListItem\",\"position\":1,\"name\":\"Home\",\"item\":\"https:\\\/\\\/vilniauspaminklai.lt\\\/pl\\\/\"},{\"@type\":\"ListItem\",\"position\":2,\"name\":\"Produkty\",\"item\":\"https:\\\/\\\/vilniauspaminklai.lt\\\/pl\\\/produkty\\\/\"},{\"@type\":\"ListItem\",\"position\":3,\"name\":\"Granitowy lampion na gr\u00f3b Aurora z br\u0105zem i krzy\u017cem ZGR04\"}]},{\"@type\":\"WebSite\",\"@id\":\"https:\\\/\\\/vilniauspaminklai.lt\\\/pl\\\/#website\",\"url\":\"https:\\\/\\\/vilniauspaminklai.lt\\\/pl\\\/\",\"name\":\"Vilniauspaminklai.lt\",\"description\":\"Vilniauspaminklai.lt\",\"publisher\":{\"@id\":\"https:\\\/\\\/vilniauspaminklai.lt\\\/pl\\\/#organization\"},\"potentialAction\":[{\"@type\":\"SearchAction\",\"target\":{\"@type\":\"EntryPoint\",\"urlTemplate\":\"https:\\\/\\\/vilniauspaminklai.lt\\\/pl\\\/?s={search_term_string}\"},\"query-input\":{\"@type\":\"PropertyValueSpecification\",\"valueRequired\":true,\"valueName\":\"search_term_string\"}}],\"inLanguage\":\"pl-PL\"},{\"@type\":\"Organization\",\"@id\":\"https:\\\/\\\/vilniauspaminklai.lt\\\/pl\\\/#organization\",\"name\":\"Vilniaus Paminklai\",\"url\":\"https:\\\/\\\/vilniauspaminklai.lt\\\/pl\\\/\",\"logo\":{\"@type\":\"ImageObject\",\"inLanguage\":\"pl-PL\",\"@id\":\"https:\\\/\\\/vilniauspaminklai.lt\\\/pl\\\/#\\\/schema\\\/logo\\\/image\\\/\",\"url\":\"https:\\\/\\\/vilniauspaminklai.lt\\\/wp-content\\\/uploads\\\/2025\\\/02\\\/cropped-favicon.png\",\"contentUrl\":\"https:\\\/\\\/vilniauspaminklai.lt\\\/wp-content\\\/uploads\\\/2025\\\/02\\\/cropped-favicon.png\",\"width\":512,\"height\":512,\"caption\":\"Vilniaus Paminklai\"},\"image\":{\"@id\":\"https:\\\/\\\/vilniauspaminklai.lt\\\/pl\\\/#\\\/schema\\\/logo\\\/image\\\/\"}}]}<\/script>\n<!-- \/ Yoast SEO plugin. -->","yoast_head_json":{"title":"Granitowy lampion na gr\u00f3b Aurora z br\u0105zem i krzy\u017cem ZGR04 | Vilniauspaminklai.lt","description":"Wysokiej jako\u015bci znicz nagrobny odpowiedni na ka\u017cd\u0105 por\u0119 roku. D\u0142ugotrwa\u0142e palenie, odporno\u015b\u0107 na wiatr i wilgo\u0107, do opieki nad grobem i pe\u0142nego szacunku upami\u0119tnienia. wys. 27,5 x g\u0142\u0119b. 15,5 cm","robots":{"index":"index","follow":"follow","max-snippet":"max-snippet:-1","max-image-preview":"max-image-preview:large","max-video-preview":"max-video-preview:-1"},"canonical":"https:\/\/vilniauspaminklai.lt\/pl\/produkt\/granitowy-lampion-na-grob-aurora-z-brazem-i-krzyzem-zgr04\/","og_locale":"pl_PL","og_type":"article","og_title":"Granitowy lampion na gr\u00f3b Aurora z br\u0105zem i krzy\u017cem ZGR04 | Vilniauspaminklai.lt","og_description":"Wysokiej jako\u015bci znicz nagrobny odpowiedni na ka\u017cd\u0105 por\u0119 roku. D\u0142ugotrwa\u0142e palenie, odporno\u015b\u0107 na wiatr i wilgo\u0107, do opieki nad grobem i pe\u0142nego szacunku upami\u0119tnienia. wys. 27,5 x g\u0142\u0119b. 15,5 cm","og_url":"https:\/\/vilniauspaminklai.lt\/pl\/produkt\/granitowy-lampion-na-grob-aurora-z-brazem-i-krzyzem-zgr04\/","og_site_name":"Vilniauspaminklai.lt","og_image":[{"width":1200,"height":800,"url":"https:\/\/vilniauspaminklai.lt\/wp-content\/uploads\/2025\/11\/ZGR04a.webp","type":"image\/webp"}],"twitter_card":"summary_large_image","twitter_misc":{"Szacowany czas czytania":"1 minuta"},"schema":{"@context":"https:\/\/schema.org","@graph":[{"@type":"WebPage","@id":"https:\/\/vilniauspaminklai.lt\/pl\/produkt\/granitowy-lampion-na-grob-aurora-z-brazem-i-krzyzem-zgr04\/","url":"https:\/\/vilniauspaminklai.lt\/pl\/produkt\/granitowy-lampion-na-grob-aurora-z-brazem-i-krzyzem-zgr04\/","name":"Granitowy lampion na gr\u00f3b Aurora z br\u0105zem i krzy\u017cem ZGR04 | Vilniauspaminklai.lt","isPartOf":{"@id":"https:\/\/vilniauspaminklai.lt\/pl\/#website"},"primaryImageOfPage":{"@id":"https:\/\/vilniauspaminklai.lt\/pl\/produkt\/granitowy-lampion-na-grob-aurora-z-brazem-i-krzyzem-zgr04\/#primaryimage"},"image":{"@id":"https:\/\/vilniauspaminklai.lt\/pl\/produkt\/granitowy-lampion-na-grob-aurora-z-brazem-i-krzyzem-zgr04\/#primaryimage"},"thumbnailUrl":"https:\/\/vilniauspaminklai.lt\/wp-content\/uploads\/2025\/11\/ZGR04a.webp","datePublished":"2025-11-25T13:31:50+00:00","description":"Wysokiej jako\u015bci znicz nagrobny odpowiedni na ka\u017cd\u0105 por\u0119 roku. D\u0142ugotrwa\u0142e palenie, odporno\u015b\u0107 na wiatr i wilgo\u0107, do opieki nad grobem i pe\u0142nego szacunku upami\u0119tnienia. wys. 27,5 x g\u0142\u0119b. 15,5 cm","breadcrumb":{"@id":"https:\/\/vilniauspaminklai.lt\/pl\/produkt\/granitowy-lampion-na-grob-aurora-z-brazem-i-krzyzem-zgr04\/#breadcrumb"},"inLanguage":"pl-PL","potentialAction":[{"@type":"ReadAction","target":["https:\/\/vilniauspaminklai.lt\/pl\/produkt\/granitowy-lampion-na-grob-aurora-z-brazem-i-krzyzem-zgr04\/"]}]},{"@type":"ImageObject","inLanguage":"pl-PL","@id":"https:\/\/vilniauspaminklai.lt\/pl\/produkt\/granitowy-lampion-na-grob-aurora-z-brazem-i-krzyzem-zgr04\/#primaryimage","url":"https:\/\/vilniauspaminklai.lt\/wp-content\/uploads\/2025\/11\/ZGR04a.webp","contentUrl":"https:\/\/vilniauspaminklai.lt\/wp-content\/uploads\/2025\/11\/ZGR04a.webp","width":1200,"height":800,"caption":"Granitowy lampion na gr\u00f3b Aurora z br\u0105zem i krzy\u017cem ZGR04"},{"@type":"BreadcrumbList","@id":"https:\/\/vilniauspaminklai.lt\/pl\/produkt\/granitowy-lampion-na-grob-aurora-z-brazem-i-krzyzem-zgr04\/#breadcrumb","itemListElement":[{"@type":"ListItem","position":1,"name":"Home","item":"https:\/\/vilniauspaminklai.lt\/pl\/"},{"@type":"ListItem","position":2,"name":"Produkty","item":"https:\/\/vilniauspaminklai.lt\/pl\/produkty\/"},{"@type":"ListItem","position":3,"name":"Granitowy lampion na gr\u00f3b Aurora z br\u0105zem i krzy\u017cem ZGR04"}]},{"@type":"WebSite","@id":"https:\/\/vilniauspaminklai.lt\/pl\/#website","url":"https:\/\/vilniauspaminklai.lt\/pl\/","name":"Vilniauspaminklai.lt","description":"Vilniauspaminklai.lt","publisher":{"@id":"https:\/\/vilniauspaminklai.lt\/pl\/#organization"},"potentialAction":[{"@type":"SearchAction","target":{"@type":"EntryPoint","urlTemplate":"https:\/\/vilniauspaminklai.lt\/pl\/?s={search_term_string}"},"query-input":{"@type":"PropertyValueSpecification","valueRequired":true,"valueName":"search_term_string"}}],"inLanguage":"pl-PL"},{"@type":"Organization","@id":"https:\/\/vilniauspaminklai.lt\/pl\/#organization","name":"Vilniaus Paminklai","url":"https:\/\/vilniauspaminklai.lt\/pl\/","logo":{"@type":"ImageObject","inLanguage":"pl-PL","@id":"https:\/\/vilniauspaminklai.lt\/pl\/#\/schema\/logo\/image\/","url":"https:\/\/vilniauspaminklai.lt\/wp-content\/uploads\/2025\/02\/cropped-favicon.png","contentUrl":"https:\/\/vilniauspaminklai.lt\/wp-content\/uploads\/2025\/02\/cropped-favicon.png","width":512,"height":512,"caption":"Vilniaus Paminklai"},"image":{"@id":"https:\/\/vilniauspaminklai.lt\/pl\/#\/schema\/logo\/image\/"}}]}},"_links":{"self":[{"href":"https:\/\/vilniauspaminklai.lt\/pl\/wp-json\/wp\/v2\/product\/5236","targetHints":{"allow":["GET"]}}],"collection":[{"href":"https:\/\/vilniauspaminklai.lt\/pl\/wp-json\/wp\/v2\/product"}],"about":[{"href":"https:\/\/vilniauspaminklai.lt\/pl\/wp-json\/wp\/v2\/types\/product"}],"wp:featuredmedia":[{"embeddable":true,"href":"https:\/\/vilniauspaminklai.lt\/pl\/wp-json\/wp\/v2\/media\/5238"}],"wp:attachment":[{"href":"https:\/\/vilniauspaminklai.lt\/pl\/wp-json\/wp\/v2\/media?parent=5236"}],"wp:term":[{"taxonomy":"product_brand","embeddable":true,"href":"https:\/\/vilniauspaminklai.lt\/pl\/wp-json\/wp\/v2\/product_brand?post=5236"},{"taxonomy":"product_cat","embeddable":true,"href":"https:\/\/vilniauspaminklai.lt\/pl\/wp-json\/wp\/v2\/product_cat?post=5236"},{"taxonomy":"product_tag","embeddable":true,"href":"https:\/\/vilniauspaminklai.lt\/pl\/wp-json\/wp\/v2\/product_tag?post=5236"}],"curies":[{"name":"wp","href":"https:\/\/api.w.org\/{rel}","templated":true}]}}