{"id":5739,"date":"2024-03-19T13:56:58","date_gmt":"2024-03-19T11:56:58","guid":{"rendered":"https:\/\/vilniauspaminklai.lt\/produktas\/lawka-granitowa-do-grobow-vpm-nr-80\/"},"modified":"2024-03-19T13:56:58","modified_gmt":"2024-03-19T11:56:58","slug":"lawka-granitowa-do-grobow-vpm-nr-80","status":"publish","type":"product","link":"https:\/\/vilniauspaminklai.lt\/pl\/produkt\/lawka-granitowa-do-grobow-vpm-nr-80\/","title":{"rendered":"\u0141awka granitowa do grob\u00f3w VPM nr 80"},"content":{"rendered":"<p>Ka\u017cdy projekt pomnika i grobu mo\u017cemy dostosowa\u0107 do Twoich potrzeb, tworz\u0105c spersonalizowan\u0105 propozycj\u0119. Projektujemy i tworzymy wizualizacje grob\u00f3w, dzi\u0119ki czemu mo\u017cesz zobaczy\u0107 projekt grobu jeszcze przed realizacj\u0105 swojego pomys\u0142u. <\/p>\n","protected":false},"excerpt":{"rendered":"<p>P\u0142yty nagrobne i pomniki w Wilnie. Przykrycie grob\u00f3w p\u0142ytami to trwa\u0142e i eleganckie rozwi\u0105zanie do zarz\u0105dzania grobami i utrzymania ich w dobrym stanie. <\/p>\n","protected":false},"featured_media":2540,"template":"","meta":{"_acf_changed":false,"inline_featured_image":false},"product_brand":[],"product_cat":[132,133],"product_tag":[],"class_list":{"0":"post-5739","1":"product","2":"type-product","3":"status-publish","4":"has-post-thumbnail","6":"product_cat-inni","7":"product_cat-lawka-granitowa-na-groby","9":"first","10":"instock","11":"shipping-taxable","12":"purchasable","13":"product-type-simple"},"acf":[],"yoast_head":"<!-- This site is optimized with the Yoast SEO plugin v27.3 - https:\/\/yoast.com\/product\/yoast-seo-wordpress\/ -->\n<title>\u0141awka granitowa do grob\u00f3w VPM nr 80 | Vilniauspaminklai.lt<\/title>\n<meta name=\"description\" content=\"P\u0142yty nagrobne i pomniki w Wilnie. Przykrycie grob\u00f3w p\u0142ytami to trwa\u0142e i eleganckie rozwi\u0105zanie do zarz\u0105dzania grobami i utrzymania ich w dobrym stanie.\" \/>\n<meta name=\"robots\" content=\"index, follow, max-snippet:-1, max-image-preview:large, max-video-preview:-1\" \/>\n<link rel=\"canonical\" href=\"https:\/\/vilniauspaminklai.lt\/pl\/produkt\/lawka-granitowa-do-grobow-vpm-nr-80\/\" \/>\n<meta property=\"og:locale\" content=\"pl_PL\" \/>\n<meta property=\"og:type\" content=\"article\" \/>\n<meta property=\"og:title\" content=\"\u0141awka granitowa do grob\u00f3w VPM nr 80 | Vilniauspaminklai.lt\" \/>\n<meta property=\"og:description\" content=\"P\u0142yty nagrobne i pomniki w Wilnie. Przykrycie grob\u00f3w p\u0142ytami to trwa\u0142e i eleganckie rozwi\u0105zanie do zarz\u0105dzania grobami i utrzymania ich w dobrym stanie.\" \/>\n<meta property=\"og:url\" content=\"https:\/\/vilniauspaminklai.lt\/pl\/produkt\/lawka-granitowa-do-grobow-vpm-nr-80\/\" \/>\n<meta property=\"og:site_name\" content=\"Vilniauspaminklai.lt\" \/>\n<meta property=\"og:image\" content=\"https:\/\/vilniauspaminklai.lt\/wp-content\/uploads\/2024\/03\/80a.png\" \/>\n\t<meta property=\"og:image:width\" content=\"1200\" \/>\n\t<meta property=\"og:image:height\" content=\"800\" \/>\n\t<meta property=\"og:image:type\" content=\"image\/png\" \/>\n<meta name=\"twitter:card\" content=\"summary_large_image\" \/>\n<script type=\"application\/ld+json\" class=\"yoast-schema-graph\">{\"@context\":\"https:\\\/\\\/schema.org\",\"@graph\":[{\"@type\":\"WebPage\",\"@id\":\"https:\\\/\\\/vilniauspaminklai.lt\\\/pl\\\/produkt\\\/lawka-granitowa-do-grobow-vpm-nr-80\\\/\",\"url\":\"https:\\\/\\\/vilniauspaminklai.lt\\\/pl\\\/produkt\\\/lawka-granitowa-do-grobow-vpm-nr-80\\\/\",\"name\":\"\u0141awka granitowa do grob\u00f3w VPM nr 80 | Vilniauspaminklai.lt\",\"isPartOf\":{\"@id\":\"https:\\\/\\\/vilniauspaminklai.lt\\\/pl\\\/#website\"},\"primaryImageOfPage\":{\"@id\":\"https:\\\/\\\/vilniauspaminklai.lt\\\/pl\\\/produkt\\\/lawka-granitowa-do-grobow-vpm-nr-80\\\/#primaryimage\"},\"image\":{\"@id\":\"https:\\\/\\\/vilniauspaminklai.lt\\\/pl\\\/produkt\\\/lawka-granitowa-do-grobow-vpm-nr-80\\\/#primaryimage\"},\"thumbnailUrl\":\"https:\\\/\\\/vilniauspaminklai.lt\\\/wp-content\\\/uploads\\\/2024\\\/03\\\/80a.png\",\"datePublished\":\"2024-03-19T11:56:58+00:00\",\"description\":\"P\u0142yty nagrobne i pomniki w Wilnie. Przykrycie grob\u00f3w p\u0142ytami to trwa\u0142e i eleganckie rozwi\u0105zanie do zarz\u0105dzania grobami i utrzymania ich w dobrym stanie.\",\"breadcrumb\":{\"@id\":\"https:\\\/\\\/vilniauspaminklai.lt\\\/pl\\\/produkt\\\/lawka-granitowa-do-grobow-vpm-nr-80\\\/#breadcrumb\"},\"inLanguage\":\"pl-PL\",\"potentialAction\":[{\"@type\":\"ReadAction\",\"target\":[\"https:\\\/\\\/vilniauspaminklai.lt\\\/pl\\\/produkt\\\/lawka-granitowa-do-grobow-vpm-nr-80\\\/\"]}]},{\"@type\":\"ImageObject\",\"inLanguage\":\"pl-PL\",\"@id\":\"https:\\\/\\\/vilniauspaminklai.lt\\\/pl\\\/produkt\\\/lawka-granitowa-do-grobow-vpm-nr-80\\\/#primaryimage\",\"url\":\"https:\\\/\\\/vilniauspaminklai.lt\\\/wp-content\\\/uploads\\\/2024\\\/03\\\/80a.png\",\"contentUrl\":\"https:\\\/\\\/vilniauspaminklai.lt\\\/wp-content\\\/uploads\\\/2024\\\/03\\\/80a.png\",\"width\":1200,\"height\":800},{\"@type\":\"BreadcrumbList\",\"@id\":\"https:\\\/\\\/vilniauspaminklai.lt\\\/pl\\\/produkt\\\/lawka-granitowa-do-grobow-vpm-nr-80\\\/#breadcrumb\",\"itemListElement\":[{\"@type\":\"ListItem\",\"position\":1,\"name\":\"Home\",\"item\":\"https:\\\/\\\/vilniauspaminklai.lt\\\/pl\\\/\"},{\"@type\":\"ListItem\",\"position\":2,\"name\":\"Produkty\",\"item\":\"https:\\\/\\\/vilniauspaminklai.lt\\\/pl\\\/produkty\\\/\"},{\"@type\":\"ListItem\",\"position\":3,\"name\":\"\u0141awka granitowa do grob\u00f3w VPM nr 80\"}]},{\"@type\":\"WebSite\",\"@id\":\"https:\\\/\\\/vilniauspaminklai.lt\\\/pl\\\/#website\",\"url\":\"https:\\\/\\\/vilniauspaminklai.lt\\\/pl\\\/\",\"name\":\"Vilniauspaminklai.lt\",\"description\":\"Vilniauspaminklai.lt\",\"publisher\":{\"@id\":\"https:\\\/\\\/vilniauspaminklai.lt\\\/pl\\\/#organization\"},\"potentialAction\":[{\"@type\":\"SearchAction\",\"target\":{\"@type\":\"EntryPoint\",\"urlTemplate\":\"https:\\\/\\\/vilniauspaminklai.lt\\\/pl\\\/?s={search_term_string}\"},\"query-input\":{\"@type\":\"PropertyValueSpecification\",\"valueRequired\":true,\"valueName\":\"search_term_string\"}}],\"inLanguage\":\"pl-PL\"},{\"@type\":\"Organization\",\"@id\":\"https:\\\/\\\/vilniauspaminklai.lt\\\/pl\\\/#organization\",\"name\":\"Vilniaus Paminklai\",\"url\":\"https:\\\/\\\/vilniauspaminklai.lt\\\/pl\\\/\",\"logo\":{\"@type\":\"ImageObject\",\"inLanguage\":\"pl-PL\",\"@id\":\"https:\\\/\\\/vilniauspaminklai.lt\\\/pl\\\/#\\\/schema\\\/logo\\\/image\\\/\",\"url\":\"https:\\\/\\\/vilniauspaminklai.lt\\\/wp-content\\\/uploads\\\/2025\\\/02\\\/cropped-favicon.png\",\"contentUrl\":\"https:\\\/\\\/vilniauspaminklai.lt\\\/wp-content\\\/uploads\\\/2025\\\/02\\\/cropped-favicon.png\",\"width\":512,\"height\":512,\"caption\":\"Vilniaus Paminklai\"},\"image\":{\"@id\":\"https:\\\/\\\/vilniauspaminklai.lt\\\/pl\\\/#\\\/schema\\\/logo\\\/image\\\/\"}}]}<\/script>\n<!-- \/ Yoast SEO plugin. -->","yoast_head_json":{"title":"\u0141awka granitowa do grob\u00f3w VPM nr 80 | Vilniauspaminklai.lt","description":"P\u0142yty nagrobne i pomniki w Wilnie. Przykrycie grob\u00f3w p\u0142ytami to trwa\u0142e i eleganckie rozwi\u0105zanie do zarz\u0105dzania grobami i utrzymania ich w dobrym stanie.","robots":{"index":"index","follow":"follow","max-snippet":"max-snippet:-1","max-image-preview":"max-image-preview:large","max-video-preview":"max-video-preview:-1"},"canonical":"https:\/\/vilniauspaminklai.lt\/pl\/produkt\/lawka-granitowa-do-grobow-vpm-nr-80\/","og_locale":"pl_PL","og_type":"article","og_title":"\u0141awka granitowa do grob\u00f3w VPM nr 80 | Vilniauspaminklai.lt","og_description":"P\u0142yty nagrobne i pomniki w Wilnie. Przykrycie grob\u00f3w p\u0142ytami to trwa\u0142e i eleganckie rozwi\u0105zanie do zarz\u0105dzania grobami i utrzymania ich w dobrym stanie.","og_url":"https:\/\/vilniauspaminklai.lt\/pl\/produkt\/lawka-granitowa-do-grobow-vpm-nr-80\/","og_site_name":"Vilniauspaminklai.lt","og_image":[{"width":1200,"height":800,"url":"https:\/\/vilniauspaminklai.lt\/wp-content\/uploads\/2024\/03\/80a.png","type":"image\/png"}],"twitter_card":"summary_large_image","schema":{"@context":"https:\/\/schema.org","@graph":[{"@type":"WebPage","@id":"https:\/\/vilniauspaminklai.lt\/pl\/produkt\/lawka-granitowa-do-grobow-vpm-nr-80\/","url":"https:\/\/vilniauspaminklai.lt\/pl\/produkt\/lawka-granitowa-do-grobow-vpm-nr-80\/","name":"\u0141awka granitowa do grob\u00f3w VPM nr 80 | Vilniauspaminklai.lt","isPartOf":{"@id":"https:\/\/vilniauspaminklai.lt\/pl\/#website"},"primaryImageOfPage":{"@id":"https:\/\/vilniauspaminklai.lt\/pl\/produkt\/lawka-granitowa-do-grobow-vpm-nr-80\/#primaryimage"},"image":{"@id":"https:\/\/vilniauspaminklai.lt\/pl\/produkt\/lawka-granitowa-do-grobow-vpm-nr-80\/#primaryimage"},"thumbnailUrl":"https:\/\/vilniauspaminklai.lt\/wp-content\/uploads\/2024\/03\/80a.png","datePublished":"2024-03-19T11:56:58+00:00","description":"P\u0142yty nagrobne i pomniki w Wilnie. Przykrycie grob\u00f3w p\u0142ytami to trwa\u0142e i eleganckie rozwi\u0105zanie do zarz\u0105dzania grobami i utrzymania ich w dobrym stanie.","breadcrumb":{"@id":"https:\/\/vilniauspaminklai.lt\/pl\/produkt\/lawka-granitowa-do-grobow-vpm-nr-80\/#breadcrumb"},"inLanguage":"pl-PL","potentialAction":[{"@type":"ReadAction","target":["https:\/\/vilniauspaminklai.lt\/pl\/produkt\/lawka-granitowa-do-grobow-vpm-nr-80\/"]}]},{"@type":"ImageObject","inLanguage":"pl-PL","@id":"https:\/\/vilniauspaminklai.lt\/pl\/produkt\/lawka-granitowa-do-grobow-vpm-nr-80\/#primaryimage","url":"https:\/\/vilniauspaminklai.lt\/wp-content\/uploads\/2024\/03\/80a.png","contentUrl":"https:\/\/vilniauspaminklai.lt\/wp-content\/uploads\/2024\/03\/80a.png","width":1200,"height":800},{"@type":"BreadcrumbList","@id":"https:\/\/vilniauspaminklai.lt\/pl\/produkt\/lawka-granitowa-do-grobow-vpm-nr-80\/#breadcrumb","itemListElement":[{"@type":"ListItem","position":1,"name":"Home","item":"https:\/\/vilniauspaminklai.lt\/pl\/"},{"@type":"ListItem","position":2,"name":"Produkty","item":"https:\/\/vilniauspaminklai.lt\/pl\/produkty\/"},{"@type":"ListItem","position":3,"name":"\u0141awka granitowa do grob\u00f3w VPM nr 80"}]},{"@type":"WebSite","@id":"https:\/\/vilniauspaminklai.lt\/pl\/#website","url":"https:\/\/vilniauspaminklai.lt\/pl\/","name":"Vilniauspaminklai.lt","description":"Vilniauspaminklai.lt","publisher":{"@id":"https:\/\/vilniauspaminklai.lt\/pl\/#organization"},"potentialAction":[{"@type":"SearchAction","target":{"@type":"EntryPoint","urlTemplate":"https:\/\/vilniauspaminklai.lt\/pl\/?s={search_term_string}"},"query-input":{"@type":"PropertyValueSpecification","valueRequired":true,"valueName":"search_term_string"}}],"inLanguage":"pl-PL"},{"@type":"Organization","@id":"https:\/\/vilniauspaminklai.lt\/pl\/#organization","name":"Vilniaus Paminklai","url":"https:\/\/vilniauspaminklai.lt\/pl\/","logo":{"@type":"ImageObject","inLanguage":"pl-PL","@id":"https:\/\/vilniauspaminklai.lt\/pl\/#\/schema\/logo\/image\/","url":"https:\/\/vilniauspaminklai.lt\/wp-content\/uploads\/2025\/02\/cropped-favicon.png","contentUrl":"https:\/\/vilniauspaminklai.lt\/wp-content\/uploads\/2025\/02\/cropped-favicon.png","width":512,"height":512,"caption":"Vilniaus Paminklai"},"image":{"@id":"https:\/\/vilniauspaminklai.lt\/pl\/#\/schema\/logo\/image\/"}}]}},"_links":{"self":[{"href":"https:\/\/vilniauspaminklai.lt\/pl\/wp-json\/wp\/v2\/product\/5739","targetHints":{"allow":["GET"]}}],"collection":[{"href":"https:\/\/vilniauspaminklai.lt\/pl\/wp-json\/wp\/v2\/product"}],"about":[{"href":"https:\/\/vilniauspaminklai.lt\/pl\/wp-json\/wp\/v2\/types\/product"}],"wp:featuredmedia":[{"embeddable":true,"href":"https:\/\/vilniauspaminklai.lt\/pl\/wp-json\/wp\/v2\/media\/2540"}],"wp:attachment":[{"href":"https:\/\/vilniauspaminklai.lt\/pl\/wp-json\/wp\/v2\/media?parent=5739"}],"wp:term":[{"taxonomy":"product_brand","embeddable":true,"href":"https:\/\/vilniauspaminklai.lt\/pl\/wp-json\/wp\/v2\/product_brand?post=5739"},{"taxonomy":"product_cat","embeddable":true,"href":"https:\/\/vilniauspaminklai.lt\/pl\/wp-json\/wp\/v2\/product_cat?post=5739"},{"taxonomy":"product_tag","embeddable":true,"href":"https:\/\/vilniauspaminklai.lt\/pl\/wp-json\/wp\/v2\/product_tag?post=5739"}],"curies":[{"name":"wp","href":"https:\/\/api.w.org\/{rel}","templated":true}]}}