{"id":6050,"date":"2022-04-24T19:53:17","date_gmt":"2022-04-24T17:53:17","guid":{"rendered":"https:\/\/vilniauspaminklai.lt\/produktas\/plyty-granitowe-vpu-nr-25-black-imperial-red\/"},"modified":"2022-04-24T19:53:17","modified_gmt":"2022-04-24T17:53:17","slug":"plyty-granitowe-vpu-nr-25-black-imperial-red","status":"publish","type":"product","link":"https:\/\/vilniauspaminklai.lt\/pl\/produkt\/plyty-granitowe-vpu-nr-25-black-imperial-red\/","title":{"rendered":"P\u0142yty granitowe &#8211; VPU Nr. 25 Black, Imperial Red"},"content":{"rendered":"","protected":false},"excerpt":{"rendered":"<p>Wysokiej jako\u015bci p\u0142yty granitowe na groby. Pokrycie grob\u00f3w p\u0142ytami zapewnia trwa\u0142o\u015b\u0107 i estetyk\u0119 oraz u\u0142atwia utrzymanie grobu w czysto\u015bci.   <\/p>\n","protected":false},"featured_media":1885,"template":"","meta":{"_acf_changed":false,"inline_featured_image":false},"product_brand":[],"product_cat":[129],"product_tag":[],"class_list":{"0":"post-6050","1":"product","2":"type-product","3":"status-publish","4":"has-post-thumbnail","6":"product_cat-plyty-granitowe","8":"first","9":"instock","10":"featured","11":"shipping-taxable","12":"purchasable","13":"product-type-simple"},"acf":[],"yoast_head":"<!-- This site is optimized with the Yoast SEO plugin v27.3 - https:\/\/yoast.com\/product\/yoast-seo-wordpress\/ -->\n<title>P\u0142yty granitowe - VPU Nr. 25 Black, Imperial Red<\/title>\n<meta name=\"description\" content=\"Granitowe pokrywy nagrobne - VPU Nr. 25 Black, Imperial Red. Szeroki wyb\u00f3r nagrobk\u00f3w, p\u0142yt nagrobnych i cz\u0119\u015bci. Zapraszamy!\" \/>\n<meta name=\"robots\" content=\"index, follow, max-snippet:-1, max-image-preview:large, max-video-preview:-1\" \/>\n<link rel=\"canonical\" href=\"https:\/\/vilniauspaminklai.lt\/pl\/produkt\/plyty-granitowe-vpu-nr-25-black-imperial-red\/\" \/>\n<meta property=\"og:locale\" content=\"pl_PL\" \/>\n<meta property=\"og:type\" content=\"article\" \/>\n<meta property=\"og:title\" content=\"P\u0142yty granitowe - VPU Nr. 25 Black, Imperial Red\" \/>\n<meta property=\"og:description\" content=\"Granitowe pokrywy nagrobne - VPU Nr. 25 Black, Imperial Red. Szeroki wyb\u00f3r nagrobk\u00f3w, p\u0142yt nagrobnych i cz\u0119\u015bci. Zapraszamy!\" \/>\n<meta property=\"og:url\" content=\"https:\/\/vilniauspaminklai.lt\/pl\/produkt\/plyty-granitowe-vpu-nr-25-black-imperial-red\/\" \/>\n<meta property=\"og:site_name\" content=\"Vilniauspaminklai.lt\" \/>\n<meta property=\"og:image\" content=\"https:\/\/vilniauspaminklai.lt\/wp-content\/uploads\/2022\/06\/vpu_25_black_imperial-red_black_280x250.png\" \/>\n\t<meta property=\"og:image:width\" content=\"1600\" \/>\n\t<meta property=\"og:image:height\" content=\"1067\" \/>\n\t<meta property=\"og:image:type\" content=\"image\/png\" \/>\n<meta name=\"twitter:card\" content=\"summary_large_image\" \/>\n<script type=\"application\/ld+json\" class=\"yoast-schema-graph\">{\"@context\":\"https:\\\/\\\/schema.org\",\"@graph\":[{\"@type\":\"WebPage\",\"@id\":\"https:\\\/\\\/vilniauspaminklai.lt\\\/pl\\\/produkt\\\/plyty-granitowe-vpu-nr-25-black-imperial-red\\\/\",\"url\":\"https:\\\/\\\/vilniauspaminklai.lt\\\/pl\\\/produkt\\\/plyty-granitowe-vpu-nr-25-black-imperial-red\\\/\",\"name\":\"P\u0142yty granitowe - VPU Nr. 25 Black, Imperial Red\",\"isPartOf\":{\"@id\":\"https:\\\/\\\/vilniauspaminklai.lt\\\/pl\\\/#website\"},\"primaryImageOfPage\":{\"@id\":\"https:\\\/\\\/vilniauspaminklai.lt\\\/pl\\\/produkt\\\/plyty-granitowe-vpu-nr-25-black-imperial-red\\\/#primaryimage\"},\"image\":{\"@id\":\"https:\\\/\\\/vilniauspaminklai.lt\\\/pl\\\/produkt\\\/plyty-granitowe-vpu-nr-25-black-imperial-red\\\/#primaryimage\"},\"thumbnailUrl\":\"https:\\\/\\\/vilniauspaminklai.lt\\\/wp-content\\\/uploads\\\/2022\\\/06\\\/vpu_25_black_imperial-red_black_280x250.png\",\"datePublished\":\"2022-04-24T17:53:17+00:00\",\"description\":\"Granitowe pokrywy nagrobne - VPU Nr. 25 Black, Imperial Red. Szeroki wyb\u00f3r nagrobk\u00f3w, p\u0142yt nagrobnych i cz\u0119\u015bci. Zapraszamy!\",\"breadcrumb\":{\"@id\":\"https:\\\/\\\/vilniauspaminklai.lt\\\/pl\\\/produkt\\\/plyty-granitowe-vpu-nr-25-black-imperial-red\\\/#breadcrumb\"},\"inLanguage\":\"pl-PL\",\"potentialAction\":[{\"@type\":\"ReadAction\",\"target\":[\"https:\\\/\\\/vilniauspaminklai.lt\\\/pl\\\/produkt\\\/plyty-granitowe-vpu-nr-25-black-imperial-red\\\/\"]}]},{\"@type\":\"ImageObject\",\"inLanguage\":\"pl-PL\",\"@id\":\"https:\\\/\\\/vilniauspaminklai.lt\\\/pl\\\/produkt\\\/plyty-granitowe-vpu-nr-25-black-imperial-red\\\/#primaryimage\",\"url\":\"https:\\\/\\\/vilniauspaminklai.lt\\\/wp-content\\\/uploads\\\/2022\\\/06\\\/vpu_25_black_imperial-red_black_280x250.png\",\"contentUrl\":\"https:\\\/\\\/vilniauspaminklai.lt\\\/wp-content\\\/uploads\\\/2022\\\/06\\\/vpu_25_black_imperial-red_black_280x250.png\",\"width\":1600,\"height\":1067,\"caption\":\"kapu plokstes\"},{\"@type\":\"BreadcrumbList\",\"@id\":\"https:\\\/\\\/vilniauspaminklai.lt\\\/pl\\\/produkt\\\/plyty-granitowe-vpu-nr-25-black-imperial-red\\\/#breadcrumb\",\"itemListElement\":[{\"@type\":\"ListItem\",\"position\":1,\"name\":\"Home\",\"item\":\"https:\\\/\\\/vilniauspaminklai.lt\\\/pl\\\/\"},{\"@type\":\"ListItem\",\"position\":2,\"name\":\"Produkty\",\"item\":\"https:\\\/\\\/vilniauspaminklai.lt\\\/pl\\\/produkty\\\/\"},{\"@type\":\"ListItem\",\"position\":3,\"name\":\"P\u0142yty granitowe &#8211; VPU Nr. 25 Black, Imperial Red\"}]},{\"@type\":\"WebSite\",\"@id\":\"https:\\\/\\\/vilniauspaminklai.lt\\\/pl\\\/#website\",\"url\":\"https:\\\/\\\/vilniauspaminklai.lt\\\/pl\\\/\",\"name\":\"Vilniauspaminklai.lt\",\"description\":\"Vilniauspaminklai.lt\",\"publisher\":{\"@id\":\"https:\\\/\\\/vilniauspaminklai.lt\\\/pl\\\/#organization\"},\"potentialAction\":[{\"@type\":\"SearchAction\",\"target\":{\"@type\":\"EntryPoint\",\"urlTemplate\":\"https:\\\/\\\/vilniauspaminklai.lt\\\/pl\\\/?s={search_term_string}\"},\"query-input\":{\"@type\":\"PropertyValueSpecification\",\"valueRequired\":true,\"valueName\":\"search_term_string\"}}],\"inLanguage\":\"pl-PL\"},{\"@type\":\"Organization\",\"@id\":\"https:\\\/\\\/vilniauspaminklai.lt\\\/pl\\\/#organization\",\"name\":\"Vilniaus Paminklai\",\"url\":\"https:\\\/\\\/vilniauspaminklai.lt\\\/pl\\\/\",\"logo\":{\"@type\":\"ImageObject\",\"inLanguage\":\"pl-PL\",\"@id\":\"https:\\\/\\\/vilniauspaminklai.lt\\\/pl\\\/#\\\/schema\\\/logo\\\/image\\\/\",\"url\":\"https:\\\/\\\/vilniauspaminklai.lt\\\/wp-content\\\/uploads\\\/2025\\\/02\\\/cropped-favicon.png\",\"contentUrl\":\"https:\\\/\\\/vilniauspaminklai.lt\\\/wp-content\\\/uploads\\\/2025\\\/02\\\/cropped-favicon.png\",\"width\":512,\"height\":512,\"caption\":\"Vilniaus Paminklai\"},\"image\":{\"@id\":\"https:\\\/\\\/vilniauspaminklai.lt\\\/pl\\\/#\\\/schema\\\/logo\\\/image\\\/\"}}]}<\/script>\n<!-- \/ Yoast SEO plugin. -->","yoast_head_json":{"title":"P\u0142yty granitowe - VPU Nr. 25 Black, Imperial Red","description":"Granitowe pokrywy nagrobne - VPU Nr. 25 Black, Imperial Red. Szeroki wyb\u00f3r nagrobk\u00f3w, p\u0142yt nagrobnych i cz\u0119\u015bci. Zapraszamy!","robots":{"index":"index","follow":"follow","max-snippet":"max-snippet:-1","max-image-preview":"max-image-preview:large","max-video-preview":"max-video-preview:-1"},"canonical":"https:\/\/vilniauspaminklai.lt\/pl\/produkt\/plyty-granitowe-vpu-nr-25-black-imperial-red\/","og_locale":"pl_PL","og_type":"article","og_title":"P\u0142yty granitowe - VPU Nr. 25 Black, Imperial Red","og_description":"Granitowe pokrywy nagrobne - VPU Nr. 25 Black, Imperial Red. Szeroki wyb\u00f3r nagrobk\u00f3w, p\u0142yt nagrobnych i cz\u0119\u015bci. Zapraszamy!","og_url":"https:\/\/vilniauspaminklai.lt\/pl\/produkt\/plyty-granitowe-vpu-nr-25-black-imperial-red\/","og_site_name":"Vilniauspaminklai.lt","og_image":[{"width":1600,"height":1067,"url":"https:\/\/vilniauspaminklai.lt\/wp-content\/uploads\/2022\/06\/vpu_25_black_imperial-red_black_280x250.png","type":"image\/png"}],"twitter_card":"summary_large_image","schema":{"@context":"https:\/\/schema.org","@graph":[{"@type":"WebPage","@id":"https:\/\/vilniauspaminklai.lt\/pl\/produkt\/plyty-granitowe-vpu-nr-25-black-imperial-red\/","url":"https:\/\/vilniauspaminklai.lt\/pl\/produkt\/plyty-granitowe-vpu-nr-25-black-imperial-red\/","name":"P\u0142yty granitowe - VPU Nr. 25 Black, Imperial Red","isPartOf":{"@id":"https:\/\/vilniauspaminklai.lt\/pl\/#website"},"primaryImageOfPage":{"@id":"https:\/\/vilniauspaminklai.lt\/pl\/produkt\/plyty-granitowe-vpu-nr-25-black-imperial-red\/#primaryimage"},"image":{"@id":"https:\/\/vilniauspaminklai.lt\/pl\/produkt\/plyty-granitowe-vpu-nr-25-black-imperial-red\/#primaryimage"},"thumbnailUrl":"https:\/\/vilniauspaminklai.lt\/wp-content\/uploads\/2022\/06\/vpu_25_black_imperial-red_black_280x250.png","datePublished":"2022-04-24T17:53:17+00:00","description":"Granitowe pokrywy nagrobne - VPU Nr. 25 Black, Imperial Red. Szeroki wyb\u00f3r nagrobk\u00f3w, p\u0142yt nagrobnych i cz\u0119\u015bci. Zapraszamy!","breadcrumb":{"@id":"https:\/\/vilniauspaminklai.lt\/pl\/produkt\/plyty-granitowe-vpu-nr-25-black-imperial-red\/#breadcrumb"},"inLanguage":"pl-PL","potentialAction":[{"@type":"ReadAction","target":["https:\/\/vilniauspaminklai.lt\/pl\/produkt\/plyty-granitowe-vpu-nr-25-black-imperial-red\/"]}]},{"@type":"ImageObject","inLanguage":"pl-PL","@id":"https:\/\/vilniauspaminklai.lt\/pl\/produkt\/plyty-granitowe-vpu-nr-25-black-imperial-red\/#primaryimage","url":"https:\/\/vilniauspaminklai.lt\/wp-content\/uploads\/2022\/06\/vpu_25_black_imperial-red_black_280x250.png","contentUrl":"https:\/\/vilniauspaminklai.lt\/wp-content\/uploads\/2022\/06\/vpu_25_black_imperial-red_black_280x250.png","width":1600,"height":1067,"caption":"kapu plokstes"},{"@type":"BreadcrumbList","@id":"https:\/\/vilniauspaminklai.lt\/pl\/produkt\/plyty-granitowe-vpu-nr-25-black-imperial-red\/#breadcrumb","itemListElement":[{"@type":"ListItem","position":1,"name":"Home","item":"https:\/\/vilniauspaminklai.lt\/pl\/"},{"@type":"ListItem","position":2,"name":"Produkty","item":"https:\/\/vilniauspaminklai.lt\/pl\/produkty\/"},{"@type":"ListItem","position":3,"name":"P\u0142yty granitowe &#8211; VPU Nr. 25 Black, Imperial Red"}]},{"@type":"WebSite","@id":"https:\/\/vilniauspaminklai.lt\/pl\/#website","url":"https:\/\/vilniauspaminklai.lt\/pl\/","name":"Vilniauspaminklai.lt","description":"Vilniauspaminklai.lt","publisher":{"@id":"https:\/\/vilniauspaminklai.lt\/pl\/#organization"},"potentialAction":[{"@type":"SearchAction","target":{"@type":"EntryPoint","urlTemplate":"https:\/\/vilniauspaminklai.lt\/pl\/?s={search_term_string}"},"query-input":{"@type":"PropertyValueSpecification","valueRequired":true,"valueName":"search_term_string"}}],"inLanguage":"pl-PL"},{"@type":"Organization","@id":"https:\/\/vilniauspaminklai.lt\/pl\/#organization","name":"Vilniaus Paminklai","url":"https:\/\/vilniauspaminklai.lt\/pl\/","logo":{"@type":"ImageObject","inLanguage":"pl-PL","@id":"https:\/\/vilniauspaminklai.lt\/pl\/#\/schema\/logo\/image\/","url":"https:\/\/vilniauspaminklai.lt\/wp-content\/uploads\/2025\/02\/cropped-favicon.png","contentUrl":"https:\/\/vilniauspaminklai.lt\/wp-content\/uploads\/2025\/02\/cropped-favicon.png","width":512,"height":512,"caption":"Vilniaus Paminklai"},"image":{"@id":"https:\/\/vilniauspaminklai.lt\/pl\/#\/schema\/logo\/image\/"}}]}},"_links":{"self":[{"href":"https:\/\/vilniauspaminklai.lt\/pl\/wp-json\/wp\/v2\/product\/6050","targetHints":{"allow":["GET"]}}],"collection":[{"href":"https:\/\/vilniauspaminklai.lt\/pl\/wp-json\/wp\/v2\/product"}],"about":[{"href":"https:\/\/vilniauspaminklai.lt\/pl\/wp-json\/wp\/v2\/types\/product"}],"wp:featuredmedia":[{"embeddable":true,"href":"https:\/\/vilniauspaminklai.lt\/pl\/wp-json\/wp\/v2\/media\/1885"}],"wp:attachment":[{"href":"https:\/\/vilniauspaminklai.lt\/pl\/wp-json\/wp\/v2\/media?parent=6050"}],"wp:term":[{"taxonomy":"product_brand","embeddable":true,"href":"https:\/\/vilniauspaminklai.lt\/pl\/wp-json\/wp\/v2\/product_brand?post=6050"},{"taxonomy":"product_cat","embeddable":true,"href":"https:\/\/vilniauspaminklai.lt\/pl\/wp-json\/wp\/v2\/product_cat?post=6050"},{"taxonomy":"product_tag","embeddable":true,"href":"https:\/\/vilniauspaminklai.lt\/pl\/wp-json\/wp\/v2\/product_tag?post=6050"}],"curies":[{"name":"wp","href":"https:\/\/api.w.org\/{rel}","templated":true}]}}