{"id":6139,"date":"2022-05-05T20:37:09","date_gmt":"2022-05-05T18:37:09","guid":{"rendered":"https:\/\/vilniauspaminklai.lt\/produktas\/zestaw-plyt-granitowych-vpk-nr-6-jasny-granit\/"},"modified":"2022-05-05T20:37:09","modified_gmt":"2022-05-05T18:37:09","slug":"zestaw-plyt-granitowych-vpk-nr-6-jasny-granit","status":"publish","type":"product","link":"https:\/\/vilniauspaminklai.lt\/pl\/produkt\/zestaw-plyt-granitowych-vpk-nr-6-jasny-granit\/","title":{"rendered":"Zestaw p\u0142yt granitowych VPK nr 6 Jasny granit"},"content":{"rendered":"","protected":false},"excerpt":{"rendered":"<p>P\u0142yty nagrobne i pomniki w Wilnie. Nagrobek granitowy &#8211; trwa\u0142e i eleganckie rozwi\u0105zanie do zarz\u0105dzania grobami i utrzymania grob\u00f3w. <\/p>\n","protected":false},"featured_media":1538,"template":"","meta":{"_acf_changed":false,"inline_featured_image":false},"product_brand":[],"product_cat":[135],"product_tag":[],"class_list":{"0":"post-6139","1":"product","2":"type-product","3":"status-publish","4":"has-post-thumbnail","6":"product_cat-zestawy","8":"first","9":"instock","10":"featured","11":"shipping-taxable","12":"purchasable","13":"product-type-simple"},"acf":[],"yoast_head":"<!-- This site is optimized with the Yoast SEO plugin v27.3 - https:\/\/yoast.com\/product\/yoast-seo-wordpress\/ -->\n<title>Zestaw p\u0142yt granitowych VPK nr 6 Jasny granit | Vilniauspaminklai.lt<\/title>\n<meta name=\"description\" content=\"Zestaw VPK Nr. 6 Jasny granit. Szeroki wyb\u00f3r pomnik\u00f3w, p\u0142yt nagrobnych i cz\u0119\u015bci. Najwy\u017csza jako\u015b\u0107 w najlepszej cenie!\" \/>\n<meta name=\"robots\" content=\"index, follow, max-snippet:-1, max-image-preview:large, max-video-preview:-1\" \/>\n<link rel=\"canonical\" href=\"https:\/\/vilniauspaminklai.lt\/pl\/produkt\/zestaw-plyt-granitowych-vpk-nr-6-jasny-granit\/\" \/>\n<meta property=\"og:locale\" content=\"pl_PL\" \/>\n<meta property=\"og:type\" content=\"article\" \/>\n<meta property=\"og:title\" content=\"Zestaw p\u0142yt granitowych VPK nr 6 Jasny granit | Vilniauspaminklai.lt\" \/>\n<meta property=\"og:description\" content=\"Zestaw VPK Nr. 6 Jasny granit. Szeroki wyb\u00f3r pomnik\u00f3w, p\u0142yt nagrobnych i cz\u0119\u015bci. Najwy\u017csza jako\u015b\u0107 w najlepszej cenie!\" \/>\n<meta property=\"og:url\" content=\"https:\/\/vilniauspaminklai.lt\/pl\/produkt\/zestaw-plyt-granitowych-vpk-nr-6-jasny-granit\/\" \/>\n<meta property=\"og:site_name\" content=\"Vilniauspaminklai.lt\" \/>\n<meta property=\"og:image\" content=\"https:\/\/vilniauspaminklai.lt\/wp-content\/uploads\/2022\/04\/2_3.png\" \/>\n\t<meta property=\"og:image:width\" content=\"1200\" \/>\n\t<meta property=\"og:image:height\" content=\"800\" \/>\n\t<meta property=\"og:image:type\" content=\"image\/png\" \/>\n<meta name=\"twitter:card\" content=\"summary_large_image\" \/>\n<script type=\"application\/ld+json\" class=\"yoast-schema-graph\">{\"@context\":\"https:\\\/\\\/schema.org\",\"@graph\":[{\"@type\":\"WebPage\",\"@id\":\"https:\\\/\\\/vilniauspaminklai.lt\\\/pl\\\/produkt\\\/zestaw-plyt-granitowych-vpk-nr-6-jasny-granit\\\/\",\"url\":\"https:\\\/\\\/vilniauspaminklai.lt\\\/pl\\\/produkt\\\/zestaw-plyt-granitowych-vpk-nr-6-jasny-granit\\\/\",\"name\":\"Zestaw p\u0142yt granitowych VPK nr 6 Jasny granit | Vilniauspaminklai.lt\",\"isPartOf\":{\"@id\":\"https:\\\/\\\/vilniauspaminklai.lt\\\/pl\\\/#website\"},\"primaryImageOfPage\":{\"@id\":\"https:\\\/\\\/vilniauspaminklai.lt\\\/pl\\\/produkt\\\/zestaw-plyt-granitowych-vpk-nr-6-jasny-granit\\\/#primaryimage\"},\"image\":{\"@id\":\"https:\\\/\\\/vilniauspaminklai.lt\\\/pl\\\/produkt\\\/zestaw-plyt-granitowych-vpk-nr-6-jasny-granit\\\/#primaryimage\"},\"thumbnailUrl\":\"https:\\\/\\\/vilniauspaminklai.lt\\\/wp-content\\\/uploads\\\/2022\\\/04\\\/2_3.png\",\"datePublished\":\"2022-05-05T18:37:09+00:00\",\"description\":\"Zestaw VPK Nr. 6 Jasny granit. Szeroki wyb\u00f3r pomnik\u00f3w, p\u0142yt nagrobnych i cz\u0119\u015bci. Najwy\u017csza jako\u015b\u0107 w najlepszej cenie!\",\"breadcrumb\":{\"@id\":\"https:\\\/\\\/vilniauspaminklai.lt\\\/pl\\\/produkt\\\/zestaw-plyt-granitowych-vpk-nr-6-jasny-granit\\\/#breadcrumb\"},\"inLanguage\":\"pl-PL\",\"potentialAction\":[{\"@type\":\"ReadAction\",\"target\":[\"https:\\\/\\\/vilniauspaminklai.lt\\\/pl\\\/produkt\\\/zestaw-plyt-granitowych-vpk-nr-6-jasny-granit\\\/\"]}]},{\"@type\":\"ImageObject\",\"inLanguage\":\"pl-PL\",\"@id\":\"https:\\\/\\\/vilniauspaminklai.lt\\\/pl\\\/produkt\\\/zestaw-plyt-granitowych-vpk-nr-6-jasny-granit\\\/#primaryimage\",\"url\":\"https:\\\/\\\/vilniauspaminklai.lt\\\/wp-content\\\/uploads\\\/2022\\\/04\\\/2_3.png\",\"contentUrl\":\"https:\\\/\\\/vilniauspaminklai.lt\\\/wp-content\\\/uploads\\\/2022\\\/04\\\/2_3.png\",\"width\":1200,\"height\":800,\"caption\":\"kapu plokstes\"},{\"@type\":\"BreadcrumbList\",\"@id\":\"https:\\\/\\\/vilniauspaminklai.lt\\\/pl\\\/produkt\\\/zestaw-plyt-granitowych-vpk-nr-6-jasny-granit\\\/#breadcrumb\",\"itemListElement\":[{\"@type\":\"ListItem\",\"position\":1,\"name\":\"Home\",\"item\":\"https:\\\/\\\/vilniauspaminklai.lt\\\/pl\\\/\"},{\"@type\":\"ListItem\",\"position\":2,\"name\":\"Produkty\",\"item\":\"https:\\\/\\\/vilniauspaminklai.lt\\\/pl\\\/produkty\\\/\"},{\"@type\":\"ListItem\",\"position\":3,\"name\":\"Zestaw p\u0142yt granitowych VPK nr 6 Jasny granit\"}]},{\"@type\":\"WebSite\",\"@id\":\"https:\\\/\\\/vilniauspaminklai.lt\\\/pl\\\/#website\",\"url\":\"https:\\\/\\\/vilniauspaminklai.lt\\\/pl\\\/\",\"name\":\"Vilniauspaminklai.lt\",\"description\":\"Vilniauspaminklai.lt\",\"publisher\":{\"@id\":\"https:\\\/\\\/vilniauspaminklai.lt\\\/pl\\\/#organization\"},\"potentialAction\":[{\"@type\":\"SearchAction\",\"target\":{\"@type\":\"EntryPoint\",\"urlTemplate\":\"https:\\\/\\\/vilniauspaminklai.lt\\\/pl\\\/?s={search_term_string}\"},\"query-input\":{\"@type\":\"PropertyValueSpecification\",\"valueRequired\":true,\"valueName\":\"search_term_string\"}}],\"inLanguage\":\"pl-PL\"},{\"@type\":\"Organization\",\"@id\":\"https:\\\/\\\/vilniauspaminklai.lt\\\/pl\\\/#organization\",\"name\":\"Vilniaus Paminklai\",\"url\":\"https:\\\/\\\/vilniauspaminklai.lt\\\/pl\\\/\",\"logo\":{\"@type\":\"ImageObject\",\"inLanguage\":\"pl-PL\",\"@id\":\"https:\\\/\\\/vilniauspaminklai.lt\\\/pl\\\/#\\\/schema\\\/logo\\\/image\\\/\",\"url\":\"https:\\\/\\\/vilniauspaminklai.lt\\\/wp-content\\\/uploads\\\/2025\\\/02\\\/cropped-favicon.png\",\"contentUrl\":\"https:\\\/\\\/vilniauspaminklai.lt\\\/wp-content\\\/uploads\\\/2025\\\/02\\\/cropped-favicon.png\",\"width\":512,\"height\":512,\"caption\":\"Vilniaus Paminklai\"},\"image\":{\"@id\":\"https:\\\/\\\/vilniauspaminklai.lt\\\/pl\\\/#\\\/schema\\\/logo\\\/image\\\/\"}}]}<\/script>\n<!-- \/ Yoast SEO plugin. -->","yoast_head_json":{"title":"Zestaw p\u0142yt granitowych VPK nr 6 Jasny granit | Vilniauspaminklai.lt","description":"Zestaw VPK Nr. 6 Jasny granit. Szeroki wyb\u00f3r pomnik\u00f3w, p\u0142yt nagrobnych i cz\u0119\u015bci. Najwy\u017csza jako\u015b\u0107 w najlepszej cenie!","robots":{"index":"index","follow":"follow","max-snippet":"max-snippet:-1","max-image-preview":"max-image-preview:large","max-video-preview":"max-video-preview:-1"},"canonical":"https:\/\/vilniauspaminklai.lt\/pl\/produkt\/zestaw-plyt-granitowych-vpk-nr-6-jasny-granit\/","og_locale":"pl_PL","og_type":"article","og_title":"Zestaw p\u0142yt granitowych VPK nr 6 Jasny granit | Vilniauspaminklai.lt","og_description":"Zestaw VPK Nr. 6 Jasny granit. Szeroki wyb\u00f3r pomnik\u00f3w, p\u0142yt nagrobnych i cz\u0119\u015bci. Najwy\u017csza jako\u015b\u0107 w najlepszej cenie!","og_url":"https:\/\/vilniauspaminklai.lt\/pl\/produkt\/zestaw-plyt-granitowych-vpk-nr-6-jasny-granit\/","og_site_name":"Vilniauspaminklai.lt","og_image":[{"width":1200,"height":800,"url":"https:\/\/vilniauspaminklai.lt\/wp-content\/uploads\/2022\/04\/2_3.png","type":"image\/png"}],"twitter_card":"summary_large_image","schema":{"@context":"https:\/\/schema.org","@graph":[{"@type":"WebPage","@id":"https:\/\/vilniauspaminklai.lt\/pl\/produkt\/zestaw-plyt-granitowych-vpk-nr-6-jasny-granit\/","url":"https:\/\/vilniauspaminklai.lt\/pl\/produkt\/zestaw-plyt-granitowych-vpk-nr-6-jasny-granit\/","name":"Zestaw p\u0142yt granitowych VPK nr 6 Jasny granit | Vilniauspaminklai.lt","isPartOf":{"@id":"https:\/\/vilniauspaminklai.lt\/pl\/#website"},"primaryImageOfPage":{"@id":"https:\/\/vilniauspaminklai.lt\/pl\/produkt\/zestaw-plyt-granitowych-vpk-nr-6-jasny-granit\/#primaryimage"},"image":{"@id":"https:\/\/vilniauspaminklai.lt\/pl\/produkt\/zestaw-plyt-granitowych-vpk-nr-6-jasny-granit\/#primaryimage"},"thumbnailUrl":"https:\/\/vilniauspaminklai.lt\/wp-content\/uploads\/2022\/04\/2_3.png","datePublished":"2022-05-05T18:37:09+00:00","description":"Zestaw VPK Nr. 6 Jasny granit. Szeroki wyb\u00f3r pomnik\u00f3w, p\u0142yt nagrobnych i cz\u0119\u015bci. Najwy\u017csza jako\u015b\u0107 w najlepszej cenie!","breadcrumb":{"@id":"https:\/\/vilniauspaminklai.lt\/pl\/produkt\/zestaw-plyt-granitowych-vpk-nr-6-jasny-granit\/#breadcrumb"},"inLanguage":"pl-PL","potentialAction":[{"@type":"ReadAction","target":["https:\/\/vilniauspaminklai.lt\/pl\/produkt\/zestaw-plyt-granitowych-vpk-nr-6-jasny-granit\/"]}]},{"@type":"ImageObject","inLanguage":"pl-PL","@id":"https:\/\/vilniauspaminklai.lt\/pl\/produkt\/zestaw-plyt-granitowych-vpk-nr-6-jasny-granit\/#primaryimage","url":"https:\/\/vilniauspaminklai.lt\/wp-content\/uploads\/2022\/04\/2_3.png","contentUrl":"https:\/\/vilniauspaminklai.lt\/wp-content\/uploads\/2022\/04\/2_3.png","width":1200,"height":800,"caption":"kapu plokstes"},{"@type":"BreadcrumbList","@id":"https:\/\/vilniauspaminklai.lt\/pl\/produkt\/zestaw-plyt-granitowych-vpk-nr-6-jasny-granit\/#breadcrumb","itemListElement":[{"@type":"ListItem","position":1,"name":"Home","item":"https:\/\/vilniauspaminklai.lt\/pl\/"},{"@type":"ListItem","position":2,"name":"Produkty","item":"https:\/\/vilniauspaminklai.lt\/pl\/produkty\/"},{"@type":"ListItem","position":3,"name":"Zestaw p\u0142yt granitowych VPK nr 6 Jasny granit"}]},{"@type":"WebSite","@id":"https:\/\/vilniauspaminklai.lt\/pl\/#website","url":"https:\/\/vilniauspaminklai.lt\/pl\/","name":"Vilniauspaminklai.lt","description":"Vilniauspaminklai.lt","publisher":{"@id":"https:\/\/vilniauspaminklai.lt\/pl\/#organization"},"potentialAction":[{"@type":"SearchAction","target":{"@type":"EntryPoint","urlTemplate":"https:\/\/vilniauspaminklai.lt\/pl\/?s={search_term_string}"},"query-input":{"@type":"PropertyValueSpecification","valueRequired":true,"valueName":"search_term_string"}}],"inLanguage":"pl-PL"},{"@type":"Organization","@id":"https:\/\/vilniauspaminklai.lt\/pl\/#organization","name":"Vilniaus Paminklai","url":"https:\/\/vilniauspaminklai.lt\/pl\/","logo":{"@type":"ImageObject","inLanguage":"pl-PL","@id":"https:\/\/vilniauspaminklai.lt\/pl\/#\/schema\/logo\/image\/","url":"https:\/\/vilniauspaminklai.lt\/wp-content\/uploads\/2025\/02\/cropped-favicon.png","contentUrl":"https:\/\/vilniauspaminklai.lt\/wp-content\/uploads\/2025\/02\/cropped-favicon.png","width":512,"height":512,"caption":"Vilniaus Paminklai"},"image":{"@id":"https:\/\/vilniauspaminklai.lt\/pl\/#\/schema\/logo\/image\/"}}]}},"_links":{"self":[{"href":"https:\/\/vilniauspaminklai.lt\/pl\/wp-json\/wp\/v2\/product\/6139","targetHints":{"allow":["GET"]}}],"collection":[{"href":"https:\/\/vilniauspaminklai.lt\/pl\/wp-json\/wp\/v2\/product"}],"about":[{"href":"https:\/\/vilniauspaminklai.lt\/pl\/wp-json\/wp\/v2\/types\/product"}],"wp:featuredmedia":[{"embeddable":true,"href":"https:\/\/vilniauspaminklai.lt\/pl\/wp-json\/wp\/v2\/media\/1538"}],"wp:attachment":[{"href":"https:\/\/vilniauspaminklai.lt\/pl\/wp-json\/wp\/v2\/media?parent=6139"}],"wp:term":[{"taxonomy":"product_brand","embeddable":true,"href":"https:\/\/vilniauspaminklai.lt\/pl\/wp-json\/wp\/v2\/product_brand?post=6139"},{"taxonomy":"product_cat","embeddable":true,"href":"https:\/\/vilniauspaminklai.lt\/pl\/wp-json\/wp\/v2\/product_cat?post=6139"},{"taxonomy":"product_tag","embeddable":true,"href":"https:\/\/vilniauspaminklai.lt\/pl\/wp-json\/wp\/v2\/product_tag?post=6139"}],"curies":[{"name":"wp","href":"https:\/\/api.w.org\/{rel}","templated":true}]}}