{"id":6419,"date":"2022-04-18T17:43:10","date_gmt":"2022-04-18T15:43:10","guid":{"rendered":"https:\/\/vilniauspaminklai.lt\/produktas\/pomnik-dla-grobow-vpm-nr-14\/"},"modified":"2026-02-10T12:06:12","modified_gmt":"2026-02-10T10:06:12","slug":"pomnik-dla-grobow-vpm-nr-14","status":"publish","type":"product","link":"https:\/\/vilniauspaminklai.lt\/pl\/produkt\/pomnik-dla-grobow-vpm-nr-14\/","title":{"rendered":"Pomnik VPM Nr. 14"},"content":{"rendered":"<p>Ka\u017cdy projekt pomnika i grobu mo\u017cemy dostosowa\u0107 do Twoich potrzeb, tworz\u0105c spersonalizowan\u0105 propozycj\u0119. Projektujemy i tworzymy wizualizacje grob\u00f3w, dzi\u0119ki czemu mo\u017cesz zobaczy\u0107 projekt grobu jeszcze przed realizacj\u0105 swojego pomys\u0142u.<\/p>\n","protected":false},"excerpt":{"rendered":"<p>P\u0142yty nagrobne i pomniki w Wilnie. Pomnik granitowy &#8211; trwa\u0142e rozwi\u0105zanie do zarz\u0105dzania grobami i p\u0142ytami nagrobnymi.<\/p>\n","protected":false},"featured_media":6422,"template":"","meta":{"_acf_changed":false,"inline_featured_image":false},"product_brand":[],"product_cat":[119],"product_tag":[],"class_list":{"0":"post-6419","1":"product","2":"type-product","3":"status-publish","4":"has-post-thumbnail","6":"product_cat-pomniki-nagrobki","8":"first","9":"instock","10":"featured","11":"shipping-taxable","12":"purchasable","13":"product-type-simple"},"acf":[],"yoast_head":"<!-- This site is optimized with the Yoast SEO plugin v27.3 - https:\/\/yoast.com\/product\/yoast-seo-wordpress\/ -->\n<title>Pomnik VPM Nr. 14 | Vilniauspaminklai.lt<\/title>\n<meta name=\"description\" content=\"Pomnik VPM Nr. 14 Szeroki wyb\u00f3r pomnik\u00f3w, p\u0142yt nagrobnych i cz\u0119\u015bci. Produkty najwy\u017cszej jako\u015bci w najlepszej cenie. Zapraszamy!\" \/>\n<meta name=\"robots\" content=\"index, follow, max-snippet:-1, max-image-preview:large, max-video-preview:-1\" \/>\n<link rel=\"canonical\" href=\"https:\/\/vilniauspaminklai.lt\/pl\/produkt\/pomnik-dla-grobow-vpm-nr-14\/\" \/>\n<meta property=\"og:locale\" content=\"pl_PL\" \/>\n<meta property=\"og:type\" content=\"article\" \/>\n<meta property=\"og:title\" content=\"Pomnik VPM Nr. 14 | Vilniauspaminklai.lt\" \/>\n<meta property=\"og:description\" content=\"Pomnik VPM Nr. 14 Szeroki wyb\u00f3r pomnik\u00f3w, p\u0142yt nagrobnych i cz\u0119\u015bci. Produkty najwy\u017cszej jako\u015bci w najlepszej cenie. Zapraszamy!\" \/>\n<meta property=\"og:url\" content=\"https:\/\/vilniauspaminklai.lt\/pl\/produkt\/pomnik-dla-grobow-vpm-nr-14\/\" \/>\n<meta property=\"og:site_name\" content=\"Vilniauspaminklai.lt\" \/>\n<meta property=\"article:modified_time\" content=\"2026-02-10T10:06:12+00:00\" \/>\n<meta property=\"og:image\" content=\"https:\/\/vilniauspaminklai.lt\/wp-content\/uploads\/2022\/04\/14b.png\" \/>\n\t<meta property=\"og:image:width\" content=\"1200\" \/>\n\t<meta property=\"og:image:height\" content=\"800\" \/>\n\t<meta property=\"og:image:type\" content=\"image\/png\" \/>\n<meta name=\"twitter:card\" content=\"summary_large_image\" \/>\n<meta name=\"twitter:label1\" content=\"Szacowany czas czytania\" \/>\n\t<meta name=\"twitter:data1\" content=\"1 minuta\" \/>\n<script type=\"application\/ld+json\" class=\"yoast-schema-graph\">{\"@context\":\"https:\\\/\\\/schema.org\",\"@graph\":[{\"@type\":\"WebPage\",\"@id\":\"https:\\\/\\\/vilniauspaminklai.lt\\\/pl\\\/produkt\\\/pomnik-dla-grobow-vpm-nr-14\\\/\",\"url\":\"https:\\\/\\\/vilniauspaminklai.lt\\\/pl\\\/produkt\\\/pomnik-dla-grobow-vpm-nr-14\\\/\",\"name\":\"Pomnik VPM Nr. 14 | Vilniauspaminklai.lt\",\"isPartOf\":{\"@id\":\"https:\\\/\\\/vilniauspaminklai.lt\\\/pl\\\/#website\"},\"primaryImageOfPage\":{\"@id\":\"https:\\\/\\\/vilniauspaminklai.lt\\\/pl\\\/produkt\\\/pomnik-dla-grobow-vpm-nr-14\\\/#primaryimage\"},\"image\":{\"@id\":\"https:\\\/\\\/vilniauspaminklai.lt\\\/pl\\\/produkt\\\/pomnik-dla-grobow-vpm-nr-14\\\/#primaryimage\"},\"thumbnailUrl\":\"https:\\\/\\\/vilniauspaminklai.lt\\\/wp-content\\\/uploads\\\/2022\\\/04\\\/14b.png\",\"datePublished\":\"2022-04-18T15:43:10+00:00\",\"dateModified\":\"2026-02-10T10:06:12+00:00\",\"description\":\"Pomnik VPM Nr. 14 Szeroki wyb\u00f3r pomnik\u00f3w, p\u0142yt nagrobnych i cz\u0119\u015bci. Produkty najwy\u017cszej jako\u015bci w najlepszej cenie. Zapraszamy!\",\"breadcrumb\":{\"@id\":\"https:\\\/\\\/vilniauspaminklai.lt\\\/pl\\\/produkt\\\/pomnik-dla-grobow-vpm-nr-14\\\/#breadcrumb\"},\"inLanguage\":\"pl-PL\",\"potentialAction\":[{\"@type\":\"ReadAction\",\"target\":[\"https:\\\/\\\/vilniauspaminklai.lt\\\/pl\\\/produkt\\\/pomnik-dla-grobow-vpm-nr-14\\\/\"]}]},{\"@type\":\"ImageObject\",\"inLanguage\":\"pl-PL\",\"@id\":\"https:\\\/\\\/vilniauspaminklai.lt\\\/pl\\\/produkt\\\/pomnik-dla-grobow-vpm-nr-14\\\/#primaryimage\",\"url\":\"https:\\\/\\\/vilniauspaminklai.lt\\\/wp-content\\\/uploads\\\/2022\\\/04\\\/14b.png\",\"contentUrl\":\"https:\\\/\\\/vilniauspaminklai.lt\\\/wp-content\\\/uploads\\\/2022\\\/04\\\/14b.png\",\"width\":1200,\"height\":800},{\"@type\":\"BreadcrumbList\",\"@id\":\"https:\\\/\\\/vilniauspaminklai.lt\\\/pl\\\/produkt\\\/pomnik-dla-grobow-vpm-nr-14\\\/#breadcrumb\",\"itemListElement\":[{\"@type\":\"ListItem\",\"position\":1,\"name\":\"Home\",\"item\":\"https:\\\/\\\/vilniauspaminklai.lt\\\/pl\\\/\"},{\"@type\":\"ListItem\",\"position\":2,\"name\":\"Produkty\",\"item\":\"https:\\\/\\\/vilniauspaminklai.lt\\\/pl\\\/produkty\\\/\"},{\"@type\":\"ListItem\",\"position\":3,\"name\":\"Pomnik VPM Nr. 14\"}]},{\"@type\":\"WebSite\",\"@id\":\"https:\\\/\\\/vilniauspaminklai.lt\\\/pl\\\/#website\",\"url\":\"https:\\\/\\\/vilniauspaminklai.lt\\\/pl\\\/\",\"name\":\"Vilniauspaminklai.lt\",\"description\":\"Vilniauspaminklai.lt\",\"publisher\":{\"@id\":\"https:\\\/\\\/vilniauspaminklai.lt\\\/pl\\\/#organization\"},\"potentialAction\":[{\"@type\":\"SearchAction\",\"target\":{\"@type\":\"EntryPoint\",\"urlTemplate\":\"https:\\\/\\\/vilniauspaminklai.lt\\\/pl\\\/?s={search_term_string}\"},\"query-input\":{\"@type\":\"PropertyValueSpecification\",\"valueRequired\":true,\"valueName\":\"search_term_string\"}}],\"inLanguage\":\"pl-PL\"},{\"@type\":\"Organization\",\"@id\":\"https:\\\/\\\/vilniauspaminklai.lt\\\/pl\\\/#organization\",\"name\":\"Vilniaus Paminklai\",\"url\":\"https:\\\/\\\/vilniauspaminklai.lt\\\/pl\\\/\",\"logo\":{\"@type\":\"ImageObject\",\"inLanguage\":\"pl-PL\",\"@id\":\"https:\\\/\\\/vilniauspaminklai.lt\\\/pl\\\/#\\\/schema\\\/logo\\\/image\\\/\",\"url\":\"https:\\\/\\\/vilniauspaminklai.lt\\\/wp-content\\\/uploads\\\/2025\\\/02\\\/cropped-favicon.png\",\"contentUrl\":\"https:\\\/\\\/vilniauspaminklai.lt\\\/wp-content\\\/uploads\\\/2025\\\/02\\\/cropped-favicon.png\",\"width\":512,\"height\":512,\"caption\":\"Vilniaus Paminklai\"},\"image\":{\"@id\":\"https:\\\/\\\/vilniauspaminklai.lt\\\/pl\\\/#\\\/schema\\\/logo\\\/image\\\/\"}}]}<\/script>\n<!-- \/ Yoast SEO plugin. -->","yoast_head_json":{"title":"Pomnik VPM Nr. 14 | Vilniauspaminklai.lt","description":"Pomnik VPM Nr. 14 Szeroki wyb\u00f3r pomnik\u00f3w, p\u0142yt nagrobnych i cz\u0119\u015bci. Produkty najwy\u017cszej jako\u015bci w najlepszej cenie. Zapraszamy!","robots":{"index":"index","follow":"follow","max-snippet":"max-snippet:-1","max-image-preview":"max-image-preview:large","max-video-preview":"max-video-preview:-1"},"canonical":"https:\/\/vilniauspaminklai.lt\/pl\/produkt\/pomnik-dla-grobow-vpm-nr-14\/","og_locale":"pl_PL","og_type":"article","og_title":"Pomnik VPM Nr. 14 | Vilniauspaminklai.lt","og_description":"Pomnik VPM Nr. 14 Szeroki wyb\u00f3r pomnik\u00f3w, p\u0142yt nagrobnych i cz\u0119\u015bci. Produkty najwy\u017cszej jako\u015bci w najlepszej cenie. Zapraszamy!","og_url":"https:\/\/vilniauspaminklai.lt\/pl\/produkt\/pomnik-dla-grobow-vpm-nr-14\/","og_site_name":"Vilniauspaminklai.lt","article_modified_time":"2026-02-10T10:06:12+00:00","og_image":[{"width":1200,"height":800,"url":"https:\/\/vilniauspaminklai.lt\/wp-content\/uploads\/2022\/04\/14b.png","type":"image\/png"}],"twitter_card":"summary_large_image","twitter_misc":{"Szacowany czas czytania":"1 minuta"},"schema":{"@context":"https:\/\/schema.org","@graph":[{"@type":"WebPage","@id":"https:\/\/vilniauspaminklai.lt\/pl\/produkt\/pomnik-dla-grobow-vpm-nr-14\/","url":"https:\/\/vilniauspaminklai.lt\/pl\/produkt\/pomnik-dla-grobow-vpm-nr-14\/","name":"Pomnik VPM Nr. 14 | Vilniauspaminklai.lt","isPartOf":{"@id":"https:\/\/vilniauspaminklai.lt\/pl\/#website"},"primaryImageOfPage":{"@id":"https:\/\/vilniauspaminklai.lt\/pl\/produkt\/pomnik-dla-grobow-vpm-nr-14\/#primaryimage"},"image":{"@id":"https:\/\/vilniauspaminklai.lt\/pl\/produkt\/pomnik-dla-grobow-vpm-nr-14\/#primaryimage"},"thumbnailUrl":"https:\/\/vilniauspaminklai.lt\/wp-content\/uploads\/2022\/04\/14b.png","datePublished":"2022-04-18T15:43:10+00:00","dateModified":"2026-02-10T10:06:12+00:00","description":"Pomnik VPM Nr. 14 Szeroki wyb\u00f3r pomnik\u00f3w, p\u0142yt nagrobnych i cz\u0119\u015bci. Produkty najwy\u017cszej jako\u015bci w najlepszej cenie. Zapraszamy!","breadcrumb":{"@id":"https:\/\/vilniauspaminklai.lt\/pl\/produkt\/pomnik-dla-grobow-vpm-nr-14\/#breadcrumb"},"inLanguage":"pl-PL","potentialAction":[{"@type":"ReadAction","target":["https:\/\/vilniauspaminklai.lt\/pl\/produkt\/pomnik-dla-grobow-vpm-nr-14\/"]}]},{"@type":"ImageObject","inLanguage":"pl-PL","@id":"https:\/\/vilniauspaminklai.lt\/pl\/produkt\/pomnik-dla-grobow-vpm-nr-14\/#primaryimage","url":"https:\/\/vilniauspaminklai.lt\/wp-content\/uploads\/2022\/04\/14b.png","contentUrl":"https:\/\/vilniauspaminklai.lt\/wp-content\/uploads\/2022\/04\/14b.png","width":1200,"height":800},{"@type":"BreadcrumbList","@id":"https:\/\/vilniauspaminklai.lt\/pl\/produkt\/pomnik-dla-grobow-vpm-nr-14\/#breadcrumb","itemListElement":[{"@type":"ListItem","position":1,"name":"Home","item":"https:\/\/vilniauspaminklai.lt\/pl\/"},{"@type":"ListItem","position":2,"name":"Produkty","item":"https:\/\/vilniauspaminklai.lt\/pl\/produkty\/"},{"@type":"ListItem","position":3,"name":"Pomnik VPM Nr. 14"}]},{"@type":"WebSite","@id":"https:\/\/vilniauspaminklai.lt\/pl\/#website","url":"https:\/\/vilniauspaminklai.lt\/pl\/","name":"Vilniauspaminklai.lt","description":"Vilniauspaminklai.lt","publisher":{"@id":"https:\/\/vilniauspaminklai.lt\/pl\/#organization"},"potentialAction":[{"@type":"SearchAction","target":{"@type":"EntryPoint","urlTemplate":"https:\/\/vilniauspaminklai.lt\/pl\/?s={search_term_string}"},"query-input":{"@type":"PropertyValueSpecification","valueRequired":true,"valueName":"search_term_string"}}],"inLanguage":"pl-PL"},{"@type":"Organization","@id":"https:\/\/vilniauspaminklai.lt\/pl\/#organization","name":"Vilniaus Paminklai","url":"https:\/\/vilniauspaminklai.lt\/pl\/","logo":{"@type":"ImageObject","inLanguage":"pl-PL","@id":"https:\/\/vilniauspaminklai.lt\/pl\/#\/schema\/logo\/image\/","url":"https:\/\/vilniauspaminklai.lt\/wp-content\/uploads\/2025\/02\/cropped-favicon.png","contentUrl":"https:\/\/vilniauspaminklai.lt\/wp-content\/uploads\/2025\/02\/cropped-favicon.png","width":512,"height":512,"caption":"Vilniaus Paminklai"},"image":{"@id":"https:\/\/vilniauspaminklai.lt\/pl\/#\/schema\/logo\/image\/"}}]}},"_links":{"self":[{"href":"https:\/\/vilniauspaminklai.lt\/pl\/wp-json\/wp\/v2\/product\/6419","targetHints":{"allow":["GET"]}}],"collection":[{"href":"https:\/\/vilniauspaminklai.lt\/pl\/wp-json\/wp\/v2\/product"}],"about":[{"href":"https:\/\/vilniauspaminklai.lt\/pl\/wp-json\/wp\/v2\/types\/product"}],"wp:featuredmedia":[{"embeddable":true,"href":"https:\/\/vilniauspaminklai.lt\/pl\/wp-json\/wp\/v2\/media\/6422"}],"wp:attachment":[{"href":"https:\/\/vilniauspaminklai.lt\/pl\/wp-json\/wp\/v2\/media?parent=6419"}],"wp:term":[{"taxonomy":"product_brand","embeddable":true,"href":"https:\/\/vilniauspaminklai.lt\/pl\/wp-json\/wp\/v2\/product_brand?post=6419"},{"taxonomy":"product_cat","embeddable":true,"href":"https:\/\/vilniauspaminklai.lt\/pl\/wp-json\/wp\/v2\/product_cat?post=6419"},{"taxonomy":"product_tag","embeddable":true,"href":"https:\/\/vilniauspaminklai.lt\/pl\/wp-json\/wp\/v2\/product_tag?post=6419"}],"curies":[{"name":"wp","href":"https:\/\/api.w.org\/{rel}","templated":true}]}}