{"id":6376,"date":"2022-04-18T17:39:24","date_gmt":"2022-04-18T15:39:24","guid":{"rendered":"https:\/\/vilniauspaminklai.lt\/produktas\/%d0%bf%d0%b0%d0%bc%d1%8f%d1%82%d0%bd%d0%b8%d0%ba-%d0%b4%d0%bb%d1%8f-%d0%bc%d0%be%d0%b3%d0%b8%d0%bb-vpm-no-7\/"},"modified":"2026-02-09T09:29:57","modified_gmt":"2026-02-09T07:29:57","slug":"pamjatnik-dlja-mogil-vpm-no-7","status":"publish","type":"product","link":"https:\/\/vilniauspaminklai.lt\/ru\/produkt\/pamjatnik-dlja-mogil-vpm-no-7\/","title":{"rendered":"\u041f\u0430\u043c\u044f\u0442\u043d\u0438\u043a VPM \u2116 7"},"content":{"rendered":"<div class=\"wpb-content-wrapper\"><p>[vc_row][vc_column][vc_column_text css=&#187;&#187;]\u0414\u0438\u0437\u0430\u0439\u043d \u043a\u0430\u0436\u0434\u043e\u0433\u043e \u043f\u0430\u043c\u044f\u0442\u043d\u0438\u043a\u0430 \u0438 \u043c\u043e\u0433\u0438\u043b\u044b \u043c\u043e\u0436\u0435\u0442 \u0431\u044b\u0442\u044c \u0440\u0430\u0437\u0440\u0430\u0431\u043e\u0442\u0430\u043d \u0432 \u0441\u043e\u043e\u0442\u0432\u0435\u0442\u0441\u0442\u0432\u0438\u0438 \u0441 \u0412\u0430\u0448\u0438\u043c\u0438 \u043f\u043e\u0442\u0440\u0435\u0431\u043d\u043e\u0441\u0442\u044f\u043c\u0438, \u0441\u043e\u0437\u0434\u0430\u0432\u0430\u044f \u0438\u043d\u0434\u0438\u0432\u0438\u0434\u0443\u0430\u043b\u044c\u043d\u043e\u0435 \u043f\u0440\u0435\u0434\u043b\u043e\u0436\u0435\u043d\u0438\u0435. \u041c\u044b \u0440\u0430\u0437\u0440\u0430\u0431\u0430\u0442\u044b\u0432\u0430\u0435\u043c \u0438 \u0441\u043e\u0437\u0434\u0430\u0435\u043c \u0432\u0438\u0437\u0443\u0430\u043b\u0438\u0437\u0430\u0446\u0438\u0438 \u043c\u043e\u0433\u0438\u043b, \u0442\u0430\u043a \u0447\u0442\u043e \u0412\u044b \u043c\u043e\u0436\u0435\u0442\u0435 \u0443\u0432\u0438\u0434\u0435\u0442\u044c \u0434\u0438\u0437\u0430\u0439\u043d \u043c\u043e\u0433\u0438\u043b\u044b \u0435\u0449\u0435 \u0434\u043e \u0442\u043e\u0433\u043e, \u043a\u0430\u043a \u0412\u0430\u0448\u0430 \u0438\u0434\u0435\u044f \u0431\u0443\u0434\u0435\u0442 \u0432\u043e\u043f\u043b\u043e\u0449\u0435\u043d\u0430 \u0432 \u0436\u0438\u0437\u043d\u044c.[\/vc_column_text][\/vc_column][\/vc_row]<\/p>\n<\/div>","protected":false},"excerpt":{"rendered":"<p>\u0412\u044b\u0441\u043e\u043a\u043e\u043a\u0430\u0447\u0435\u0441\u0442\u0432\u0435\u043d\u043d\u043e\u0435 \u0438\u0437\u0433\u043e\u0442\u043e\u0432\u043b\u0435\u043d\u0438\u0435 \u043f\u0430\u043c\u044f\u0442\u043d\u0438\u043a\u043e\u0432 \u0432 \u0412\u0438\u043b\u044c\u043d\u044e\u0441\u0435. \u0427\u0435\u0440\u043d\u044b\u0435 \u0438 \u043a\u043e\u0440\u0438\u0447\u043d\u0435\u0432\u044b\u0435 \u0433\u0440\u0430\u043d\u0438\u0442\u043d\u044b\u0435 \u043d\u0430\u0434\u0433\u0440\u043e\u0431\u0438\u044f \u2014 \u044d\u043b\u0435\u0433\u0430\u043d\u0442\u043d\u044b\u0439, \u043f\u0440\u043e\u0447\u043d\u044b\u0439 \u0438 \u0434\u043e\u043b\u0433\u043e\u0432\u0435\u0447\u043d\u044b\u0439 \u0432\u044b\u0431\u043e\u0440 \u0434\u043b\u044f \u043e\u0431\u0443\u0441\u0442\u0440\u043e\u0439\u0441\u0442\u0432\u0430 \u043c\u043e\u0433\u0438\u043b.<\/p>\n","protected":false},"featured_media":6381,"template":"","meta":{"_acf_changed":false,"inline_featured_image":false},"product_brand":[],"product_cat":[120],"product_tag":[],"class_list":{"0":"post-6376","1":"product","2":"type-product","3":"status-publish","4":"has-post-thumbnail","6":"product_cat-pamjatniki-nadgrobija","8":"first","9":"instock","10":"featured","11":"shipping-taxable","12":"purchasable","13":"product-type-simple"},"acf":[],"yoast_head":"<!-- This site is optimized with the Yoast SEO plugin v27.3 - https:\/\/yoast.com\/product\/yoast-seo-wordpress\/ -->\n<title>\u041f\u0430\u043c\u044f\u0442\u043d\u0438\u043a VPM \u2116 7 | Vilniauspaminklai.lt<\/title>\n<meta name=\"description\" content=\"Paminklas VPM Nr. 7 juodo ir rudai margo granito. Platus paminkl\u0173, kap\u0173 plok\u0161\u010di\u0173 ir j\u0173 dali\u0173 pasirinkimas. Auk\u0161\u010diausi\u0105 gamini\u0173 kokyb\u0117 u\u017e geriausi\u0105 kain\u0105!\" \/>\n<meta name=\"robots\" content=\"index, follow, max-snippet:-1, max-image-preview:large, max-video-preview:-1\" \/>\n<link rel=\"canonical\" href=\"https:\/\/vilniauspaminklai.lt\/ru\/produkt\/pamjatnik-dlja-mogil-vpm-no-7\/\" \/>\n<meta property=\"og:locale\" content=\"ru_RU\" \/>\n<meta property=\"og:type\" content=\"article\" \/>\n<meta property=\"og:title\" content=\"\u041f\u0430\u043c\u044f\u0442\u043d\u0438\u043a VPM \u2116 7 | Vilniauspaminklai.lt\" \/>\n<meta property=\"og:description\" content=\"Paminklas VPM Nr. 7 juodo ir rudai margo granito. Platus paminkl\u0173, kap\u0173 plok\u0161\u010di\u0173 ir j\u0173 dali\u0173 pasirinkimas. Auk\u0161\u010diausi\u0105 gamini\u0173 kokyb\u0117 u\u017e geriausi\u0105 kain\u0105!\" \/>\n<meta property=\"og:url\" content=\"https:\/\/vilniauspaminklai.lt\/ru\/produkt\/pamjatnik-dlja-mogil-vpm-no-7\/\" \/>\n<meta property=\"og:site_name\" content=\"Vilniauspaminklai.lt\" \/>\n<meta property=\"article:modified_time\" content=\"2026-02-09T07:29:57+00:00\" \/>\n<meta property=\"og:image\" content=\"https:\/\/vilniauspaminklai.lt\/wp-content\/uploads\/2022\/04\/7b.png\" \/>\n\t<meta property=\"og:image:width\" content=\"1200\" \/>\n\t<meta property=\"og:image:height\" content=\"800\" \/>\n\t<meta property=\"og:image:type\" content=\"image\/png\" \/>\n<meta name=\"twitter:card\" content=\"summary_large_image\" \/>\n<meta name=\"twitter:label1\" content=\"\u041f\u0440\u0438\u043c\u0435\u0440\u043d\u043e\u0435 \u0432\u0440\u0435\u043c\u044f \u0434\u043b\u044f \u0447\u0442\u0435\u043d\u0438\u044f\" \/>\n\t<meta name=\"twitter:data1\" content=\"1 \u043c\u0438\u043d\u0443\u0442\u0430\" \/>\n<script type=\"application\/ld+json\" class=\"yoast-schema-graph\">{\"@context\":\"https:\\\/\\\/schema.org\",\"@graph\":[{\"@type\":\"WebPage\",\"@id\":\"https:\\\/\\\/vilniauspaminklai.lt\\\/ru\\\/produkt\\\/pamjatnik-dlja-mogil-vpm-no-7\\\/\",\"url\":\"https:\\\/\\\/vilniauspaminklai.lt\\\/ru\\\/produkt\\\/pamjatnik-dlja-mogil-vpm-no-7\\\/\",\"name\":\"\u041f\u0430\u043c\u044f\u0442\u043d\u0438\u043a VPM \u2116 7 | Vilniauspaminklai.lt\",\"isPartOf\":{\"@id\":\"https:\\\/\\\/vilniauspaminklai.lt\\\/ru\\\/#website\"},\"primaryImageOfPage\":{\"@id\":\"https:\\\/\\\/vilniauspaminklai.lt\\\/ru\\\/produkt\\\/pamjatnik-dlja-mogil-vpm-no-7\\\/#primaryimage\"},\"image\":{\"@id\":\"https:\\\/\\\/vilniauspaminklai.lt\\\/ru\\\/produkt\\\/pamjatnik-dlja-mogil-vpm-no-7\\\/#primaryimage\"},\"thumbnailUrl\":\"https:\\\/\\\/vilniauspaminklai.lt\\\/wp-content\\\/uploads\\\/2022\\\/04\\\/7b.png\",\"datePublished\":\"2022-04-18T15:39:24+00:00\",\"dateModified\":\"2026-02-09T07:29:57+00:00\",\"description\":\"Paminklas VPM Nr. 7 juodo ir rudai margo granito. Platus paminkl\u0173, kap\u0173 plok\u0161\u010di\u0173 ir j\u0173 dali\u0173 pasirinkimas. Auk\u0161\u010diausi\u0105 gamini\u0173 kokyb\u0117 u\u017e geriausi\u0105 kain\u0105!\",\"breadcrumb\":{\"@id\":\"https:\\\/\\\/vilniauspaminklai.lt\\\/ru\\\/produkt\\\/pamjatnik-dlja-mogil-vpm-no-7\\\/#breadcrumb\"},\"inLanguage\":\"ru-RU\",\"potentialAction\":[{\"@type\":\"ReadAction\",\"target\":[\"https:\\\/\\\/vilniauspaminklai.lt\\\/ru\\\/produkt\\\/pamjatnik-dlja-mogil-vpm-no-7\\\/\"]}]},{\"@type\":\"ImageObject\",\"inLanguage\":\"ru-RU\",\"@id\":\"https:\\\/\\\/vilniauspaminklai.lt\\\/ru\\\/produkt\\\/pamjatnik-dlja-mogil-vpm-no-7\\\/#primaryimage\",\"url\":\"https:\\\/\\\/vilniauspaminklai.lt\\\/wp-content\\\/uploads\\\/2022\\\/04\\\/7b.png\",\"contentUrl\":\"https:\\\/\\\/vilniauspaminklai.lt\\\/wp-content\\\/uploads\\\/2022\\\/04\\\/7b.png\",\"width\":1200,\"height\":800,\"caption\":\"\u043f\u0430\u043c\u044f\u0442\u043d\u0438\u043a\u0438 \u043d\u0430 \u043a\u043b\u0430\u0434\u0431\u0438\u0449\u0435 \u0432 \u0412\u0438\u043b\u044c\u043d\u044e\u0441\u0435\"},{\"@type\":\"BreadcrumbList\",\"@id\":\"https:\\\/\\\/vilniauspaminklai.lt\\\/ru\\\/produkt\\\/pamjatnik-dlja-mogil-vpm-no-7\\\/#breadcrumb\",\"itemListElement\":[{\"@type\":\"ListItem\",\"position\":1,\"name\":\"Home\",\"item\":\"https:\\\/\\\/vilniauspaminklai.lt\\\/ru\\\/\"},{\"@type\":\"ListItem\",\"position\":2,\"name\":\"\u041f\u0440\u043e\u0434\u0443\u043a\u0442\u044b\",\"item\":\"https:\\\/\\\/vilniauspaminklai.lt\\\/ru\\\/produkty\\\/\"},{\"@type\":\"ListItem\",\"position\":3,\"name\":\"\u041f\u0430\u043c\u044f\u0442\u043d\u0438\u043a VPM \u2116 7\"}]},{\"@type\":\"WebSite\",\"@id\":\"https:\\\/\\\/vilniauspaminklai.lt\\\/ru\\\/#website\",\"url\":\"https:\\\/\\\/vilniauspaminklai.lt\\\/ru\\\/\",\"name\":\"Vilniauspaminklai.lt\",\"description\":\"Vilniauspaminklai.lt\",\"publisher\":{\"@id\":\"https:\\\/\\\/vilniauspaminklai.lt\\\/ru\\\/#organization\"},\"potentialAction\":[{\"@type\":\"SearchAction\",\"target\":{\"@type\":\"EntryPoint\",\"urlTemplate\":\"https:\\\/\\\/vilniauspaminklai.lt\\\/ru\\\/?s={search_term_string}\"},\"query-input\":{\"@type\":\"PropertyValueSpecification\",\"valueRequired\":true,\"valueName\":\"search_term_string\"}}],\"inLanguage\":\"ru-RU\"},{\"@type\":\"Organization\",\"@id\":\"https:\\\/\\\/vilniauspaminklai.lt\\\/ru\\\/#organization\",\"name\":\"Vilniaus Paminklai\",\"url\":\"https:\\\/\\\/vilniauspaminklai.lt\\\/ru\\\/\",\"logo\":{\"@type\":\"ImageObject\",\"inLanguage\":\"ru-RU\",\"@id\":\"https:\\\/\\\/vilniauspaminklai.lt\\\/ru\\\/#\\\/schema\\\/logo\\\/image\\\/\",\"url\":\"https:\\\/\\\/vilniauspaminklai.lt\\\/wp-content\\\/uploads\\\/2025\\\/02\\\/cropped-favicon.png\",\"contentUrl\":\"https:\\\/\\\/vilniauspaminklai.lt\\\/wp-content\\\/uploads\\\/2025\\\/02\\\/cropped-favicon.png\",\"width\":512,\"height\":512,\"caption\":\"Vilniaus Paminklai\"},\"image\":{\"@id\":\"https:\\\/\\\/vilniauspaminklai.lt\\\/ru\\\/#\\\/schema\\\/logo\\\/image\\\/\"}}]}<\/script>\n<!-- \/ Yoast SEO plugin. -->","yoast_head_json":{"title":"\u041f\u0430\u043c\u044f\u0442\u043d\u0438\u043a VPM \u2116 7 | Vilniauspaminklai.lt","description":"Paminklas VPM Nr. 7 juodo ir rudai margo granito. Platus paminkl\u0173, kap\u0173 plok\u0161\u010di\u0173 ir j\u0173 dali\u0173 pasirinkimas. Auk\u0161\u010diausi\u0105 gamini\u0173 kokyb\u0117 u\u017e geriausi\u0105 kain\u0105!","robots":{"index":"index","follow":"follow","max-snippet":"max-snippet:-1","max-image-preview":"max-image-preview:large","max-video-preview":"max-video-preview:-1"},"canonical":"https:\/\/vilniauspaminklai.lt\/ru\/produkt\/pamjatnik-dlja-mogil-vpm-no-7\/","og_locale":"ru_RU","og_type":"article","og_title":"\u041f\u0430\u043c\u044f\u0442\u043d\u0438\u043a VPM \u2116 7 | Vilniauspaminklai.lt","og_description":"Paminklas VPM Nr. 7 juodo ir rudai margo granito. Platus paminkl\u0173, kap\u0173 plok\u0161\u010di\u0173 ir j\u0173 dali\u0173 pasirinkimas. Auk\u0161\u010diausi\u0105 gamini\u0173 kokyb\u0117 u\u017e geriausi\u0105 kain\u0105!","og_url":"https:\/\/vilniauspaminklai.lt\/ru\/produkt\/pamjatnik-dlja-mogil-vpm-no-7\/","og_site_name":"Vilniauspaminklai.lt","article_modified_time":"2026-02-09T07:29:57+00:00","og_image":[{"width":1200,"height":800,"url":"https:\/\/vilniauspaminklai.lt\/wp-content\/uploads\/2022\/04\/7b.png","type":"image\/png"}],"twitter_card":"summary_large_image","twitter_misc":{"\u041f\u0440\u0438\u043c\u0435\u0440\u043d\u043e\u0435 \u0432\u0440\u0435\u043c\u044f \u0434\u043b\u044f \u0447\u0442\u0435\u043d\u0438\u044f":"1 \u043c\u0438\u043d\u0443\u0442\u0430"},"schema":{"@context":"https:\/\/schema.org","@graph":[{"@type":"WebPage","@id":"https:\/\/vilniauspaminklai.lt\/ru\/produkt\/pamjatnik-dlja-mogil-vpm-no-7\/","url":"https:\/\/vilniauspaminklai.lt\/ru\/produkt\/pamjatnik-dlja-mogil-vpm-no-7\/","name":"\u041f\u0430\u043c\u044f\u0442\u043d\u0438\u043a VPM \u2116 7 | Vilniauspaminklai.lt","isPartOf":{"@id":"https:\/\/vilniauspaminklai.lt\/ru\/#website"},"primaryImageOfPage":{"@id":"https:\/\/vilniauspaminklai.lt\/ru\/produkt\/pamjatnik-dlja-mogil-vpm-no-7\/#primaryimage"},"image":{"@id":"https:\/\/vilniauspaminklai.lt\/ru\/produkt\/pamjatnik-dlja-mogil-vpm-no-7\/#primaryimage"},"thumbnailUrl":"https:\/\/vilniauspaminklai.lt\/wp-content\/uploads\/2022\/04\/7b.png","datePublished":"2022-04-18T15:39:24+00:00","dateModified":"2026-02-09T07:29:57+00:00","description":"Paminklas VPM Nr. 7 juodo ir rudai margo granito. Platus paminkl\u0173, kap\u0173 plok\u0161\u010di\u0173 ir j\u0173 dali\u0173 pasirinkimas. Auk\u0161\u010diausi\u0105 gamini\u0173 kokyb\u0117 u\u017e geriausi\u0105 kain\u0105!","breadcrumb":{"@id":"https:\/\/vilniauspaminklai.lt\/ru\/produkt\/pamjatnik-dlja-mogil-vpm-no-7\/#breadcrumb"},"inLanguage":"ru-RU","potentialAction":[{"@type":"ReadAction","target":["https:\/\/vilniauspaminklai.lt\/ru\/produkt\/pamjatnik-dlja-mogil-vpm-no-7\/"]}]},{"@type":"ImageObject","inLanguage":"ru-RU","@id":"https:\/\/vilniauspaminklai.lt\/ru\/produkt\/pamjatnik-dlja-mogil-vpm-no-7\/#primaryimage","url":"https:\/\/vilniauspaminklai.lt\/wp-content\/uploads\/2022\/04\/7b.png","contentUrl":"https:\/\/vilniauspaminklai.lt\/wp-content\/uploads\/2022\/04\/7b.png","width":1200,"height":800,"caption":"\u043f\u0430\u043c\u044f\u0442\u043d\u0438\u043a\u0438 \u043d\u0430 \u043a\u043b\u0430\u0434\u0431\u0438\u0449\u0435 \u0432 \u0412\u0438\u043b\u044c\u043d\u044e\u0441\u0435"},{"@type":"BreadcrumbList","@id":"https:\/\/vilniauspaminklai.lt\/ru\/produkt\/pamjatnik-dlja-mogil-vpm-no-7\/#breadcrumb","itemListElement":[{"@type":"ListItem","position":1,"name":"Home","item":"https:\/\/vilniauspaminklai.lt\/ru\/"},{"@type":"ListItem","position":2,"name":"\u041f\u0440\u043e\u0434\u0443\u043a\u0442\u044b","item":"https:\/\/vilniauspaminklai.lt\/ru\/produkty\/"},{"@type":"ListItem","position":3,"name":"\u041f\u0430\u043c\u044f\u0442\u043d\u0438\u043a VPM \u2116 7"}]},{"@type":"WebSite","@id":"https:\/\/vilniauspaminklai.lt\/ru\/#website","url":"https:\/\/vilniauspaminklai.lt\/ru\/","name":"Vilniauspaminklai.lt","description":"Vilniauspaminklai.lt","publisher":{"@id":"https:\/\/vilniauspaminklai.lt\/ru\/#organization"},"potentialAction":[{"@type":"SearchAction","target":{"@type":"EntryPoint","urlTemplate":"https:\/\/vilniauspaminklai.lt\/ru\/?s={search_term_string}"},"query-input":{"@type":"PropertyValueSpecification","valueRequired":true,"valueName":"search_term_string"}}],"inLanguage":"ru-RU"},{"@type":"Organization","@id":"https:\/\/vilniauspaminklai.lt\/ru\/#organization","name":"Vilniaus Paminklai","url":"https:\/\/vilniauspaminklai.lt\/ru\/","logo":{"@type":"ImageObject","inLanguage":"ru-RU","@id":"https:\/\/vilniauspaminklai.lt\/ru\/#\/schema\/logo\/image\/","url":"https:\/\/vilniauspaminklai.lt\/wp-content\/uploads\/2025\/02\/cropped-favicon.png","contentUrl":"https:\/\/vilniauspaminklai.lt\/wp-content\/uploads\/2025\/02\/cropped-favicon.png","width":512,"height":512,"caption":"Vilniaus Paminklai"},"image":{"@id":"https:\/\/vilniauspaminklai.lt\/ru\/#\/schema\/logo\/image\/"}}]}},"_links":{"self":[{"href":"https:\/\/vilniauspaminklai.lt\/ru\/wp-json\/wp\/v2\/product\/6376","targetHints":{"allow":["GET"]}}],"collection":[{"href":"https:\/\/vilniauspaminklai.lt\/ru\/wp-json\/wp\/v2\/product"}],"about":[{"href":"https:\/\/vilniauspaminklai.lt\/ru\/wp-json\/wp\/v2\/types\/product"}],"wp:featuredmedia":[{"embeddable":true,"href":"https:\/\/vilniauspaminklai.lt\/ru\/wp-json\/wp\/v2\/media\/6381"}],"wp:attachment":[{"href":"https:\/\/vilniauspaminklai.lt\/ru\/wp-json\/wp\/v2\/media?parent=6376"}],"wp:term":[{"taxonomy":"product_brand","embeddable":true,"href":"https:\/\/vilniauspaminklai.lt\/ru\/wp-json\/wp\/v2\/product_brand?post=6376"},{"taxonomy":"product_cat","embeddable":true,"href":"https:\/\/vilniauspaminklai.lt\/ru\/wp-json\/wp\/v2\/product_cat?post=6376"},{"taxonomy":"product_tag","embeddable":true,"href":"https:\/\/vilniauspaminklai.lt\/ru\/wp-json\/wp\/v2\/product_tag?post=6376"}],"curies":[{"name":"wp","href":"https:\/\/api.w.org\/{rel}","templated":true}]}}